{"id":1136,"date":"2019-04-16T15:02:40","date_gmt":"2019-04-16T15:02:40","guid":{"rendered":"https:\/\/staging.toursprung.com\/?page_id=1136"},"modified":"2026-03-03T14:16:04","modified_gmt":"2026-03-03T14:16:04","slug":"impressum","status":"publish","type":"page","link":"https:\/\/www.maptoolkit.com\/de\/impressum\/","title":{"rendered":"Impressum"},"content":{"rendered":"\n<div class=\"gbp-section\">\n<h1 class=\"gb-text gb-text-7cc2011c\"><strong>Impressum<\/strong><\/h1>\r\n\n\n\n<div class=\"gb-element-7528d362\">\n<div class=\"gb-element-3d4d4521\">\n<h2 class=\"gb-text gb-text-b230aa10\">HQ \u00d6sterreich<\/h2>\r\n\n\n\n<p class=\"gb-text\">Toursprung GmbH<br>Mariahilferstrasse 93\/20<br>1060 Wien<\/p>\r\n\n\n\n<p class=\"gb-text\">UID: ATU67281014<br>Firmenbuchnummer: FN 432876h (Trade court Vienna)<br>GISA-Zahl: 37017071<br>Gesch\u00e4ftsf\u00fchrer: Helge Fahrnberger<\/p>\r\n<\/div>\n\n\n\n<div class=\"gb-element-90206339\">\n<h2 class=\"gb-text gb-text-67751e05\">B\u00fcro Deutschland<\/h2>\r\n\n\n\n<p class=\"gb-text\">Toursprung GmbH<br>Fritz-Arnold-Str. 16<br>78467 Konstanz<\/p>\r\n\n\n\n<p class=\"gb-text\">UID: DE263386141<br>Handelsregisternummer: HRB 703095 (Handelsregister Freiburg)<br>Gesch\u00e4ftsf\u00fchrer: Helge Fahrnberger<\/p>\r\n<\/div>\n<\/div>\n<\/div>\n\n<div class=\"gb-element-dc6ed826\">\n<div class=\"gbp-section gb-element-6297c444\">\n<h2 class=\"gb-text gb-text-d565c6cd\"><strong>Kontaktieren Sie uns:<\/strong><\/h2>\r\n\n\n\n<p class=\"gb-text gb-text-8c3d47fa\">Sie haben Bedarf an Kartografie oder Geotechnologie? Kontaktieren Sie uns.<br>Wir beantworten gerne Ihre Fragen und unterst\u00fctzen Ihr Projekt.<\/p>\r\n\n\n\n<div class=\"gb-element-df3864fe\">\n<div class=\"gb-element-56ed31c5\">\n<a class=\"gb-text-0d43b862\"><span class=\"gb-shape\"><svg aria-hidden=\"true\" role=\"img\" height=\"1em\" width=\"1em\" viewBox=\"0 0 512 512\" xmlns=\"http:\/\/www.w3.org\/2000\/svg\"><path fill=\"currentColor\" d=\"M464 64H48C21.49 64 0 85.49 0 112v288c0 26.51 21.49 48 48 48h416c26.51 0 48-21.49 48-48V112c0-26.51-21.49-48-48-48zm0 48v40.805c-22.422 18.259-58.168 46.651-134.587 106.49-16.841 13.247-50.201 45.072-73.413 44.701-23.208.375-56.579-31.459-73.413-44.701C106.18 199.465 70.425 171.067 48 152.805V112h416zM48 400V214.398c22.914 18.251 55.409 43.862 104.938 82.646 21.857 17.205 60.134 55.186 103.062 54.955 42.717.231 80.509-37.199 103.053-54.947 49.528-38.783 82.032-64.401 104.947-82.653V400H48z\"><\/path><\/svg><\/span><\/a>\r\n\n\n\n<h4 class=\"gb-text gb-text-bd6c914b\">Fragen?<\/h4>\r\n\n\n\n<p class=\"gb-text\"><a href=\"mailto:buero@maptoolkit.com\">buero@maptoolkit.com<\/a><\/p>\r\n<\/div>\n\n\n\n<div class=\"gb-element-71309b35\">\n<a class=\"gb-text-e464eee9\"><span class=\"gb-shape\"><svg aria-hidden=\"true\" role=\"img\" height=\"1em\" width=\"1em\" viewBox=\"0 0 512 512\" xmlns=\"http:\/\/www.w3.org\/2000\/svg\"><path fill=\"currentColor\" d=\"M493.4 24.6l-104-24c-11.3-2.6-22.9 3.3-27.5 13.9l-48 112c-4.2 9.8-1.4 21.3 6.9 28l60.6 49.6c-36 76.7-98.9 140.5-177.2 177.2l-49.6-60.6c-6.8-8.3-18.2-11.1-28-6.9l-112 48C3.9 366.5-2 378.1.6 389.4l24 104C27.1 504.2 36.7 512 48 512c256.1 0 464-207.5 464-464 0-11.2-7.7-20.9-18.6-23.4z\"><\/path><\/svg><\/span><\/a>\r\n\n\n\n<h4 class=\"gb-text gb-text-71b299ce\">Rufen Sie uns an!<\/h4>\r\n\n\n\n<p class=\"gb-text gb-text-3f2e9449\"><a href=\"tel:+43 1 2676161\">+43 1 2676161<\/a><\/p>\r\n<\/div>\n<\/div>\n<\/div>\n<\/div>\n","protected":false},"excerpt":{"rendered":"<p>Impressum HQ \u00d6sterreich Toursprung GmbHMariahilferstrasse 93\/201060 Wien UID: ATU67281014Firmenbuchnummer: FN 432876h (Trade court Vienna)GISA-Zahl: 37017071Gesch\u00e4ftsf\u00fchrer: Helge Fahrnberger B\u00fcro Deutschland Toursprung &#8230; <\/p>\n<p class=\"read-more-container\"><a title=\"Impressum\" class=\"read-more button\" href=\"https:\/\/www.maptoolkit.com\/de\/impressum\/#more-1136\" aria-label=\"Mehr Informationen \u00fcber Impressum\">Weiterlesen &#8230;<\/a><\/p>\n","protected":false},"author":4,"featured_media":0,"parent":0,"menu_order":8,"comment_status":"closed","ping_status":"closed","template":"","meta":{"footnotes":""},"class_list":["post-1136","page","type-page","status-publish"],"_links":{"self":[{"href":"https:\/\/www.maptoolkit.com\/de\/wp-json\/wp\/v2\/pages\/1136","targetHints":{"allow":["GET"]}}],"collection":[{"href":"https:\/\/www.maptoolkit.com\/de\/wp-json\/wp\/v2\/pages"}],"about":[{"href":"https:\/\/www.maptoolkit.com\/de\/wp-json\/wp\/v2\/types\/page"}],"author":[{"embeddable":true,"href":"https:\/\/www.maptoolkit.com\/de\/wp-json\/wp\/v2\/users\/4"}],"replies":[{"embeddable":true,"href":"https:\/\/www.maptoolkit.com\/de\/wp-json\/wp\/v2\/comments?post=1136"}],"version-history":[{"count":2,"href":"https:\/\/www.maptoolkit.com\/de\/wp-json\/wp\/v2\/pages\/1136\/revisions"}],"predecessor-version":[{"id":6432,"href":"https:\/\/www.maptoolkit.com\/de\/wp-json\/wp\/v2\/pages\/1136\/revisions\/6432"}],"wp:attachment":[{"href":"https:\/\/www.maptoolkit.com\/de\/wp-json\/wp\/v2\/media?parent=1136"}],"curies":[{"name":"wp","href":"https:\/\/api.w.org\/{rel}","templated":true}]}}