{"id":1802,"date":"2022-05-10T11:05:23","date_gmt":"2022-05-10T11:05:23","guid":{"rendered":"https:\/\/www.maptoolkit.com\/doc\/routing\/data-connector\/"},"modified":"2025-12-03T15:56:17","modified_gmt":"2025-12-03T15:56:17","slug":"data-connectors","status":"publish","type":"page","link":"https:\/\/www.maptoolkit.com\/de\/api\/data-connectors\/","title":{"rendered":"Data Connectors"},"content":{"rendered":"<div class=\"gb-container gb-container-5e7deca8 gbp-section\">\n\n<h1 class=\"gb-headline gb-headline-61028ff4 gb-headline-text\">Data Connectors<\/h1>\r\n\n\n\n<h3 class=\"gb-headline gb-headline-fb09d471 gb-headline-text\">Was sind MTK Data Connectors?<\/h3>\n\n\n\n<p class=\"gb-headline gb-headline-21970c95 gb-headline-text\">Angenommen, Sie haben bereits eine Suchtechnologie, die jedoch nur Ergebnisse in Listenform ausgibt. Oder wenn sie Standorte\/Karten ausgibt, sind diese sehr einfach. Sie m\u00f6chten mehr erreichen, Sie m\u00f6chten sich vollst\u00e4ndig auf Vektor-Kartografie konzentrieren. Sie m\u00f6chten automatisch statische Karten oder H\u00f6henprofile oder andere Geodaten zu Ihren Daten hinzuf\u00fcgen. Sie m\u00f6chten Tausende oder Zehntausende von Geodaten auf einer Karte anzeigen. Sie m\u00f6chten die erweiterten Filterfunktionen Ihrer vorhandenen Technologie nutzen, aber auf einer Karte. Und sofort, in voller Geschwindigkeit.<\/p>\n\n\n\n<p class=\"gb-headline gb-headline-4300a4ed gb-headline-text\">Daf\u00fcr sind die Maptoolkit Data Connectors da. Sie f\u00fcgen Ihrer vorhandenen Suchtechnologie eine vollst\u00e4ndige Vektor-Karten-Ausgabe hinzu, unabh\u00e4ngig davon, welche. Die perfekte Kombination der Volltext- und Filterfunktionen Ihrer vorhandenen Technologie mit den Geschwindigkeits- und Datenverbesserungsfunktionen des alten Maptoolkit Geodaten-Hostings. Und das Beste daran: Die Verbindung Ihrer Daten dauert in den meisten F\u00e4llen nur wenige Minuten.<\/p>\n\n\n\n<p class=\"gb-headline gb-headline-374dfdb6 gb-headline-text\">Data Connectors sind eine Funktion f\u00fcr Kunden von Maptoolkit Enterprise. Details siehe <a href=\"\/de\/preise\">Maptoolkit Preise<\/a>.<\/p>\n\n\n\n<h3 class=\"gb-headline gb-headline-f5f410ac gb-headline-text\">Mit welchen Technologien funktionieren die MTK Data Connectors?<\/h3>\n\n\n\n<p class=\"gb-headline gb-headline-cce4b0d9 gb-headline-text\">Maptoolkit Data Connectors k\u00f6nnen f\u00fcr sehr vielen Technologien verwendet werden. Alles was es dazu braucht ist ein strukturiertes, URL-basiertes Interface, dass die Geodaten ausgeben kann. Maptoolkit k\u00fcmmert sich um den Rest &#8211; Caching, Vector Tiles, Anreichern von Daten, etc. passiert \u00fcber automatisch \u00fcber die Maptookit Server.<\/p>\n\n\n\n<figure class=\"gb-block-image gb-block-image-b2fdbb8c\"><img loading=\"lazy\" decoding=\"async\" width=\"960\" height=\"540\" class=\"gb-image gb-image-b2fdbb8c\" title=\"Data-Connector-Technologies\" src=\"https:\/\/www.maptoolkit.com\/wp-content\/uploads\/2022\/05\/Data-Connector-Technologies.png\" alt=\"\" srcset=\"https:\/\/www.maptoolkit.com\/wp-content\/uploads\/2022\/05\/Data-Connector-Technologies.png 960w, https:\/\/www.maptoolkit.com\/wp-content\/uploads\/2022\/05\/Data-Connector-Technologies-300x169.png 300w, https:\/\/www.maptoolkit.com\/wp-content\/uploads\/2022\/05\/Data-Connector-Technologies-768x432.png 768w, https:\/\/www.maptoolkit.com\/wp-content\/uploads\/2022\/05\/Data-Connector-Technologies-260x146.png 260w, https:\/\/www.maptoolkit.com\/wp-content\/uploads\/2022\/05\/Data-Connector-Technologies-50x28.png 50w, https:\/\/www.maptoolkit.com\/wp-content\/uploads\/2022\/05\/Data-Connector-Technologies-133x75.png 133w\" sizes=\"auto, (max-width: 960px) 100vw, 960px\" \/><\/figure>\n\n\n\n<h3 class=\"gb-headline gb-headline-5ccf347e gb-headline-text\">So funktionieren MTK Data Connectors\r\n<\/h3>\n\n\n\n<p class=\"gb-text\">Stellen Sie sich eine Konfiguration vor bei der ein Solr-Server (oder eine \u00e4hnliche Technologie) Daten basierend auf Filtern und\/oder Volltextsuche ausgibt:\r\n<\/p>\n\n\n\n<h5 class=\"gb-headline gb-headline-31faa44a gb-headline-text\">Setup ohne MTK Data Connector:<\/h5>\n\n\n\n<figure class=\"gb-block-image gb-block-image-f8584979\"><img loading=\"lazy\" decoding=\"async\" width=\"448\" height=\"220\" class=\"gb-image gb-image-f8584979\" title=\"data-connector_workflow\" src=\"https:\/\/www.maptoolkit.com\/wp-content\/uploads\/2022\/05\/data-connector_workflow.png\" alt=\"\" srcset=\"https:\/\/www.maptoolkit.com\/wp-content\/uploads\/2022\/05\/data-connector_workflow.png 448w, https:\/\/www.maptoolkit.com\/wp-content\/uploads\/2022\/05\/data-connector_workflow-300x147.png 300w, https:\/\/www.maptoolkit.com\/wp-content\/uploads\/2022\/05\/data-connector_workflow-260x128.png 260w, https:\/\/www.maptoolkit.com\/wp-content\/uploads\/2022\/05\/data-connector_workflow-50x25.png 50w, https:\/\/www.maptoolkit.com\/wp-content\/uploads\/2022\/05\/data-connector_workflow-150x75.png 150w\" sizes=\"auto, (max-width: 448px) 100vw, 448px\" \/><\/figure>\n\n\n\n<p class=\"gb-headline gb-headline-ca7ef835 gb-headline-text\">Mit dem einmaligen Setup eines MTK Data Connectors (das in wenigen Minuten erledigt sein sollte) k\u00f6nnen Sie Ihrem Listenansichten eine Vektor-Tile-Ansicht hinzuf\u00fcgen, ohne sich um Skalierung (es sind Zehntausende von Elementen m\u00f6glich) und Zwischenspeicherung k\u00fcmmern zu m\u00fcssen. Maptoolkit spiegelt und zwischenspeichert Ihre Daten automatisch. Auch die Generierung von Metadaten (H\u00f6he, Entfernung, H\u00f6henprofile, statische Karten usw.) wird automatisch durchgef\u00fchrt. Filterung und\/oder Volltextsuche werden von Ihrer vorhandenen Technologie verwaltet. Die Abfrage wird von der vorhandenen Abfrage-URL und den Abfrageparametern bearbeitet. Alles ist bereits vorhanden, Sie m\u00fcssen sich nur noch um das Aussehen k\u00fcmmern.<\/p>\n\n\n\n<h5 class=\"gb-headline gb-headline-5edccd6e gb-headline-text\">Setup mit MTK Data Connector:\r\n<\/h5>\n\n\n\n<figure class=\"gb-block-image gb-block-image-e6c27787\"><img loading=\"lazy\" decoding=\"async\" width=\"632\" height=\"223\" class=\"gb-image gb-image-e6c27787\" title=\"data-connector_workflow-map\" src=\"https:\/\/www.maptoolkit.com\/wp-content\/uploads\/2022\/05\/data-connector_workflow-map.png\" alt=\"\" srcset=\"https:\/\/www.maptoolkit.com\/wp-content\/uploads\/2022\/05\/data-connector_workflow-map.png 632w, https:\/\/www.maptoolkit.com\/wp-content\/uploads\/2022\/05\/data-connector_workflow-map-300x106.png 300w, https:\/\/www.maptoolkit.com\/wp-content\/uploads\/2022\/05\/data-connector_workflow-map-260x92.png 260w, https:\/\/www.maptoolkit.com\/wp-content\/uploads\/2022\/05\/data-connector_workflow-map-50x18.png 50w, https:\/\/www.maptoolkit.com\/wp-content\/uploads\/2022\/05\/data-connector_workflow-map-150x53.png 150w\" sizes=\"auto, (max-width: 632px) 100vw, 632px\" \/><\/figure>\n\n<\/div><div class=\"gb-container gb-container-c5481196\">\n<div class=\"gb-container gb-container-e5363932\">\n\n<h2 class=\"gb-headline gb-headline-343212cc gb-headline-text\"><strong>Kunden<\/strong><\/h2>\r\n\n\n\n<hr class=\"wp-block-separator has-text-color has-alpha-channel-opacity has-background\" style=\"background-color:#c3c3c3;color:#c3c3c3\"\/>\n\n<\/div>\n\n<div class=\"gb-container gb-container-4190d1f4\">\n<div class=\"gb-grid-wrapper gb-grid-wrapper-f1d5e4a7\">\n<div class=\"gb-grid-column gb-grid-column-8b327d7a\"><div class=\"gb-container gb-container-8b327d7a\"><a class=\"gb-container-link\" href=\"https:\/\/www.infomax-online.de\"><\/a>\n\n<figure class=\"gb-block-image gb-block-image-9ac8eb26\"><img loading=\"lazy\" decoding=\"async\" width=\"172\" height=\"50\" class=\"gb-image gb-image-9ac8eb26\" title=\"infomax\" src=\"https:\/\/www.maptoolkit.com\/wp-content\/uploads\/2023\/05\/infomax.png\" alt=\"\" srcset=\"https:\/\/www.maptoolkit.com\/wp-content\/uploads\/2023\/05\/infomax.png 172w, https:\/\/www.maptoolkit.com\/wp-content\/uploads\/2023\/05\/infomax-50x15.png 50w, https:\/\/www.maptoolkit.com\/wp-content\/uploads\/2023\/05\/infomax-150x44.png 150w\" sizes=\"auto, (max-width: 172px) 100vw, 172px\" \/><\/figure>\n\n<\/div><\/div>\n\n<div class=\"gb-grid-column gb-grid-column-b8640063\"><div class=\"gb-container gb-container-b8640063\"><a class=\"gb-container-link\" href=\"https:\/\/www.graubuenden.ch\/\"><\/a>\n\n<figure class=\"gb-block-image gb-block-image-be6df814\"><img loading=\"lazy\" decoding=\"async\" width=\"800\" height=\"166\" class=\"gb-image gb-image-be6df814\" title=\"Graub\u00fcnden Ferien\" src=\"https:\/\/www.maptoolkit.com\/wp-content\/uploads\/2023\/05\/graubuenden.png\" alt=\"\" srcset=\"https:\/\/www.maptoolkit.com\/wp-content\/uploads\/2023\/05\/graubuenden.png 800w, https:\/\/www.maptoolkit.com\/wp-content\/uploads\/2023\/05\/graubuenden-300x62.png 300w, https:\/\/www.maptoolkit.com\/wp-content\/uploads\/2023\/05\/graubuenden-768x159.png 768w, https:\/\/www.maptoolkit.com\/wp-content\/uploads\/2023\/05\/graubuenden-260x54.png 260w, https:\/\/www.maptoolkit.com\/wp-content\/uploads\/2023\/05\/graubuenden-50x10.png 50w, https:\/\/www.maptoolkit.com\/wp-content\/uploads\/2023\/05\/graubuenden-150x31.png 150w, https:\/\/www.maptoolkit.com\/wp-content\/uploads\/2023\/05\/graubuenden-480x100.png 480w\" sizes=\"auto, (max-width: 800px) 100vw, 800px\" \/><\/figure>\n\n<\/div><\/div>\n\n<div class=\"gb-grid-column gb-grid-column-411d767b\"><div class=\"gb-container gb-container-411d767b\"><a class=\"gb-container-link\" href=\"https:\/\/www.iib-institut.de\/\"><\/a>\n\n<figure class=\"gb-block-image gb-block-image-88d1d3f6\"><img loading=\"lazy\" decoding=\"async\" width=\"150\" height=\"75\" class=\"gb-image gb-image-88d1d3f6\" title=\"IIB Institut\" src=\"https:\/\/www.maptoolkit.com\/wp-content\/uploads\/2024\/07\/iib.png\" alt=\"IIB Institut\" \/><\/figure>\n\n<\/div><\/div>\n\n<div class=\"gb-grid-column gb-grid-column-6334d29b\"><div class=\"gb-container gb-container-6334d29b\"><a class=\"gb-container-link\" href=\"https:\/\/bergwelten.com\/\"><\/a>\n\n<figure class=\"gb-block-image gb-block-image-bd7842c2\"><img loading=\"lazy\" decoding=\"async\" width=\"300\" height=\"112\" class=\"gb-image gb-image-bd7842c2\" src=\"https:\/\/www.maptoolkit.com\/wp-content\/uploads\/2019\/06\/bergwelten.png\" alt=\"\" title=\"bergwelten\" srcset=\"https:\/\/www.maptoolkit.com\/wp-content\/uploads\/2019\/06\/bergwelten.png 300w, https:\/\/www.maptoolkit.com\/wp-content\/uploads\/2019\/06\/bergwelten-150x56.png 150w\" sizes=\"auto, (max-width: 300px) 100vw, 300px\" \/><\/figure>\r\n\n<\/div><\/div>\n<\/div>\n<\/div>\n<\/div>\n<div class=\"gbp-section\"><div class=\"gb-container gb-container-2e66af5b gbp-section\">\n\n<h2 class=\"gb-headline gb-headline-8c726164 gb-headline-text\">Unser Preismodell<\/h2>\r\n\n\n<div class=\"gb-container gb-container-dd948cd5\">\n<div class=\"gb-container gb-container-e628e053\">\n<div class=\"gb-container gb-container-a22c4532\">\n\n<figure class=\"gb-block-image gb-block-image-303593ca\"><img loading=\"lazy\" decoding=\"async\" width=\"1536\" height=\"1024\" class=\"gb-image gb-image-303593ca\" src=\"https:\/\/www.maptoolkit.com\/wp-content\/uploads\/2025\/04\/Pricing-Gradient.png\" alt=\"\" title=\"Pricing Gradient\" srcset=\"https:\/\/www.maptoolkit.com\/wp-content\/uploads\/2025\/04\/Pricing-Gradient.png 1536w, https:\/\/www.maptoolkit.com\/wp-content\/uploads\/2025\/04\/Pricing-Gradient-300x200.png 300w, https:\/\/www.maptoolkit.com\/wp-content\/uploads\/2025\/04\/Pricing-Gradient-1024x683.png 1024w, https:\/\/www.maptoolkit.com\/wp-content\/uploads\/2025\/04\/Pricing-Gradient-768x512.png 768w\" sizes=\"auto, (max-width: 1536px) 100vw, 1536px\" \/><\/figure>\r\n\n<\/div>\n\n<div class=\"gb-container gb-container-18861ea6\">\n\n<p class=\"gb-headline gb-headline-efe27d06 gb-headline-text\"><strong>Flexible Preisgestaltung, die sich Ihren Anforderungen anpasst<br><\/strong>Starten Sie mit unserer kostenlosen Stufe, zahlen Sie bei wachsendem Bedarf pro Anfrage \u00fcber RapidAPI oder w\u00e4hlen Sie eine Enterprise-Lizenz f\u00fcr vollen Zugriff.<\/p>\r\n\n<\/div>\n<\/div>\n\n<div class=\"gb-container gb-container-f743df99\">\n\n<a class=\"gb-button gb-button-d88b3291 gb-button-text gbp-button--primary\" href=\"https:\/\/www.maptoolkit.com\/de\/preise\/\">Siehe unsere <br>Preistabelle<\/a>\r\n\n<\/div>\n<\/div>\n<\/div>\n\n\n<h3 class=\"gb-headline gb-headline-e8ecfc02 gb-headline-text\">FAQ<\/h3>\n\n\n<div class=\"gb-container gb-container-07fd6cd5 gbp-section\">\n<div class=\"gb-container gb-container-4f7d4fb7 gb-accordion\">\n<div class=\"gb-container gb-container-3748f42a accordion_item_FAQ gb-accordion__item\" data-transition=\"slide\">\n\n<button class=\"gb-button gb-button-18a5fd39 gb-accordion__toggle accordion_title_FAQ\" id=\"gb-accordion-toggle-18a5fd39\"><span class=\"gb-button-text\">K\u00f6nnen Maptoolkit Data Connectors h\u00e4ufig wechselnde Geodaten verarbeiten?<\/span><span class=\"gb-icon\"><svg xmlns=\"http:\/\/www.w3.org\/2000\/svg\" viewBox=\"0 0 448 512\" width=\"1em\" height=\"1em\" aria-hidden=\"true\" role=\"img\" class=\"gb-accordion__icon\"><path d=\"M207.029 381.476L12.686 187.132c-9.373-9.373-9.373-24.569 0-33.941l22.667-22.667c9.357-9.357 24.522-9.375 33.901-.04L224 284.505l154.745-154.021c9.379-9.335 24.544-9.317 33.901.04l22.667 22.667c9.373 9.373 9.373 24.569 0 33.941L240.971 381.476c-9.373 9.372-24.569 9.372-33.942 0z\" fill=\"currentColor\"><\/path><\/svg><svg xmlns=\"http:\/\/www.w3.org\/2000\/svg\" viewBox=\"0 0 448 512\" width=\"1em\" height=\"1em\" aria-hidden=\"true\" role=\"img\" class=\"gb-accordion__icon-open\"><path d=\"M240.971 130.524l194.343 194.343c9.373 9.373 9.373 24.569 0 33.941l-22.667 22.667c-9.357 9.357-24.522 9.375-33.901.04L224 227.495 69.255 381.516c-9.379 9.335-24.544 9.317-33.901-.04l-22.667-22.667c-9.373-9.373-9.373-24.569 0-33.941L207.03 130.525c9.372-9.373 24.568-9.373 33.941-.001z\" fill=\"currentColor\"><\/path><\/svg><\/span><\/button>\r\n\n\n<div id=\"gb-accordion-content-576aa5f3\" class=\"gb-accordion__content\"><div class=\"gb-container gb-container-576aa5f3 accordion_content_FAQ\">\n\n<p>Ja, es gibt auch eine M\u00f6glichkeit, Aktualisierungen auszul\u00f6sen, sobald sich Daten in Ihrem System \u00e4ndern.<\/p>\n\n<\/div><\/div>\n<\/div>\n\n<div class=\"gb-container gb-container-c3a7edd7 accordion_item_FAQ gb-accordion__item\" data-transition=\"slide\">\n\n<button class=\"gb-button gb-button-435fd0d6 gb-accordion__toggle accordion_title_FAQ\" id=\"gb-accordion-toggle-435fd0d6\"><span class=\"gb-button-text\"><strong>Wie gehen Maptoolkit Data Connectors mit mehrsprachigen Daten oder internationalen Zeichens\u00e4tzen um?<\/strong><\/span><span class=\"gb-icon\"><svg xmlns=\"http:\/\/www.w3.org\/2000\/svg\" viewBox=\"0 0 448 512\" width=\"1em\" height=\"1em\" aria-hidden=\"true\" role=\"img\" class=\"gb-accordion__icon\"><path d=\"M207.029 381.476L12.686 187.132c-9.373-9.373-9.373-24.569 0-33.941l22.667-22.667c9.357-9.357 24.522-9.375 33.901-.04L224 284.505l154.745-154.021c9.379-9.335 24.544-9.317 33.901.04l22.667 22.667c9.373 9.373 9.373 24.569 0 33.941L240.971 381.476c-9.373 9.372-24.569 9.372-33.942 0z\" fill=\"currentColor\"><\/path><\/svg><svg xmlns=\"http:\/\/www.w3.org\/2000\/svg\" viewBox=\"0 0 448 512\" width=\"1em\" height=\"1em\" aria-hidden=\"true\" role=\"img\" class=\"gb-accordion__icon-open\"><path d=\"M240.971 130.524l194.343 194.343c9.373 9.373 9.373 24.569 0 33.941l-22.667 22.667c-9.357 9.357-24.522 9.375-33.901.04L224 227.495 69.255 381.516c-9.379 9.335-24.544 9.317-33.901-.04l-22.667-22.667c-9.373-9.373-9.373-24.569 0-33.941L207.03 130.525c9.372-9.373 24.568-9.373 33.941-.001z\" fill=\"currentColor\"><\/path><\/svg><\/span><\/button>\r\n\n\n<div id=\"gb-accordion-content-27e91903\" class=\"gb-accordion__content\"><div class=\"gb-container gb-container-27e91903\">\n\n<p>Da die Daten gespiegelt werden, folgt alles dem Muster Ihrer bestehenden Implementierung.<\/p>\n\n<\/div><\/div>\n<\/div>\n\n<div class=\"gb-container gb-container-248fc525 accordion_item_FAQ gb-accordion__item\" data-transition=\"slide\">\n\n<button class=\"gb-button gb-button-772d1d46 gb-accordion__toggle accordion_title_FAQ\" id=\"gb-accordion-toggle-772d1d46\"><span class=\"gb-button-text\">Wie wird der Datenzugriff bei der Verwendung von MTK Data Connectors abgesichert?<\/span><span class=\"gb-icon\"><svg xmlns=\"http:\/\/www.w3.org\/2000\/svg\" viewBox=\"0 0 448 512\" width=\"1em\" height=\"1em\" aria-hidden=\"true\" role=\"img\" class=\"gb-accordion__icon\"><path d=\"M207.029 381.476L12.686 187.132c-9.373-9.373-9.373-24.569 0-33.941l22.667-22.667c9.357-9.357 24.522-9.375 33.901-.04L224 284.505l154.745-154.021c9.379-9.335 24.544-9.317 33.901.04l22.667 22.667c9.373 9.373 9.373 24.569 0 33.941L240.971 381.476c-9.373 9.372-24.569 9.372-33.942 0z\" fill=\"currentColor\"><\/path><\/svg><svg xmlns=\"http:\/\/www.w3.org\/2000\/svg\" viewBox=\"0 0 448 512\" width=\"1em\" height=\"1em\" aria-hidden=\"true\" role=\"img\" class=\"gb-accordion__icon-open\"><path d=\"M240.971 130.524l194.343 194.343c9.373 9.373 9.373 24.569 0 33.941l-22.667 22.667c-9.357 9.357-24.522 9.375-33.901.04L224 227.495 69.255 381.516c-9.379 9.335-24.544 9.317-33.901-.04l-22.667-22.667c-9.373-9.373-9.373-24.569 0-33.941L207.03 130.525c9.372-9.373 24.568-9.373 33.941-.001z\" fill=\"currentColor\"><\/path><\/svg><\/span><\/button>\r\n\n\n<div id=\"gb-accordion-content-d1497277\" class=\"gb-accordion__content\"><div class=\"gb-container gb-container-d1497277\">\n\n<p>Die Data Connectors unterst\u00fctzen g\u00e4ngige Authentifizierungsverfahren (wie zum Beispiel BasicAuth).<\/p>\n\n<\/div><\/div>\n<\/div>\n\n<div class=\"gb-container gb-container-0dfbbc6b accordion_item_FAQ gb-accordion__item\" data-transition=\"slide\">\n\n<button class=\"gb-button gb-button-35da4990 gb-accordion__toggle accordion_title_FAQ\" id=\"gb-accordion-toggle-35da4990\"><span class=\"gb-button-text\">K\u00f6nnen MTK Data Connectors f\u00fcr alle Arten von Geodaten verwendet werden (z. B. Punkte, Linien und Polygone)?<\/span><span class=\"gb-icon\"><svg xmlns=\"http:\/\/www.w3.org\/2000\/svg\" viewBox=\"0 0 448 512\" width=\"1em\" height=\"1em\" aria-hidden=\"true\" role=\"img\" class=\"gb-accordion__icon\"><path d=\"M207.029 381.476L12.686 187.132c-9.373-9.373-9.373-24.569 0-33.941l22.667-22.667c9.357-9.357 24.522-9.375 33.901-.04L224 284.505l154.745-154.021c9.379-9.335 24.544-9.317 33.901.04l22.667 22.667c9.373 9.373 9.373 24.569 0 33.941L240.971 381.476c-9.373 9.372-24.569 9.372-33.942 0z\" fill=\"currentColor\"><\/path><\/svg><svg xmlns=\"http:\/\/www.w3.org\/2000\/svg\" viewBox=\"0 0 448 512\" width=\"1em\" height=\"1em\" aria-hidden=\"true\" role=\"img\" class=\"gb-accordion__icon-open\"><path d=\"M240.971 130.524l194.343 194.343c9.373 9.373 9.373 24.569 0 33.941l-22.667 22.667c-9.357 9.357-24.522 9.375-33.901.04L224 227.495 69.255 381.516c-9.379 9.335-24.544 9.317-33.901-.04l-22.667-22.667c-9.373-9.373-9.373-24.569 0-33.941L207.03 130.525c9.372-9.373 24.568-9.373 33.941-.001z\" fill=\"currentColor\"><\/path><\/svg><\/span><\/button>\r\n\n\n<div id=\"gb-accordion-content-9f70d532\" class=\"gb-accordion__content\"><div class=\"gb-container gb-container-9f70d532\">\n\n<p>Ja, der Data Connector unterst\u00fctzt alle Arten von Geodaten.<\/p>\n\n<\/div><\/div>\n<\/div>\n\n<div class=\"gb-container gb-container-5ce83ddb accordion_item_FAQ gb-accordion__item\" data-transition=\"slide\">\n\n<button class=\"gb-button gb-button-7835e5ad gb-accordion__toggle accordion_title_FAQ\" id=\"gb-accordion-toggle-7835e5ad\"><span class=\"gb-button-text\">Welche Endpunkte oder Datenformate werden vom Data Connector unterst\u00fctzt?<\/span><span class=\"gb-icon\"><svg xmlns=\"http:\/\/www.w3.org\/2000\/svg\" viewBox=\"0 0 448 512\" width=\"1em\" height=\"1em\" aria-hidden=\"true\" role=\"img\" class=\"gb-accordion__icon\"><path d=\"M207.029 381.476L12.686 187.132c-9.373-9.373-9.373-24.569 0-33.941l22.667-22.667c9.357-9.357 24.522-9.375 33.901-.04L224 284.505l154.745-154.021c9.379-9.335 24.544-9.317 33.901.04l22.667 22.667c9.373 9.373 9.373 24.569 0 33.941L240.971 381.476c-9.373 9.372-24.569 9.372-33.942 0z\" fill=\"currentColor\"><\/path><\/svg><svg xmlns=\"http:\/\/www.w3.org\/2000\/svg\" viewBox=\"0 0 448 512\" width=\"1em\" height=\"1em\" aria-hidden=\"true\" role=\"img\" class=\"gb-accordion__icon-open\"><path d=\"M240.971 130.524l194.343 194.343c9.373 9.373 9.373 24.569 0 33.941l-22.667 22.667c-9.357 9.357-24.522 9.375-33.901.04L224 227.495 69.255 381.516c-9.379 9.335-24.544 9.317-33.901-.04l-22.667-22.667c-9.373-9.373-9.373-24.569 0-33.941L207.03 130.525c9.372-9.373 24.568-9.373 33.941-.001z\" fill=\"currentColor\"><\/path><\/svg><\/span><\/button>\r\n\n\n<div id=\"gb-accordion-content-4babfc5f\" class=\"gb-accordion__content\"><div class=\"gb-container gb-container-4babfc5f\">\n\n<p>Es gibt vordefinierte Connectoren f\u00fcr Solr, PostgreSQL und GeoJSON. Dar\u00fcber hinaus besteht die M\u00f6glichkeit, einen individuellen Connector mit JavaScript zu erstellen.<\/p>\n\n<\/div><\/div>\n<\/div>\n<\/div>\n<\/div><\/div>\n<div class=\"gb-container gb-container-bc3f6145 alignfull\">\n<div class=\"gb-container gb-container-e0ab9dd7\">\n\n<h2 class=\"gb-headline gb-headline-c593864c gb-headline-text\"><strong>Wir beraten Sie pers\u00f6nlich<\/strong><\/h2>\r\n\n\n\n<hr class=\"wp-block-separator has-text-color has-alpha-channel-opacity has-background is-style-default\" style=\"background-color:#c3c3c3;color:#c3c3c3\"\/>\n\n\n<div class=\"gb-container gb-container-30f9a422\">\n<div class=\"gb-container gb-container-d1b3811f\">\n\n<figure class=\"gb-block-image gb-block-image-fcc53e52\"><img loading=\"lazy\" decoding=\"async\" width=\"300\" height=\"300\" class=\"gb-image gb-image-fcc53e52\" title=\"PeterH_LUX_0871@lisalux1_square\" src=\"https:\/\/www.maptoolkit.com\/wp-content\/uploads\/2020\/02\/PeterH_LUX_0871@lisalux1_square-300x300.jpg\" alt=\"\" srcset=\"https:\/\/www.maptoolkit.com\/wp-content\/uploads\/2020\/02\/PeterH_LUX_0871@lisalux1_square-300x300.jpg 300w, https:\/\/www.maptoolkit.com\/wp-content\/uploads\/2020\/02\/PeterH_LUX_0871@lisalux1_square-150x150.jpg 150w, https:\/\/www.maptoolkit.com\/wp-content\/uploads\/2020\/02\/PeterH_LUX_0871@lisalux1_square-146x146.jpg 146w, https:\/\/www.maptoolkit.com\/wp-content\/uploads\/2020\/02\/PeterH_LUX_0871@lisalux1_square-50x50.jpg 50w, https:\/\/www.maptoolkit.com\/wp-content\/uploads\/2020\/02\/PeterH_LUX_0871@lisalux1_square-75x75.jpg 75w, https:\/\/www.maptoolkit.com\/wp-content\/uploads\/2020\/02\/PeterH_LUX_0871@lisalux1_square-85x85.jpg 85w, https:\/\/www.maptoolkit.com\/wp-content\/uploads\/2020\/02\/PeterH_LUX_0871@lisalux1_square-80x80.jpg 80w, https:\/\/www.maptoolkit.com\/wp-content\/uploads\/2020\/02\/PeterH_LUX_0871@lisalux1_square.jpg 387w\" sizes=\"auto, (max-width: 300px) 100vw, 300px\" \/><\/figure>\n\n<\/div>\n\n<div class=\"gb-container gb-container-97a801dd\">\n\n<p class=\"has-text-color has-link-color wp-elements-3709b689d29f794d58947513d7422017\" style=\"color:#595959\">Mein Name ist Peter H\u00f6flehner und ich werde Ihr&#13;\n<br\/>Projekt- und Key Account-Manager sein.<\/p>\n\n\n\n<a class=\"gb-button gb-button-d3a3b162 gb-button-text gbp-button--primary\" href=\"tel:+436641308111\">Handy +43 664 1308111<\/a>\r\n\n\n\n<a class=\"gb-button gb-button-ca57bc22 gb-button-text gbp-button--primary\" href=\"mailto:peter@maptoolkit.com\">peter@maptoolkit.com<\/a>\r\n\n<\/div>\n<\/div>\n<\/div>\n<\/div>","protected":false},"excerpt":{"rendered":"<p>Data Connectors Was sind MTK Data Connectors? Angenommen, Sie haben bereits eine Suchtechnologie, die jedoch nur Ergebnisse in Listenform ausgibt. &#8230; <\/p>\n<p class=\"read-more-container\"><a title=\"Data Connectors\" class=\"read-more button\" href=\"https:\/\/www.maptoolkit.com\/de\/api\/data-connectors\/#more-1802\" aria-label=\"Mehr Informationen \u00fcber Data Connectors\">Weiterlesen &#8230;<\/a><\/p>\n","protected":false},"author":4,"featured_media":0,"parent":1925,"menu_order":8,"comment_status":"closed","ping_status":"closed","template":"","meta":{"footnotes":""},"class_list":["post-1802","page","type-page","status-publish"],"_links":{"self":[{"href":"https:\/\/www.maptoolkit.com\/de\/wp-json\/wp\/v2\/pages\/1802","targetHints":{"allow":["GET"]}}],"collection":[{"href":"https:\/\/www.maptoolkit.com\/de\/wp-json\/wp\/v2\/pages"}],"about":[{"href":"https:\/\/www.maptoolkit.com\/de\/wp-json\/wp\/v2\/types\/page"}],"author":[{"embeddable":true,"href":"https:\/\/www.maptoolkit.com\/de\/wp-json\/wp\/v2\/users\/4"}],"replies":[{"embeddable":true,"href":"https:\/\/www.maptoolkit.com\/de\/wp-json\/wp\/v2\/comments?post=1802"}],"version-history":[{"count":4,"href":"https:\/\/www.maptoolkit.com\/de\/wp-json\/wp\/v2\/pages\/1802\/revisions"}],"predecessor-version":[{"id":6139,"href":"https:\/\/www.maptoolkit.com\/de\/wp-json\/wp\/v2\/pages\/1802\/revisions\/6139"}],"up":[{"embeddable":true,"href":"https:\/\/www.maptoolkit.com\/de\/wp-json\/wp\/v2\/pages\/1925"}],"wp:attachment":[{"href":"https:\/\/www.maptoolkit.com\/de\/wp-json\/wp\/v2\/media?parent=1802"}],"curies":[{"name":"wp","href":"https:\/\/api.w.org\/{rel}","templated":true}]}}