{"id":1864,"date":"2022-06-14T10:46:57","date_gmt":"2022-06-14T10:46:57","guid":{"rendered":"https:\/\/www.maptoolkit.com\/?page_id=1864"},"modified":"2025-12-03T16:03:09","modified_gmt":"2025-12-03T16:03:09","slug":"elevation-api","status":"publish","type":"page","link":"https:\/\/www.maptoolkit.com\/de\/api\/elevation-api\/","title":{"rendered":"Elevation API"},"content":{"rendered":"<div class=\"gb-container gb-container-0f174ae4 gbp-section\">\n\n<h1 class=\"gb-headline gb-headline-74873919 gb-headline-text\">Elevation API<\/h1>\n\n\n\n<p class=\"gb-headline gb-headline-30d78e3a gb-headline-text\">Ermitteln Sie die H\u00f6he jedes beliebigen Punktes auf der Erde<\/p>\n\n\n\n<p class=\"gb-headline gb-headline-f9ea1036 gb-headline-text\">Die <strong>Maptoolkit Elevation API<\/strong> bietet eine einfache Schnittstelle, um H\u00f6hendaten f\u00fcr jeden Ort der Erde abzufragen. Au\u00dferdem k\u00f6nnen fertige H\u00f6henprofile f\u00fcr Wege bereitgestellt werden, die Sie entweder mit MTK.ElevationProfile oder mit Ihrer eigenen Logik visualisieren. Alle Antworten liegen im JSON-Format vor.<\/p>\n\n\n<div class=\"gb-container gb-container-8eb3be9a\">\n<div class=\"gb-container gb-container-18d35c21\">\n\n<h4 class=\"gb-headline gb-headline-5983da31 gb-headline-text\">M\u00f6gliche Anwendungsf\u00e4lle:<\/h4>\n\n\n\n<ul class=\"wp-block-list\">\n<li>Abfrage von H\u00f6hendaten (Meter oder Fu\u00df) f\u00fcr beliebige Koordinaten weltweit<\/li>\n\n\n\n<li>Erstellung von H\u00f6henprofilen f\u00fcr Routen, Tracks oder GPX-Dateien (wir stellen interaktive JavaScript\/SVG-Vorlagen f\u00fcr eine schnellere Implementierung bereit)<\/li>\n\n\n\n<li>Erstellung <a href=\"https:\/\/www.printmaps.net\/de\/hoehenprofil-editor\/\">druckf\u00e4higer H\u00f6henprofile<\/a><\/li>\n\n\n\n<li>Nutzung unserer H\u00f6hendaten, um Ihre auf Mapbox oder MapLibre basierende 3D-Karte in die dritte Dimension zu bringen (siehe Beispiel unten)<\/li>\n<\/ul>\n\n<\/div>\n\n<div class=\"gb-container gb-container-fafdcd2c\">\n\n<figure class=\"gb-block-image gb-block-image-eddf34be\"><img loading=\"lazy\" decoding=\"async\" width=\"540\" height=\"540\" class=\"gb-image gb-image-eddf34be\" title=\"Elevation API\" src=\"https:\/\/www.maptoolkit.com\/wp-content\/uploads\/2025\/03\/free-elevation-profile.png\" alt=\"Elevation Profiles in different styles\" srcset=\"https:\/\/www.maptoolkit.com\/wp-content\/uploads\/2025\/03\/free-elevation-profile.png 540w, https:\/\/www.maptoolkit.com\/wp-content\/uploads\/2025\/03\/free-elevation-profile-300x300.png 300w, https:\/\/www.maptoolkit.com\/wp-content\/uploads\/2025\/03\/free-elevation-profile-150x150.png 150w\" sizes=\"auto, (max-width: 540px) 100vw, 540px\" \/><\/figure>\n\n<\/div>\n<\/div>\n\n\n<p class=\"gb-headline gb-headline-2dd3bbcc gb-headline-text\">Die Elevation API ist im requestbasierten Preismodell auf dem RapidAPI-Marktplatz verf\u00fcgbar und au\u00dferdem Teil von Maptoolkit Enterprise. Details siehe <a href=\"\/de\/preise\">Maptoolkit Preise<\/a>.<\/p>\n\n\n\n<div class=\"mtk-markdown-container gb-element-8473093b mtk-markdown-hide\">\n<h2 class=\"gb-text gb-text-bd4921e2\">Beispiel &#8230;<\/h2>\n\n\n<div class=\"mtk-markdown markdown-body\"><div class=\"markdown-heading\"><h1 class=\"heading-element\">Interactive elevation profile<\/h1><a id=\"user-content-interactive-elevation-profile\" class=\"anchor\" aria-label=\"Permalink: Interactive elevation profile\" href=\"#interactive-elevation-profile\"><span aria-hidden=\"true\" class=\"octicon octicon-link\"><\/span><\/a><\/div>\n<p>Create a fully customizable and responsive elevation profile using <a href=\"https:\/\/maptoolkit.net\/admin\/mtkv10\/js-api-reference#MTK.ElevationProfile\" rel=\"nofollow\">MTK.ElevationProfile<\/a>.<\/p>\n<p><iframe width=\"100%\" height=\"500\" id=\"mtk_iframe_571add9e73b67ea132d4e0848cffcfeb\" style=\"border:none\"><\/iframe><\/p>\n<\/div>      <script>\n        (() => {\n          let mtk_iframes = {\"mtk_iframe_571add9e73b67ea132d4e0848cffcfeb\":[\"<iframe width=\\\"100%\\\" height=\\\"500\\\" id=\\\"mtk_iframe_571add9e73b67ea132d4e0848cffcfeb\\\" style=\\\"border:none\\\"><\\\/iframe>\",\"\\n<html>\\n  <head>\\n    <link rel=\\\"stylesheet\\\" href=\\\"https:\\\/\\\/static.maptoolkit.net\\\/mtk\\\/v10.1.10\\\/mtk.css\\\" \\\/>\\n    <link rel=\\\"stylesheet\\\" href=\\\"https:\\\/\\\/static.maptoolkit.net\\\/mtk\\\/v10.1.10\\\/ui.css\\\">\\n    <link rel=\\\"stylesheet\\\" href=\\\"https:\\\/\\\/static.maptoolkit.net\\\/mtk\\\/v10.1.10\\\/elevationprofile.css\\\" \\\/>\\n    <script src=\\\"https:\\\/\\\/static.maptoolkit.net\\\/mtk\\\/v10.1.10\\\/mtk.js\\\"><\\\/script>\\n    <script src=\\\"https:\\\/\\\/static.maptoolkit.net\\\/mtk\\\/v10.1.10\\\/elevationprofile.js\\\"><\\\/script>\\n    <style>\\n      body { width: 100%; height: 100%; padding: 0; margin: 0; }\\n      #map { width: 100%; height: 100%; }\\n    <\\\/style>\\n  <\\\/head>\\n  <body>\\n    <div id=\\\"map\\\"><\\\/div>\\n    <script>\\n      MTK.init({ apiKey: \\\"toursprung\\\" });\\n\\n      let elevation = new MTK.ElevationProfile({\\n        surface: true, \\\/\\\/ Display surface information if available\\n      });\\n\\n      \\\/\\\/ Set KML for elevation profile\\n      elevation.setKML(\\\"https:\\\/\\\/maptoolkit.net\\\/export\\\/ts_demo_tours\\\/_1603292819.kml?api_key=toursprung\\\", () => {\\n        \\\/\\\/ Create polyline from elevation profile data\\n        let polyline = new MTK.Polyline().setLngLats(elevation.getData().geometry.coordinates);\\n        MTK.createMap(\\\"map\\\", {\\n          map: {\\n            location: {\\n              bounds: polyline.getBounds(), \\\/\\\/ Fit map to polyline bounds\\n              pitch: 45,\\n            },\\n            options: {\\n              fitBoundsOptions: {\\n                padding: { top: 50, bottom: 50, left: 50, right: 450 },\\n              }\\n            },\\n            controls: [\\n              new maplibregl.NavigationControl({ showCompass: false }),\\n              new MTK.Map3DControl(),\\n            ],\\n          },\\n        }, (map) => {\\n          polyline.addTo(map);\\n          elevation.addTo(map);\\n        });\\n      });\\n    <\\\/script>\\n  <\\\/body>\\n<\\\/html>\\n\"]};\n          for (let id in mtk_iframes) {\n            let iframe = document.getElementById(id);\n            iframe.contentWindow.document.open();\n            iframe.contentWindow.document.write(mtk_iframes[id][1]);\n            iframe.contentWindow.document.close();\n          }\n        })();\n      <\/script>\n<\/div>\n\n\n<div class=\"gb-container gb-container-2e66af5b gbp-section\">\n\n<h2 class=\"gb-headline gb-headline-8c726164 gb-headline-text\">Unser Preismodell<\/h2>\r\n\n\n<div class=\"gb-container gb-container-dd948cd5\">\n<div class=\"gb-container gb-container-e628e053\">\n<div class=\"gb-container gb-container-a22c4532\">\n\n<figure class=\"gb-block-image gb-block-image-303593ca\"><img loading=\"lazy\" decoding=\"async\" width=\"1536\" height=\"1024\" class=\"gb-image gb-image-303593ca\" src=\"https:\/\/www.maptoolkit.com\/wp-content\/uploads\/2025\/04\/Pricing-Gradient.png\" alt=\"\" title=\"Pricing Gradient\" srcset=\"https:\/\/www.maptoolkit.com\/wp-content\/uploads\/2025\/04\/Pricing-Gradient.png 1536w, https:\/\/www.maptoolkit.com\/wp-content\/uploads\/2025\/04\/Pricing-Gradient-300x200.png 300w, https:\/\/www.maptoolkit.com\/wp-content\/uploads\/2025\/04\/Pricing-Gradient-1024x683.png 1024w, https:\/\/www.maptoolkit.com\/wp-content\/uploads\/2025\/04\/Pricing-Gradient-768x512.png 768w\" sizes=\"auto, (max-width: 1536px) 100vw, 1536px\" \/><\/figure>\r\n\n<\/div>\n\n<div class=\"gb-container gb-container-18861ea6\">\n\n<p class=\"gb-headline gb-headline-efe27d06 gb-headline-text\"><strong>Flexible Preisgestaltung, die sich Ihren Anforderungen anpasst<br><\/strong>Starten Sie mit unserer kostenlosen Stufe, zahlen Sie bei wachsendem Bedarf pro Anfrage \u00fcber RapidAPI oder w\u00e4hlen Sie eine Enterprise-Lizenz f\u00fcr vollen Zugriff.<\/p>\r\n\n<\/div>\n<\/div>\n\n<div class=\"gb-container gb-container-f743df99\">\n\n<a class=\"gb-button gb-button-d88b3291 gb-button-text gbp-button--primary\" href=\"https:\/\/www.maptoolkit.com\/de\/preise\/\">Siehe unsere <br>Preistabelle<\/a>\r\n\n<\/div>\n<\/div>\n<\/div>\n\n\n<h3 class=\"gb-headline gb-headline-84654e69 gb-headline-text\">FAQ<\/h3>\n\n\n<div class=\"gb-container gb-container-07fd6cd5\">\n<div class=\"gb-container gb-container-4f7d4fb7 gb-accordion\">\n<div class=\"gb-container gb-container-3748f42a accordion_item_FAQ gb-accordion__item\" data-transition=\"slide\">\n\n<button class=\"gb-button gb-button-18a5fd39 gb-accordion__toggle accordion_title_FAQ\" id=\"gb-accordion-toggle-18a5fd39\"><span class=\"gb-button-text\">Wie genau sind die H\u00f6hendaten?<\/span><span class=\"gb-icon\"><svg xmlns=\"http:\/\/www.w3.org\/2000\/svg\" viewBox=\"0 0 448 512\" width=\"1em\" height=\"1em\" aria-hidden=\"true\" role=\"img\" class=\"gb-accordion__icon\"><path d=\"M207.029 381.476L12.686 187.132c-9.373-9.373-9.373-24.569 0-33.941l22.667-22.667c9.357-9.357 24.522-9.375 33.901-.04L224 284.505l154.745-154.021c9.379-9.335 24.544-9.317 33.901.04l22.667 22.667c9.373 9.373 9.373 24.569 0 33.941L240.971 381.476c-9.373 9.372-24.569 9.372-33.942 0z\" fill=\"currentColor\"><\/path><\/svg><svg xmlns=\"http:\/\/www.w3.org\/2000\/svg\" viewBox=\"0 0 448 512\" width=\"1em\" height=\"1em\" aria-hidden=\"true\" role=\"img\" class=\"gb-accordion__icon-open\"><path d=\"M240.971 130.524l194.343 194.343c9.373 9.373 9.373 24.569 0 33.941l-22.667 22.667c-9.357 9.357-24.522 9.375-33.901.04L224 227.495 69.255 381.516c-9.379 9.335-24.544 9.317-33.901-.04l-22.667-22.667c-9.373-9.373-9.373-24.569 0-33.941L207.03 130.525c9.372-9.373 24.568-9.373 33.941-.001z\" fill=\"currentColor\"><\/path><\/svg><\/span><\/button>\r\n\n\n<div id=\"gb-accordion-content-576aa5f3\" class=\"gb-accordion__content\"><div class=\"gb-container gb-container-576aa5f3 accordion_content_FAQ\">\n\n<p>Die weltweite Genauigkeit betr\u00e4gt 30 m, f\u00fcr Europa 10 m.<\/p>\n\n<\/div><\/div>\n<\/div>\n\n<div class=\"gb-container gb-container-c3a7edd7 accordion_item_FAQ gb-accordion__item\" data-transition=\"slide\">\n\n<button class=\"gb-button gb-button-435fd0d6 gb-accordion__toggle accordion_title_FAQ\" id=\"gb-accordion-toggle-435fd0d6\"><span class=\"gb-button-text\">Kann ich das Erscheinungsbild der von der API erzeugten H\u00f6henprofile anpassen?\u200b<\/span><span class=\"gb-icon\"><svg xmlns=\"http:\/\/www.w3.org\/2000\/svg\" viewBox=\"0 0 448 512\" width=\"1em\" height=\"1em\" aria-hidden=\"true\" role=\"img\" class=\"gb-accordion__icon\"><path d=\"M207.029 381.476L12.686 187.132c-9.373-9.373-9.373-24.569 0-33.941l22.667-22.667c9.357-9.357 24.522-9.375 33.901-.04L224 284.505l154.745-154.021c9.379-9.335 24.544-9.317 33.901.04l22.667 22.667c9.373 9.373 9.373 24.569 0 33.941L240.971 381.476c-9.373 9.372-24.569 9.372-33.942 0z\" fill=\"currentColor\"><\/path><\/svg><svg xmlns=\"http:\/\/www.w3.org\/2000\/svg\" viewBox=\"0 0 448 512\" width=\"1em\" height=\"1em\" aria-hidden=\"true\" role=\"img\" class=\"gb-accordion__icon-open\"><path d=\"M240.971 130.524l194.343 194.343c9.373 9.373 9.373 24.569 0 33.941l-22.667 22.667c-9.357 9.357-24.522 9.375-33.901.04L224 227.495 69.255 381.516c-9.379 9.335-24.544 9.317-33.901-.04l-22.667-22.667c-9.373-9.373-9.373-24.569 0-33.941L207.03 130.525c9.372-9.373 24.568-9.373 33.941-.001z\" fill=\"currentColor\"><\/path><\/svg><\/span><\/button>\r\n\n\n<div id=\"gb-accordion-content-27e91903\" class=\"gb-accordion__content\"><div class=\"gb-container gb-container-27e91903\">\n\n<p>Ja. Das Ergebnis ist ein SVG-Bild, das Sie mit CSS gestalten k\u00f6nnen.<\/p>\n\n<\/div><\/div>\n<\/div>\n\n<div class=\"gb-container gb-container-9f78fc57 accordion_item_FAQ gb-accordion__item\" data-transition=\"slide\">\n\n<button class=\"gb-button gb-button-659f84d4 gb-accordion__toggle accordion_title_FAQ\" id=\"gb-accordion-toggle-659f84d4\"><span class=\"gb-button-text\">Ist es m\u00f6glich, zus\u00e4tzliche Daten wie Distanzmarker oder Anmerkungen in die H\u00f6henprofile zu integrieren?\u200b<\/span><span class=\"gb-icon\"><svg xmlns=\"http:\/\/www.w3.org\/2000\/svg\" viewBox=\"0 0 448 512\" width=\"1em\" height=\"1em\" aria-hidden=\"true\" role=\"img\" class=\"gb-accordion__icon\"><path d=\"M207.029 381.476L12.686 187.132c-9.373-9.373-9.373-24.569 0-33.941l22.667-22.667c9.357-9.357 24.522-9.375 33.901-.04L224 284.505l154.745-154.021c9.379-9.335 24.544-9.317 33.901.04l22.667 22.667c9.373 9.373 9.373 24.569 0 33.941L240.971 381.476c-9.373 9.372-24.569 9.372-33.942 0z\" fill=\"currentColor\"><\/path><\/svg><svg xmlns=\"http:\/\/www.w3.org\/2000\/svg\" viewBox=\"0 0 448 512\" width=\"1em\" height=\"1em\" aria-hidden=\"true\" role=\"img\" class=\"gb-accordion__icon-open\"><path d=\"M240.971 130.524l194.343 194.343c9.373 9.373 9.373 24.569 0 33.941l-22.667 22.667c-9.357 9.357-24.522 9.375-33.901.04L224 227.495 69.255 381.516c-9.379 9.335-24.544 9.317-33.901-.04l-22.667-22.667c-9.373-9.373-9.373-24.569 0-33.941L207.03 130.525c9.372-9.373 24.568-9.373 33.941-.001z\" fill=\"currentColor\"><\/path><\/svg><\/span><\/button>\r\n\n\n<div id=\"gb-accordion-content-b78c98a0\" class=\"gb-accordion__content\"><div class=\"gb-container gb-container-b78c98a0\">\n\n<p>Ja. Sie k\u00f6nnen eigene Marker, zum Beispiel POIs entlang der Route, oder andere Anmerkungen in das H\u00f6henprofil einf\u00fcgen.<\/p>\n\n<\/div><\/div>\n<\/div>\n\n<div class=\"gb-container gb-container-bddbc6d4 accordion_item_FAQ gb-accordion__item\" data-transition=\"slide\">\n\n<button class=\"gb-button gb-button-40569398 gb-accordion__toggle accordion_title_FAQ\" id=\"gb-accordion-toggle-40569398\"><span class=\"gb-button-text\">Kann ich meine Daten mit H\u00f6hendaten \u00fcber diese API anreichern?<\/span><span class=\"gb-icon\"><svg xmlns=\"http:\/\/www.w3.org\/2000\/svg\" viewBox=\"0 0 448 512\" width=\"1em\" height=\"1em\" aria-hidden=\"true\" role=\"img\" class=\"gb-accordion__icon\"><path d=\"M207.029 381.476L12.686 187.132c-9.373-9.373-9.373-24.569 0-33.941l22.667-22.667c9.357-9.357 24.522-9.375 33.901-.04L224 284.505l154.745-154.021c9.379-9.335 24.544-9.317 33.901.04l22.667 22.667c9.373 9.373 9.373 24.569 0 33.941L240.971 381.476c-9.373 9.372-24.569 9.372-33.942 0z\" fill=\"currentColor\"><\/path><\/svg><svg xmlns=\"http:\/\/www.w3.org\/2000\/svg\" viewBox=\"0 0 448 512\" width=\"1em\" height=\"1em\" aria-hidden=\"true\" role=\"img\" class=\"gb-accordion__icon-open\"><path d=\"M240.971 130.524l194.343 194.343c9.373 9.373 9.373 24.569 0 33.941l-22.667 22.667c-9.357 9.357-24.522 9.375-33.901.04L224 227.495 69.255 381.516c-9.379 9.335-24.544 9.317-33.901-.04l-22.667-22.667c-9.373-9.373-9.373-24.569 0-33.941L207.03 130.525c9.372-9.373 24.568-9.373 33.941-.001z\" fill=\"currentColor\"><\/path><\/svg><\/span><\/button>\r\n\n\n<div id=\"gb-accordion-content-04f9b1c3\" class=\"gb-accordion__content\"><div class=\"gb-container gb-container-04f9b1c3\">\n\n<p>Ja. Sie k\u00f6nnen fehlende H\u00f6heninformationen zu Ihren Daten erg\u00e4nzen.<\/p>\n\n<\/div><\/div>\n<\/div>\n<\/div>\n<\/div>\n<\/div><div class=\"gb-container gb-container-bc3f6145\">\n<div class=\"gb-container gb-container-e0ab9dd7\">\n\n<h2 class=\"gb-headline gb-headline-c593864c gb-headline-text\"><strong>Wir beraten Sie pers\u00f6nlich<\/strong><\/h2>\r\n\n\n\n<hr class=\"wp-block-separator has-text-color has-alpha-channel-opacity has-background is-style-default\" style=\"background-color:#c3c3c3;color:#c3c3c3\"\/>\n\n\n<div class=\"gb-container gb-container-30f9a422\">\n<div class=\"gb-container gb-container-d1b3811f\">\n\n<figure class=\"gb-block-image gb-block-image-fcc53e52\"><img loading=\"lazy\" decoding=\"async\" width=\"300\" height=\"300\" class=\"gb-image gb-image-fcc53e52\" src=\"https:\/\/www.maptoolkit.com\/wp-content\/uploads\/2020\/02\/PeterH_LUX_0871@lisalux1_square-300x300.jpg\" alt=\"\" title=\"PeterH_LUX_0871@lisalux1_square\" srcset=\"https:\/\/www.maptoolkit.com\/wp-content\/uploads\/2020\/02\/PeterH_LUX_0871@lisalux1_square-300x300.jpg 300w, https:\/\/www.maptoolkit.com\/wp-content\/uploads\/2020\/02\/PeterH_LUX_0871@lisalux1_square-150x150.jpg 150w, https:\/\/www.maptoolkit.com\/wp-content\/uploads\/2020\/02\/PeterH_LUX_0871@lisalux1_square-146x146.jpg 146w, https:\/\/www.maptoolkit.com\/wp-content\/uploads\/2020\/02\/PeterH_LUX_0871@lisalux1_square-50x50.jpg 50w, https:\/\/www.maptoolkit.com\/wp-content\/uploads\/2020\/02\/PeterH_LUX_0871@lisalux1_square-75x75.jpg 75w, https:\/\/www.maptoolkit.com\/wp-content\/uploads\/2020\/02\/PeterH_LUX_0871@lisalux1_square-85x85.jpg 85w, https:\/\/www.maptoolkit.com\/wp-content\/uploads\/2020\/02\/PeterH_LUX_0871@lisalux1_square-80x80.jpg 80w, https:\/\/www.maptoolkit.com\/wp-content\/uploads\/2020\/02\/PeterH_LUX_0871@lisalux1_square.jpg 387w\" sizes=\"auto, (max-width: 300px) 100vw, 300px\" \/><\/figure>\r\n\n<\/div>\n\n<div class=\"gb-container gb-container-97a801dd\">\n\n<p class=\"has-text-color has-link-color wp-elements-9baf76a7ae05be2909cab9f7aec274d6\" style=\"color:#595959\">Mein Name ist Peter H\u00f6flehner und ich werde Ihr<br\/>Projekt- und Key Account-Manager sein.<\/p>\n\n\n\n<a class=\"gb-button gb-button-d3a3b162 gb-button-text gbp-button--primary\" href=\"tel:+436641308111\">Handy +43 664 1308111<\/a>\r\n\n\n\n<a class=\"gb-button gb-button-ca57bc22 gb-button-text gbp-button--primary\" href=\"mailto:peter@maptoolkit.com\">peter@maptoolkit.com<\/a>\r\n\n<\/div>\n<\/div>\n<\/div>\n<\/div>","protected":false},"excerpt":{"rendered":"<p>Elevation API Ermitteln Sie die H\u00f6he jedes beliebigen Punktes auf der Erde Die Maptoolkit Elevation API bietet eine einfache Schnittstelle, &#8230; <\/p>\n<p class=\"read-more-container\"><a title=\"Elevation API\" class=\"read-more button\" href=\"https:\/\/www.maptoolkit.com\/de\/api\/elevation-api\/#more-1864\" aria-label=\"Mehr Informationen \u00fcber Elevation API\">Weiterlesen &#8230;<\/a><\/p>\n","protected":false},"author":6,"featured_media":0,"parent":1925,"menu_order":5,"comment_status":"closed","ping_status":"closed","template":"","meta":{"footnotes":""},"class_list":["post-1864","page","type-page","status-publish"],"_links":{"self":[{"href":"https:\/\/www.maptoolkit.com\/de\/wp-json\/wp\/v2\/pages\/1864","targetHints":{"allow":["GET"]}}],"collection":[{"href":"https:\/\/www.maptoolkit.com\/de\/wp-json\/wp\/v2\/pages"}],"about":[{"href":"https:\/\/www.maptoolkit.com\/de\/wp-json\/wp\/v2\/types\/page"}],"author":[{"embeddable":true,"href":"https:\/\/www.maptoolkit.com\/de\/wp-json\/wp\/v2\/users\/6"}],"replies":[{"embeddable":true,"href":"https:\/\/www.maptoolkit.com\/de\/wp-json\/wp\/v2\/comments?post=1864"}],"version-history":[{"count":5,"href":"https:\/\/www.maptoolkit.com\/de\/wp-json\/wp\/v2\/pages\/1864\/revisions"}],"predecessor-version":[{"id":6143,"href":"https:\/\/www.maptoolkit.com\/de\/wp-json\/wp\/v2\/pages\/1864\/revisions\/6143"}],"up":[{"embeddable":true,"href":"https:\/\/www.maptoolkit.com\/de\/wp-json\/wp\/v2\/pages\/1925"}],"wp:attachment":[{"href":"https:\/\/www.maptoolkit.com\/de\/wp-json\/wp\/v2\/media?parent=1864"}],"curies":[{"name":"wp","href":"https:\/\/api.w.org\/{rel}","templated":true}]}}