{"id":1867,"date":"2022-06-14T10:48:26","date_gmt":"2022-06-14T10:48:26","guid":{"rendered":"https:\/\/www.maptoolkit.com\/?page_id=1867"},"modified":"2026-02-09T14:15:21","modified_gmt":"2026-02-09T14:15:21","slug":"map-matching-api","status":"publish","type":"page","link":"https:\/\/www.maptoolkit.com\/de\/api\/map-matching-api\/","title":{"rendered":"Map Matching API"},"content":{"rendered":"<div class=\"gb-container gb-container-2e04555a gbp-section\">\n\n<h1 class=\"gb-headline gb-headline-7b65ebbd gb-headline-text\">Map Matching API<\/h1>\n\n\n\n<p class=\"gb-headline gb-headline-6ff16d7b gb-headline-text\">GPS-Daten mit dem Stra\u00dfennetz abgleichen<\/p>\n\n\n\n<p class=\"gb-headline gb-headline-c9cacb79 gb-headline-text\">Die <strong>Maptoolkit Map Matching API<\/strong> ist eine leistungsstarke Funktion unserer <a href=\"\/de\/api\/routing-api\">Routing API<\/a>, mit der Sie aufgezeichnete Routen (GPX-, KML- oder GeoJSON-Dateien) pr\u00e4zise an das zugrunde liegende Stra\u00dfennetz anpassen k\u00f6nnen. Unsere Map-Matching-Funktionalit\u00e4t nutzt dieselbe Technologie wie die Routing API und erm\u00f6glicht das Matching von Routen f\u00fcr die Verkehrsmittel Auto, Fahrrad und Fu\u00df.<\/p>\n\n\n\n<p class=\"gb-headline gb-headline-87fba433 gb-headline-text\">Indem sie Turn-by-Turn-Navigation mit detaillierten Anweisungen f\u00fcr aufgezeichnete Routen erm\u00f6glicht, stellt unsere Map Matching API ein wertvolles Werkzeug dar, das sonst nicht verf\u00fcgbar w\u00e4re, da in aufgezeichneten Routen in der Regel keine Informationen zu Kreuzungen und Stra\u00dfenwechseln enthalten sind.<\/p>\n\n\n\n<figure class=\"gb-block-image gb-block-image-6d2353f8\"><img loading=\"lazy\" decoding=\"async\" width=\"621\" height=\"438\" class=\"gb-image gb-image-6d2353f8\" src=\"https:\/\/www.maptoolkit.com\/wp-content\/uploads\/2022\/07\/map-matching-2.gif\" alt=\"\" title=\"map-matching\"\/><\/figure>\r\n\n\n\n<p class=\"gb-headline gb-headline-b15ab0d1 gb-headline-text\">Die Maptoolkit Map Matching API ist eine robuste L\u00f6sung, um aufgezeichnete Routen pr\u00e4zise an das zugrunde liegende Stra\u00dfennetz anzupassen und Turn-by-Turn-Navigation mit detaillierten Anweisungen bereitzustellen. Mit Unterst\u00fctzung f\u00fcr verschiedene Verkehrsmittel bietet unsere Map Matching API ein wertvolles Werkzeug, um Ihre Daten anzureichern oder die Funktionalit\u00e4t Ihrer Software zu erweitern.<\/p>\n\n\n\n<p class=\"gb-headline gb-headline-866da7a9 gb-headline-text\">Die Map Matching API ist derzeit nicht im requestbasierten Preismodell verf\u00fcgbar. Sie ist jedoch Teil von Maptoolkit Enterprise. Details siehe <a href=\"\/de\/preise\">Maptoolkit Preise<\/a>.<\/p>\n\n\n\n<div>\n<h2 class=\"gb-text gb-text-1854594d\">Beispiel &#8230;<\/h2>\r\n\n\n\n<p class=\"gb-text gb-text-0d2a28c8\">Testen Sie unser Map Matching, indem Sie eine beliebige GPX-, KML- oder GeoJSON-Datei hochladen oder einfach eine Route zeichnen, nachdem Sie den Dialog geschlossen haben und auf die Karte klicken.<\/p>\n\n\n<p><iframe id=\"mtk_enhance_editor\" style=\"border: none; width: 100%; height: 600px; overflow: hidden;\" src=\"https:\/\/maptoolkit.net\/admin?tpl=\/admin\/apis\/routing-enhancement-api\/enhance-editor.tpl&amp;api_key=tash\"><iframe><\/iframe><\/iframe><\/p>\n<\/div>\n\n\n<div class=\"gb-container gb-container-2e66af5b gbp-section\">\n\n<h2 class=\"gb-headline gb-headline-8c726164 gb-headline-text\">Unser Preismodell<\/h2>\r\n\n\n<div class=\"gb-container gb-container-dd948cd5\">\n<div class=\"gb-container gb-container-e628e053\">\n<div class=\"gb-container gb-container-a22c4532\">\n\n<figure class=\"gb-block-image gb-block-image-303593ca\"><img loading=\"lazy\" decoding=\"async\" width=\"1536\" height=\"1024\" class=\"gb-image gb-image-303593ca\" src=\"https:\/\/www.maptoolkit.com\/wp-content\/uploads\/2025\/04\/Pricing-Gradient.png\" alt=\"\" title=\"Pricing Gradient\" srcset=\"https:\/\/www.maptoolkit.com\/wp-content\/uploads\/2025\/04\/Pricing-Gradient.png 1536w, https:\/\/www.maptoolkit.com\/wp-content\/uploads\/2025\/04\/Pricing-Gradient-300x200.png 300w, https:\/\/www.maptoolkit.com\/wp-content\/uploads\/2025\/04\/Pricing-Gradient-1024x683.png 1024w, https:\/\/www.maptoolkit.com\/wp-content\/uploads\/2025\/04\/Pricing-Gradient-768x512.png 768w\" sizes=\"auto, (max-width: 1536px) 100vw, 1536px\" \/><\/figure>\r\n\n<\/div>\n\n<div class=\"gb-container gb-container-18861ea6\">\n\n<p class=\"gb-headline gb-headline-efe27d06 gb-headline-text\"><strong>Flexible Preisgestaltung, die sich Ihren Anforderungen anpasst<br><\/strong>Starten Sie mit unserer kostenlosen Stufe, zahlen Sie bei wachsendem Bedarf pro Anfrage \u00fcber RapidAPI oder w\u00e4hlen Sie eine Enterprise-Lizenz f\u00fcr vollen Zugriff.<\/p>\r\n\n<\/div>\n<\/div>\n\n<div class=\"gb-container gb-container-f743df99\">\n\n<a class=\"gb-button gb-button-d88b3291 gb-button-text gbp-button--primary\" href=\"https:\/\/www.maptoolkit.com\/de\/preise\/\">Siehe unsere <br>Preistabelle<\/a>\r\n\n<\/div>\n<\/div>\n<\/div>\n\n\n<h3 class=\"gb-headline gb-headline-7e86613b gb-headline-text\">FAQ<\/h3>\n\n\n<div class=\"gb-container gb-container-07fd6cd5\">\n<div class=\"gb-container gb-container-4f7d4fb7 gb-accordion\">\n<div class=\"gb-container gb-container-9f78fc57 accordion_item_FAQ gb-accordion__item\" data-transition=\"slide\">\n\n<button class=\"gb-button gb-button-659f84d4 gb-accordion__toggle accordion_title_FAQ\" id=\"gb-accordion-toggle-659f84d4\"><span class=\"gb-button-text\">Wie geht die API mit Routen mit komplexen Geometrien, zum Beispiel mehrteiligen Reisen, um?<\/span><span class=\"gb-icon\"><svg xmlns=\"http:\/\/www.w3.org\/2000\/svg\" viewBox=\"0 0 448 512\" width=\"1em\" height=\"1em\" aria-hidden=\"true\" role=\"img\" class=\"gb-accordion__icon\"><path d=\"M207.029 381.476L12.686 187.132c-9.373-9.373-9.373-24.569 0-33.941l22.667-22.667c9.357-9.357 24.522-9.375 33.901-.04L224 284.505l154.745-154.021c9.379-9.335 24.544-9.317 33.901.04l22.667 22.667c9.373 9.373 9.373 24.569 0 33.941L240.971 381.476c-9.373 9.372-24.569 9.372-33.942 0z\" fill=\"currentColor\"><\/path><\/svg><svg xmlns=\"http:\/\/www.w3.org\/2000\/svg\" viewBox=\"0 0 448 512\" width=\"1em\" height=\"1em\" aria-hidden=\"true\" role=\"img\" class=\"gb-accordion__icon-open\"><path d=\"M240.971 130.524l194.343 194.343c9.373 9.373 9.373 24.569 0 33.941l-22.667 22.667c-9.357 9.357-24.522 9.375-33.901.04L224 227.495 69.255 381.516c-9.379 9.335-24.544 9.317-33.901-.04l-22.667-22.667c-9.373-9.373-9.373-24.569 0-33.941L207.03 130.525c9.372-9.373 24.568-9.373 33.941-.001z\" fill=\"currentColor\"><\/path><\/svg><\/span><\/button>\r\n\n\n<div id=\"gb-accordion-content-b78c98a0\" class=\"gb-accordion__content\"><div class=\"gb-container gb-container-b78c98a0\">\n\n<p>Die API kann komplexe Geometrien verarbeiten, solange diese als eine einzige Route verbunden sind. Bei mehrteiligen Reisen oder mehreren nicht verbundenen Routen wird nur die erste Route in der Datei angezeigt.<\/p>\n\n<\/div><\/div>\n<\/div>\n\n<div class=\"gb-container gb-container-248fc525 accordion_item_FAQ gb-accordion__item\" data-transition=\"slide\">\n\n<button class=\"gb-button gb-button-772d1d46 gb-accordion__toggle accordion_title_FAQ\" id=\"gb-accordion-toggle-772d1d46\"><span class=\"gb-button-text\">Kann ich die API-Einstellungen anpassen, um bestimmte Stra\u00dfentypen zu bevorzugen oder bestimmte Routen zu vermeiden?<\/span><span class=\"gb-icon\"><svg xmlns=\"http:\/\/www.w3.org\/2000\/svg\" viewBox=\"0 0 448 512\" width=\"1em\" height=\"1em\" aria-hidden=\"true\" role=\"img\" class=\"gb-accordion__icon\"><path d=\"M207.029 381.476L12.686 187.132c-9.373-9.373-9.373-24.569 0-33.941l22.667-22.667c9.357-9.357 24.522-9.375 33.901-.04L224 284.505l154.745-154.021c9.379-9.335 24.544-9.317 33.901.04l22.667 22.667c9.373 9.373 9.373 24.569 0 33.941L240.971 381.476c-9.373 9.372-24.569 9.372-33.942 0z\" fill=\"currentColor\"><\/path><\/svg><svg xmlns=\"http:\/\/www.w3.org\/2000\/svg\" viewBox=\"0 0 448 512\" width=\"1em\" height=\"1em\" aria-hidden=\"true\" role=\"img\" class=\"gb-accordion__icon-open\"><path d=\"M240.971 130.524l194.343 194.343c9.373 9.373 9.373 24.569 0 33.941l-22.667 22.667c-9.357 9.357-24.522 9.375-33.901.04L224 227.495 69.255 381.516c-9.379 9.335-24.544 9.317-33.901-.04l-22.667-22.667c-9.373-9.373-9.373-24.569 0-33.941L207.03 130.525c9.372-9.373 24.568-9.373 33.941-.001z\" fill=\"currentColor\"><\/path><\/svg><\/span><\/button>\r\n\n\n<div id=\"gb-accordion-content-d1497277\" class=\"gb-accordion__content\"><div class=\"gb-container gb-container-d1497277\">\n\n<p>Es k\u00f6nnen dieselben Routing-Profile wie f\u00fcr die Routing API verwendet werden. Die map-gematchte Route entspricht daher diesen Profilen.<\/p>\n\n<\/div><\/div>\n<\/div>\n<\/div>\n<\/div>\n<\/div><div class=\"gb-container gb-container-bc3f6145\">\n<div class=\"gb-container gb-container-e0ab9dd7\">\n\n<h2 class=\"gb-headline gb-headline-c593864c gb-headline-text\"><strong>Wir beraten Sie pers\u00f6nlich<\/strong><\/h2>\r\n\n\n\n<hr class=\"wp-block-separator has-text-color has-alpha-channel-opacity has-background is-style-default\" style=\"background-color:#c3c3c3;color:#c3c3c3\"\/>\n\n\n<div class=\"gb-container gb-container-30f9a422\">\n<div class=\"gb-container gb-container-d1b3811f\">\n\n<figure class=\"gb-block-image gb-block-image-fcc53e52\"><img loading=\"lazy\" decoding=\"async\" width=\"300\" height=\"300\" class=\"gb-image gb-image-fcc53e52\" src=\"https:\/\/www.maptoolkit.com\/wp-content\/uploads\/2020\/02\/PeterH_LUX_0871@lisalux1_square-300x300.jpg\" alt=\"\" title=\"PeterH_LUX_0871@lisalux1_square\" srcset=\"https:\/\/www.maptoolkit.com\/wp-content\/uploads\/2020\/02\/PeterH_LUX_0871@lisalux1_square-300x300.jpg 300w, https:\/\/www.maptoolkit.com\/wp-content\/uploads\/2020\/02\/PeterH_LUX_0871@lisalux1_square-150x150.jpg 150w, https:\/\/www.maptoolkit.com\/wp-content\/uploads\/2020\/02\/PeterH_LUX_0871@lisalux1_square-146x146.jpg 146w, https:\/\/www.maptoolkit.com\/wp-content\/uploads\/2020\/02\/PeterH_LUX_0871@lisalux1_square-50x50.jpg 50w, https:\/\/www.maptoolkit.com\/wp-content\/uploads\/2020\/02\/PeterH_LUX_0871@lisalux1_square-75x75.jpg 75w, https:\/\/www.maptoolkit.com\/wp-content\/uploads\/2020\/02\/PeterH_LUX_0871@lisalux1_square-85x85.jpg 85w, https:\/\/www.maptoolkit.com\/wp-content\/uploads\/2020\/02\/PeterH_LUX_0871@lisalux1_square-80x80.jpg 80w, https:\/\/www.maptoolkit.com\/wp-content\/uploads\/2020\/02\/PeterH_LUX_0871@lisalux1_square.jpg 387w\" sizes=\"auto, (max-width: 300px) 100vw, 300px\" \/><\/figure>\r\n\n<\/div>\n\n<div class=\"gb-container gb-container-97a801dd\">\n\n<p class=\"has-text-color has-link-color wp-elements-9baf76a7ae05be2909cab9f7aec274d6\" style=\"color:#595959\">Mein Name ist Peter H\u00f6flehner und ich werde Ihr<br\/>Projekt- und Key Account-Manager sein.<\/p>\n\n\n\n<a class=\"gb-button gb-button-d3a3b162 gb-button-text gbp-button--primary\" href=\"tel:+436641308111\">Handy +43 664 1308111<\/a>\r\n\n\n\n<a class=\"gb-button gb-button-ca57bc22 gb-button-text gbp-button--primary\" href=\"mailto:peter@maptoolkit.com\">peter@maptoolkit.com<\/a>\r\n\n<\/div>\n<\/div>\n<\/div>\n<\/div>","protected":false},"excerpt":{"rendered":"<p>Map Matching API GPS-Daten mit dem Stra\u00dfennetz abgleichen Die Maptoolkit Map Matching API ist eine leistungsstarke Funktion unserer Routing API, &#8230; <\/p>\n<p class=\"read-more-container\"><a title=\"Map Matching API\" class=\"read-more button\" href=\"https:\/\/www.maptoolkit.com\/de\/api\/map-matching-api\/#more-1867\" aria-label=\"Mehr Informationen \u00fcber Map Matching API\">Weiterlesen &#8230;<\/a><\/p>\n","protected":false},"author":6,"featured_media":0,"parent":1925,"menu_order":6,"comment_status":"closed","ping_status":"closed","template":"","meta":{"footnotes":""},"class_list":["post-1867","page","type-page","status-publish"],"_links":{"self":[{"href":"https:\/\/www.maptoolkit.com\/de\/wp-json\/wp\/v2\/pages\/1867","targetHints":{"allow":["GET"]}}],"collection":[{"href":"https:\/\/www.maptoolkit.com\/de\/wp-json\/wp\/v2\/pages"}],"about":[{"href":"https:\/\/www.maptoolkit.com\/de\/wp-json\/wp\/v2\/types\/page"}],"author":[{"embeddable":true,"href":"https:\/\/www.maptoolkit.com\/de\/wp-json\/wp\/v2\/users\/6"}],"replies":[{"embeddable":true,"href":"https:\/\/www.maptoolkit.com\/de\/wp-json\/wp\/v2\/comments?post=1867"}],"version-history":[{"count":4,"href":"https:\/\/www.maptoolkit.com\/de\/wp-json\/wp\/v2\/pages\/1867\/revisions"}],"predecessor-version":[{"id":6237,"href":"https:\/\/www.maptoolkit.com\/de\/wp-json\/wp\/v2\/pages\/1867\/revisions\/6237"}],"up":[{"embeddable":true,"href":"https:\/\/www.maptoolkit.com\/de\/wp-json\/wp\/v2\/pages\/1925"}],"wp:attachment":[{"href":"https:\/\/www.maptoolkit.com\/de\/wp-json\/wp\/v2\/media?parent=1867"}],"curies":[{"name":"wp","href":"https:\/\/api.w.org\/{rel}","templated":true}]}}