{"id":1873,"date":"2022-06-14T10:49:13","date_gmt":"2022-06-14T10:49:13","guid":{"rendered":"https:\/\/www.maptoolkit.com\/?page_id=1873"},"modified":"2025-12-03T16:01:21","modified_gmt":"2025-12-03T16:01:21","slug":"data-enhancement-tools","status":"publish","type":"page","link":"https:\/\/www.maptoolkit.com\/de\/api\/data-enhancement-tools\/","title":{"rendered":"Data Enhancement Tools"},"content":{"rendered":"<div class=\"gb-container gb-container-37dcbbe5 gbp-section\">\n\n<h1 class=\"gb-headline gb-headline-d5fb822b gb-headline-text\">Data Enhancement Tools<\/h1>\n\n\n\n<p class=\"gb-headline gb-headline-d582f4b7 gb-headline-text\">Bereichern Sie Ihre Routen und Ihr Routing mit Ihren Daten<\/p>\n\n\n\n<p class=\"gb-headline gb-headline-06ec8ff8 gb-headline-text\">Die <strong>Maptoolkit Data Enhancement Tools<\/strong> helfen dabei, Routen und Routingergebnisse gezielt aufzuwerten. Sie sind eine intelligente Kombination unserer APIs, die eingesetzt wird, um spezifische Kundenanforderungen zu erf\u00fcllen. (Damit bieten sie ein Alleinstellungsmerkmal, das Sie so kaum bei anderen Anbietern am Markt finden.)<\/p>\n\n\n\n<p class=\"gb-headline gb-headline-3bc8d756 gb-headline-text\">Die Enhancement APIs sind im requestbasierten Preismodell \u00fcber den RapidAPI-Marktplatz verf\u00fcgbar und au\u00dferdem Teil von Maptoolkit Enterprise. Details siehe <a href=\"\/de\/preise\">Maptoolkit Preise<\/a>.<\/p>\n\n\n\n<h2 class=\"gb-headline gb-headline-66621ae0 gb-headline-text\">Routen und Tracks aufwerten<\/h2>\n\n\n\n<p class=\"gb-headline gb-headline-c165c3f8 gb-headline-text\">Mit der <strong>Route Enhancement API<\/strong> geben Sie eine Route bzw. einen Track (GPX oder GeoJSON) ein und erhalten sofort ein H\u00f6henprofil, verschiedene Metadaten (H\u00f6henmeter bergauf und bergab, Distanz, h\u00f6chster Punkt, berechnete Geh- und Fahrzeiten, Oberfl\u00e4chenqualit\u00e4t) sowie Weganweisungen, die Sie zum Beispiel in Cuesheets (Roadbooks) oder als Audioansagen verwenden k\u00f6nnen.<\/p>\n\n\n\n<figure class=\"gb-block-image gb-block-image-e4106b43\"><img loading=\"lazy\" decoding=\"async\" width=\"1980\" height=\"614\" class=\"gb-image gb-image-e4106b43\" title=\"route-enhancement-api\" src=\"https:\/\/www.maptoolkit.com\/wp-content\/uploads\/2022\/09\/route-enhancement-api.png\" alt=\"\" srcset=\"https:\/\/www.maptoolkit.com\/wp-content\/uploads\/2022\/09\/route-enhancement-api.png 1980w, https:\/\/www.maptoolkit.com\/wp-content\/uploads\/2022\/09\/route-enhancement-api-300x93.png 300w, https:\/\/www.maptoolkit.com\/wp-content\/uploads\/2022\/09\/route-enhancement-api-1024x318.png 1024w, https:\/\/www.maptoolkit.com\/wp-content\/uploads\/2022\/09\/route-enhancement-api-768x238.png 768w, https:\/\/www.maptoolkit.com\/wp-content\/uploads\/2022\/09\/route-enhancement-api-1536x476.png 1536w, https:\/\/www.maptoolkit.com\/wp-content\/uploads\/2022\/09\/route-enhancement-api-260x81.png 260w, https:\/\/www.maptoolkit.com\/wp-content\/uploads\/2022\/09\/route-enhancement-api-50x16.png 50w, https:\/\/www.maptoolkit.com\/wp-content\/uploads\/2022\/09\/route-enhancement-api-150x47.png 150w\" sizes=\"auto, (max-width: 1980px) 100vw, 1980px\" \/><\/figure>\n\n\n\n<p class=\"gb-headline gb-headline-ecbeb518 gb-headline-text\">Die Route Enhancement API ist eine intelligente Kombination anderer Maptoolkit APIs: <a href=\"\/de\/api\/routing-api\/\">Routing API<\/a>, <a href=\"\/de\/api\/elevation-api\">Elevation API<\/a> und <a href=\"\/de\/api\/map-matching-api\">Map Matching API<\/a>.<\/p>\n\n\n\n<p class=\"gb-headline gb-headline-87c5945b gb-headline-text\"><strong>Beispiel<\/strong>: Hier sehen Sie eine GPS-getrackte Route, angereichert mit einem H\u00f6henprofil (inklusive Oberfl\u00e4chen) und Navigationsanweisungen.<\/p>\n\n\n\n<div class=\"gb-element-e16eb509 mtk-markdown-hide\"><div class=\"mtk-markdown markdown-body\"><div class=\"markdown-heading\"><h1 class=\"heading-element\">Route Enhancement<\/h1><a id=\"user-content-route-enhancement\" class=\"anchor\" aria-label=\"Permalink: Route Enhancement\" href=\"#route-enhancement\"><span aria-hidden=\"true\" class=\"octicon octicon-link\"><\/span><\/a><\/div>\n<p>Use <a href=\"https:\/\/maptoolkit.net\/admin\/apis\/route-enhancement-api\/documentation\" rel=\"nofollow\">Route Enhancement API<\/a> to get a routes elevation, surfaces and instructions.<\/p>\n<p><iframe width=\"100%\" height=\"500\" id=\"mtk_iframe_0e654ec1663fa4ada0ed4301453851ce\" style=\"border:none\"><\/iframe><\/p>\n<\/div>      <script>\n        (() => {\n          let mtk_iframes = {\"mtk_iframe_0e654ec1663fa4ada0ed4301453851ce\":[\"<iframe width=\\\"100%\\\" height=\\\"500\\\" id=\\\"mtk_iframe_0e654ec1663fa4ada0ed4301453851ce\\\" style=\\\"border:none\\\"><\\\/iframe>\",\"\\n<html>\\n  <head>\\n    <link rel=\\\"stylesheet\\\" href=\\\"https:\\\/\\\/static.maptoolkit.net\\\/mtk\\\/v10.1.10\\\/mtk.css\\\" \\\/>\\n    <link rel=\\\"stylesheet\\\" href=\\\"https:\\\/\\\/static.maptoolkit.net\\\/mtk\\\/v10.1.10\\\/ui.css\\\">\\n    <link rel=\\\"stylesheet\\\" href=\\\"https:\\\/\\\/static.maptoolkit.net\\\/mtk\\\/v10.1.10\\\/elevationprofile.css\\\" \\\/>\\n    <script src=\\\"https:\\\/\\\/static.maptoolkit.net\\\/mtk\\\/v10.1.10\\\/mtk.js\\\"><\\\/script>\\n    <script src=\\\"https:\\\/\\\/static.maptoolkit.net\\\/mtk\\\/v10.1.10\\\/elevationprofile.js\\\"><\\\/script>\\n    <style>\\n      body { display: flex; height: 100%; padding: 0; margin: 0; }\\n      #map { flex: 1; height: 100%; }\\n      .instructions { box-sizing: border-box; width: 450px; height: 270px; overflow: auto; padding: 15px; }\\n      .instruction { display: flex; align-items: center; border-bottom: 1px solid #777; color: #777; margin-bottom: 15px; }\\n      .instruction:hover { border-color: #000; color: #000; }\\n      .instruction * { pointer-events: none; }\\n      .instruction > *:first-child { width: 40px; text-align: center; margin-right: 15px; }\\n    <\\\/style>\\n  <\\\/head>\\n  <body>\\n    <div id=\\\"map\\\"><\\\/div>\\n    <div id=\\\"instructions\\\"><\\\/div>\\n    <script>\\n      MTK.getJSON(\\\"https:\\\/\\\/enhance.maptoolkit.net\\\/route\\\", {\\n        api_key: \\\"toursprung\\\",\\n        surface: 1,\\n        elevation: 1,\\n        mapmatch: 1,\\n        kml: \\\"https:\\\/\\\/maptoolkit.net\\\/export\\\/ts_demo_tours\\\/_1605792867.kml?api_key=toursprung\\\",\\n      }, (err, route) => {\\n        \\\/\\\/ Create polyline from enhanced route data\\n        let polyline = new MTK.Polyline().setLngLats(route.mapmatch[0].geometry.coordinates);\\n\\n        MTK.init({ apiKey: \\\"toursprung\\\" }).createMap(\\\"map\\\", {\\n          map: {\\n            location: {\\n              bounds: polyline.getBounds(), \\\/\\\/ Fit map to polyline bounds\\n            },\\n            options: {\\n              fitBoundsOptions: { padding: { top: 25, bottom: 25, left: 25, right: 500 } },\\n            },\\n          },\\n        }, (map) => {\\n          polyline.addTo(map);\\n\\n          \\\/\\\/ Create elevation profile using already fetched route data\\n          new MTK.ElevationProfile({ surface: true }).setRoute(route).addTo(map);\\n\\n          \\\/\\\/ Add instructions as map control\\n          map.gl.addControl(new class {\\n            onAdd() {\\n              let $container = document.createElement(\\\"div\\\");\\n              $container.classList.add(\\\"instructions\\\", \\\"maplibregl-ctrl\\\", \\\"maplibregl-ctrl-group\\\");\\n              let icons = {\\n                \\\"-3\\\": \\\"TSHL\\\",\\n                \\\"-2\\\": \\\"TL\\\",\\n                \\\"-1\\\": \\\"TSLL\\\",\\n                \\\"0\\\": \\\"C\\\",\\n                \\\"1\\\": \\\"TSLR\\\",\\n                \\\"2\\\": \\\"TR\\\",\\n                \\\"3\\\": \\\"TSHR\\\",\\n                \\\"4\\\": \\\"destination\\\",\\n                \\\"5\\\": \\\"via\\\",\\n                \\\"6\\\": \\\"R\\\",\\n              };\\n              let marker = new MTK.Marker({ imageId: \\\"via\\\", imageSize: 0.5 });\\n              route.mapmatch[0].instructions.forEach((instruction) => {\\n                let $instruction = document.createElement(\\\"div\\\"),\\n                  $left = document.createElement(\\\"div\\\"),\\n                  $right = document.createElement(\\\"div\\\"),\\n                  $icon = document.createElement(\\\"img\\\"),\\n                  $distance = document.createElement(\\\"div\\\"),\\n                  $text = document.createElement(\\\"span\\\");\\n                  $icon.src = `https:\\\/\\\/static.maptoolkit.net\\\/images\\\/routeplanner\\\/${icons[instruction.sign]}.png`;\\n                  $distance.innerText = `${Math.round(instruction.distance)}m`;\\n                  $text.innerText = instruction.text;\\n                $instruction.classList.add(\\\"instruction\\\");\\n                $instruction.addEventListener(\\\"mouseenter\\\", () => marker.setLngLat(instruction.coordinate).addTo(map));\\n                $instruction.addEventListener(\\\"mouseout\\\", () => marker.remove());\\n                $left.appendChild($icon);\\n                $left.appendChild($distance);\\n                $right.appendChild($text);\\n                $instruction.appendChild($left);\\n                $instruction.appendChild($right);\\n                $container.appendChild($instruction);\\n              });\\n              return $container;\\n            }\\n          }(), \\\"top-right\\\");\\n        });\\n      });\\n    <\\\/script>\\n  <\\\/body>\\n<\\\/html>\\n\"]};\n          for (let id in mtk_iframes) {\n            let iframe = document.getElementById(id);\n            iframe.contentWindow.document.open();\n            iframe.contentWindow.document.write(mtk_iframes[id][1]);\n            iframe.contentWindow.document.close();\n          }\n        })();\n      <\/script>\n<\/div>\n\n<\/div>\n<div class=\"gb-element-686dca97\">\n<div class=\"gbp-section\">\n<h2 class=\"gb-text gb-text-c65b51de\">Ihre POI-Datenbank aufwerten<\/h2>\n\n\n\n<div>\n<div class=\"gb-element-169809e3\">\n<p class=\"gb-text\">Verwandeln Sie einfache GPX-Listen in deutlich reichhaltigere, n\u00fctzlichere Listeneintr\u00e4ge. Unser Algorithmus verarbeitet Ihre Punkte und Routen und liefert zus\u00e4tzliche Felder sowie ein statisches Kartenbild, das Sie in Ihren <strong>Listeneintr\u00e4gen<\/strong> anzeigen k\u00f6nnen.<\/p>\n\n\n\n<h3 class=\"gb-text\">Was automatisch erg\u00e4nzt wird<\/h3>\n\n\n\n<ul class=\"wp-block-list\">\n<li><strong>Fallback-Titelbild<\/strong>: Eine <a href=\"\/de\/api\/static-maps-api\">Statische Karte<\/a> pro Eintrag f\u00fcr Listen-Thumbnails oder Karten, die angezeigt wird, sofern kein eigenes Bild gew\u00e4hlt wurde<\/li>\n\n\n\n<li><strong><a href=\"\/de\/api\/elevation-api\">H\u00f6heninformation<\/a><\/strong>: H\u00f6he f\u00fcr Points of Interest (z. B. Gipfel oder Bergh\u00fctten), h\u00f6chster und niedrigster Punkt entlang einer Route, Auf- und Abstieg entlang einer Route<\/li>\n\n\n\n<li><strong>F\u00fcr Routen<\/strong>: Distanz, gesch\u00e4tzte Reisezeit, Bodenbeschaffenheit sowie Richtungsanweisungen zur Anzeige<\/li>\n\n\n\n<li><strong><a href=\"\/de\/api\/wetter-api\">Wetter<\/a><\/strong>: Anzeige aktueller oder prognostizierter Wetterbedingungen f\u00fcr die Routen oder POIs in Ihrem GPX<\/li>\n<\/ul>\n<\/div>\n\n\n\n<div class=\"gb-element-23e1c704\">\n<img loading=\"lazy\" decoding=\"async\" width=\"1433\" height=\"888\" class=\"gb-media-76ba5df7\" title=\"POI Database\" src=\"https:\/\/www.maptoolkit.com\/wp-content\/uploads\/2025\/09\/POI-Database.png\" alt=\"POI Database\" srcset=\"https:\/\/www.maptoolkit.com\/wp-content\/uploads\/2025\/09\/POI-Database.png 1433w, https:\/\/www.maptoolkit.com\/wp-content\/uploads\/2025\/09\/POI-Database-300x186.png 300w, https:\/\/www.maptoolkit.com\/wp-content\/uploads\/2025\/09\/POI-Database-1024x635.png 1024w, https:\/\/www.maptoolkit.com\/wp-content\/uploads\/2025\/09\/POI-Database-768x476.png 768w\" sizes=\"auto, (max-width: 1433px) 100vw, 1433px\" \/>\n<\/div>\n<\/div>\n<\/div>\n<\/div>\n\n<div class=\"gbp-section\">\n<h2 class=\"gb-text gb-text-059f7f62\">Ihren Suchindex aufwerten<\/h2>\n\n\n\n<p class=\"gb-text gb-text-b0036ea1\">Personalisieren Sie Ihre Suche, indem Sie Ergebnisse auf ein Polygon eingrenzen, zum Beispiel auf Bundesl\u00e4nder, St\u00e4dte oder Seen, oder auf Punkte wie Orte von besonderem Interesse. Unser Enhancement-Algorithmus ermittelt, welche Ergebnisse sich in der N\u00e4he oder innerhalb eines interessanten Gebietes bzw. Ortes befinden. Eine Anfrage wie \u201eHotels am Lake Michigan\u201c kann so Eintr\u00e4ge innerhalb eines von Ihnen definierten Radius zur\u00fcckgeben, zum Beispiel 3 Kilometer vom Ufer entfernt. Eine Anfrage wie \u201eGipfel in den Dolomiten\u201c zeigt, welche Gipfel innerhalb des gew\u00e4hlten Fl\u00e4chenpolygons liegen.<\/p>\n\n\n<div class=\"gb-container gb-container-2e66af5b gbp-section\">\n\n<h2 class=\"gb-headline gb-headline-8c726164 gb-headline-text\">Unser Preismodell<\/h2>\r\n\n\n<div class=\"gb-container gb-container-dd948cd5\">\n<div class=\"gb-container gb-container-e628e053\">\n<div class=\"gb-container gb-container-a22c4532\">\n\n<figure class=\"gb-block-image gb-block-image-303593ca\"><img loading=\"lazy\" decoding=\"async\" width=\"1536\" height=\"1024\" class=\"gb-image gb-image-303593ca\" src=\"https:\/\/www.maptoolkit.com\/wp-content\/uploads\/2025\/04\/Pricing-Gradient.png\" alt=\"\" title=\"Pricing Gradient\" srcset=\"https:\/\/www.maptoolkit.com\/wp-content\/uploads\/2025\/04\/Pricing-Gradient.png 1536w, https:\/\/www.maptoolkit.com\/wp-content\/uploads\/2025\/04\/Pricing-Gradient-300x200.png 300w, https:\/\/www.maptoolkit.com\/wp-content\/uploads\/2025\/04\/Pricing-Gradient-1024x683.png 1024w, https:\/\/www.maptoolkit.com\/wp-content\/uploads\/2025\/04\/Pricing-Gradient-768x512.png 768w\" sizes=\"auto, (max-width: 1536px) 100vw, 1536px\" \/><\/figure>\r\n\n<\/div>\n\n<div class=\"gb-container gb-container-18861ea6\">\n\n<p class=\"gb-headline gb-headline-efe27d06 gb-headline-text\"><strong>Flexible Preisgestaltung, die sich Ihren Anforderungen anpasst<br><\/strong>Starten Sie mit unserer kostenlosen Stufe, zahlen Sie bei wachsendem Bedarf pro Anfrage \u00fcber RapidAPI oder w\u00e4hlen Sie eine Enterprise-Lizenz f\u00fcr vollen Zugriff.<\/p>\r\n\n<\/div>\n<\/div>\n\n<div class=\"gb-container gb-container-f743df99\">\n\n<a class=\"gb-button gb-button-d88b3291 gb-button-text gbp-button--primary\" href=\"https:\/\/www.maptoolkit.com\/de\/preise\/\">Siehe unsere <br>Preistabelle<\/a>\r\n\n<\/div>\n<\/div>\n<\/div>\n\n\n<h3 class=\"gb-headline gb-headline-489d1690 gb-headline-text\">FAQ<\/h3>\n\n\n<div class=\"gb-container gb-container-07fd6cd5\">\n<div class=\"gb-container gb-container-4f7d4fb7 gb-accordion\">\n<div class=\"gb-container gb-container-c3a7edd7 accordion_item_FAQ gb-accordion__item\" data-transition=\"slide\">\n\n<button class=\"gb-button gb-button-435fd0d6 gb-accordion__toggle accordion_title_FAQ\" id=\"gb-accordion-toggle-435fd0d6\"><span class=\"gb-button-text\">Wie genau ist das H\u00f6henprofil der Route Enhancement API?<\/span><span class=\"gb-icon\"><svg xmlns=\"http:\/\/www.w3.org\/2000\/svg\" viewBox=\"0 0 448 512\" width=\"1em\" height=\"1em\" aria-hidden=\"true\" role=\"img\" class=\"gb-accordion__icon\"><path d=\"M207.029 381.476L12.686 187.132c-9.373-9.373-9.373-24.569 0-33.941l22.667-22.667c9.357-9.357 24.522-9.375 33.901-.04L224 284.505l154.745-154.021c9.379-9.335 24.544-9.317 33.901.04l22.667 22.667c9.373 9.373 9.373 24.569 0 33.941L240.971 381.476c-9.373 9.372-24.569 9.372-33.942 0z\" fill=\"currentColor\"><\/path><\/svg><svg xmlns=\"http:\/\/www.w3.org\/2000\/svg\" viewBox=\"0 0 448 512\" width=\"1em\" height=\"1em\" aria-hidden=\"true\" role=\"img\" class=\"gb-accordion__icon-open\"><path d=\"M240.971 130.524l194.343 194.343c9.373 9.373 9.373 24.569 0 33.941l-22.667 22.667c-9.357 9.357-24.522 9.375-33.901.04L224 227.495 69.255 381.516c-9.379 9.335-24.544 9.317-33.901-.04l-22.667-22.667c-9.373-9.373-9.373-24.569 0-33.941L207.03 130.525c9.372-9.373 24.568-9.373 33.941-.001z\" fill=\"currentColor\"><\/path><\/svg><\/span><\/button>\r\n\n\n<div id=\"gb-accordion-content-27e91903\" class=\"gb-accordion__content\"><div class=\"gb-container gb-container-27e91903\">\n\n<p>Wir verwenden ein digitales H\u00f6henmodell mit einer Genauigkeit von 10 m in Deutschland, der Schweiz, \u00d6sterreich und einigen weiteren L\u00e4ndern sowie 30 m f\u00fcr den Rest der Welt.<\/p>\n\n<\/div><\/div>\n<\/div>\n\n<div class=\"gb-container gb-container-2156f2ff accordion_item_FAQ gb-accordion__item\" data-transition=\"slide\">\n\n<button class=\"gb-button gb-button-5326f2f0 gb-accordion__toggle accordion_title_FAQ\" id=\"gb-accordion-toggle-5326f2f0\"><span class=\"gb-button-text\">Welches Dateiformat akzeptiert die Route Enhancement API als Eingabe?<\/span><span class=\"gb-icon\"><svg xmlns=\"http:\/\/www.w3.org\/2000\/svg\" viewBox=\"0 0 448 512\" width=\"1em\" height=\"1em\" aria-hidden=\"true\" role=\"img\" class=\"gb-accordion__icon\"><path d=\"M207.029 381.476L12.686 187.132c-9.373-9.373-9.373-24.569 0-33.941l22.667-22.667c9.357-9.357 24.522-9.375 33.901-.04L224 284.505l154.745-154.021c9.379-9.335 24.544-9.317 33.901.04l22.667 22.667c9.373 9.373 9.373 24.569 0 33.941L240.971 381.476c-9.373 9.372-24.569 9.372-33.942 0z\" fill=\"currentColor\"><\/path><\/svg><svg xmlns=\"http:\/\/www.w3.org\/2000\/svg\" viewBox=\"0 0 448 512\" width=\"1em\" height=\"1em\" aria-hidden=\"true\" role=\"img\" class=\"gb-accordion__icon-open\"><path d=\"M240.971 130.524l194.343 194.343c9.373 9.373 9.373 24.569 0 33.941l-22.667 22.667c-9.357 9.357-24.522 9.375-33.901.04L224 227.495 69.255 381.516c-9.379 9.335-24.544 9.317-33.901-.04l-22.667-22.667c-9.373-9.373-9.373-24.569 0-33.941L207.03 130.525c9.372-9.373 24.568-9.373 33.941-.001z\" fill=\"currentColor\"><\/path><\/svg><\/span><\/button>\r\n\n\n<div id=\"gb-accordion-content-e5088299\" class=\"gb-accordion__content\"><div class=\"gb-container gb-container-e5088299\">\n\n<p>Es werden GPX, KML und GeoJSON unterst\u00fctzt.<\/p>\n\n<\/div><\/div>\n<\/div>\n\n<div class=\"gb-container gb-container-155b40c2 accordion_item_FAQ gb-accordion__item\" data-transition=\"slide\">\n\n<button class=\"gb-button gb-button-c1bde9d6 gb-accordion__toggle accordion_title_FAQ\" id=\"gb-accordion-toggle-c1bde9d6\"><span class=\"gb-button-text\">Welche Daten kann ich von der Route Enhancement API anfordern?<\/span><span class=\"gb-icon\"><svg xmlns=\"http:\/\/www.w3.org\/2000\/svg\" viewBox=\"0 0 448 512\" width=\"1em\" height=\"1em\" aria-hidden=\"true\" role=\"img\" class=\"gb-accordion__icon\"><path d=\"M207.029 381.476L12.686 187.132c-9.373-9.373-9.373-24.569 0-33.941l22.667-22.667c9.357-9.357 24.522-9.375 33.901-.04L224 284.505l154.745-154.021c9.379-9.335 24.544-9.317 33.901.04l22.667 22.667c9.373 9.373 9.373 24.569 0 33.941L240.971 381.476c-9.373 9.372-24.569 9.372-33.942 0z\" fill=\"currentColor\"><\/path><\/svg><svg xmlns=\"http:\/\/www.w3.org\/2000\/svg\" viewBox=\"0 0 448 512\" width=\"1em\" height=\"1em\" aria-hidden=\"true\" role=\"img\" class=\"gb-accordion__icon-open\"><path d=\"M240.971 130.524l194.343 194.343c9.373 9.373 9.373 24.569 0 33.941l-22.667 22.667c-9.357 9.357-24.522 9.375-33.901.04L224 227.495 69.255 381.516c-9.379 9.335-24.544 9.317-33.901-.04l-22.667-22.667c-9.373-9.373-9.373-24.569 0-33.941L207.03 130.525c9.372-9.373 24.568-9.373 33.941-.001z\" fill=\"currentColor\"><\/path><\/svg><\/span><\/button>\r\n\n\n<div id=\"gb-accordion-content-d5d4e8a8\" class=\"gb-accordion__content\"><div class=\"gb-container gb-container-d5d4e8a8\">\n\n<p>Neben dem H\u00f6henprofil erhalten Sie Metadaten wie Routenl\u00e4nge, Auf- und Abstieg, h\u00f6chsten und niedrigsten Punkt, Geh- und Fahrzeiten, Oberfl\u00e4chenqualit\u00e4t (asphaltiert, unbefestigt, Asphalt usw.), Wegtyp (Stra\u00dfe, Pfad, Autobahn usw.) sowie Richtungsanweisungen.<\/p>\n\n<\/div><\/div>\n<\/div>\n\n<div class=\"gb-container gb-container-c2bb38c3 accordion_item_FAQ gb-accordion__item\" data-transition=\"slide\">\n\n<button class=\"gb-button gb-button-c49dd816 gb-accordion__toggle accordion_title_FAQ\" id=\"gb-accordion-toggle-c49dd816\"><span class=\"gb-button-text\">Wie erhalte ich Richtungsanweisungen f\u00fcr meine Routen?<\/span><span class=\"gb-icon\"><svg xmlns=\"http:\/\/www.w3.org\/2000\/svg\" viewBox=\"0 0 448 512\" width=\"1em\" height=\"1em\" aria-hidden=\"true\" role=\"img\" class=\"gb-accordion__icon\"><path d=\"M207.029 381.476L12.686 187.132c-9.373-9.373-9.373-24.569 0-33.941l22.667-22.667c9.357-9.357 24.522-9.375 33.901-.04L224 284.505l154.745-154.021c9.379-9.335 24.544-9.317 33.901.04l22.667 22.667c9.373 9.373 9.373 24.569 0 33.941L240.971 381.476c-9.373 9.372-24.569 9.372-33.942 0z\" fill=\"currentColor\"><\/path><\/svg><svg xmlns=\"http:\/\/www.w3.org\/2000\/svg\" viewBox=\"0 0 448 512\" width=\"1em\" height=\"1em\" aria-hidden=\"true\" role=\"img\" class=\"gb-accordion__icon-open\"><path d=\"M240.971 130.524l194.343 194.343c9.373 9.373 9.373 24.569 0 33.941l-22.667 22.667c-9.357 9.357-24.522 9.375-33.901.04L224 227.495 69.255 381.516c-9.379 9.335-24.544 9.317-33.901-.04l-22.667-22.667c-9.373-9.373-9.373-24.569 0-33.941L207.03 130.525c9.372-9.373 24.568-9.373 33.941-.001z\" fill=\"currentColor\"><\/path><\/svg><\/span><\/button>\r\n\n\n<div id=\"gb-accordion-content-985a903c\" class=\"gb-accordion__content\"><div class=\"gb-container gb-container-985a903c\">\n\n<p>Sie m\u00fcssen lediglich Ihre GPX-, KML- oder GeoJSON-Datei als Eingabe \u00fcbergeben, die Richtungsanweisungen werden automatisch im Ergebnis mitgeliefert.<\/p>\n\n<\/div><\/div>\n<\/div>\n\n<div class=\"gb-container gb-container-dd9f3e37 accordion_item_FAQ gb-accordion__item\" data-transition=\"slide\">\n\n<button class=\"gb-button gb-button-c11fe919 gb-accordion__toggle accordion_title_FAQ\" id=\"gb-accordion-toggle-c11fe919\"><span class=\"gb-button-text\">Darf ich die von der Route Enhancement API erzeugten Daten speichern?<\/span><span class=\"gb-icon\"><svg xmlns=\"http:\/\/www.w3.org\/2000\/svg\" viewBox=\"0 0 448 512\" width=\"1em\" height=\"1em\" aria-hidden=\"true\" role=\"img\" class=\"gb-accordion__icon\"><path d=\"M207.029 381.476L12.686 187.132c-9.373-9.373-9.373-24.569 0-33.941l22.667-22.667c9.357-9.357 24.522-9.375 33.901-.04L224 284.505l154.745-154.021c9.379-9.335 24.544-9.317 33.901.04l22.667 22.667c9.373 9.373 9.373 24.569 0 33.941L240.971 381.476c-9.373 9.372-24.569 9.372-33.942 0z\" fill=\"currentColor\"><\/path><\/svg><svg xmlns=\"http:\/\/www.w3.org\/2000\/svg\" viewBox=\"0 0 448 512\" width=\"1em\" height=\"1em\" aria-hidden=\"true\" role=\"img\" class=\"gb-accordion__icon-open\"><path d=\"M240.971 130.524l194.343 194.343c9.373 9.373 9.373 24.569 0 33.941l-22.667 22.667c-9.357 9.357-24.522 9.375-33.901.04L224 227.495 69.255 381.516c-9.379 9.335-24.544 9.317-33.901-.04l-22.667-22.667c-9.373-9.373-9.373-24.569 0-33.941L207.03 130.525c9.372-9.373 24.568-9.373 33.941-.001z\" fill=\"currentColor\"><\/path><\/svg><\/span><\/button>\r\n\n\n<div id=\"gb-accordion-content-0097f631\" class=\"gb-accordion__content\"><div class=\"gb-container gb-container-0097f631\">\n\n<p>Ja, das ist erlaubt.<\/p>\n\n<\/div><\/div>\n<\/div>\n<\/div>\n<\/div><\/div>\n<div class=\"gb-container gb-container-bc3f6145\">\n<div class=\"gb-container gb-container-e0ab9dd7\">\n\n<h2 class=\"gb-headline gb-headline-c593864c gb-headline-text\"><strong>Wir beraten Sie pers\u00f6nlich<\/strong><\/h2>\r\n\n\n\n<hr class=\"wp-block-separator has-text-color has-alpha-channel-opacity has-background is-style-default\" style=\"background-color:#c3c3c3;color:#c3c3c3\"\/>\n\n\n<div class=\"gb-container gb-container-30f9a422\">\n<div class=\"gb-container gb-container-d1b3811f\">\n\n<figure class=\"gb-block-image gb-block-image-fcc53e52\"><img loading=\"lazy\" decoding=\"async\" width=\"300\" height=\"300\" class=\"gb-image gb-image-fcc53e52\" src=\"https:\/\/www.maptoolkit.com\/wp-content\/uploads\/2020\/02\/PeterH_LUX_0871@lisalux1_square-300x300.jpg\" alt=\"\" title=\"PeterH_LUX_0871@lisalux1_square\" srcset=\"https:\/\/www.maptoolkit.com\/wp-content\/uploads\/2020\/02\/PeterH_LUX_0871@lisalux1_square-300x300.jpg 300w, https:\/\/www.maptoolkit.com\/wp-content\/uploads\/2020\/02\/PeterH_LUX_0871@lisalux1_square-150x150.jpg 150w, https:\/\/www.maptoolkit.com\/wp-content\/uploads\/2020\/02\/PeterH_LUX_0871@lisalux1_square-146x146.jpg 146w, https:\/\/www.maptoolkit.com\/wp-content\/uploads\/2020\/02\/PeterH_LUX_0871@lisalux1_square-50x50.jpg 50w, https:\/\/www.maptoolkit.com\/wp-content\/uploads\/2020\/02\/PeterH_LUX_0871@lisalux1_square-75x75.jpg 75w, https:\/\/www.maptoolkit.com\/wp-content\/uploads\/2020\/02\/PeterH_LUX_0871@lisalux1_square-85x85.jpg 85w, https:\/\/www.maptoolkit.com\/wp-content\/uploads\/2020\/02\/PeterH_LUX_0871@lisalux1_square-80x80.jpg 80w, https:\/\/www.maptoolkit.com\/wp-content\/uploads\/2020\/02\/PeterH_LUX_0871@lisalux1_square.jpg 387w\" sizes=\"auto, (max-width: 300px) 100vw, 300px\" \/><\/figure>\r\n\n<\/div>\n\n<div class=\"gb-container gb-container-97a801dd\">\n\n<p class=\"has-text-color has-link-color wp-elements-9baf76a7ae05be2909cab9f7aec274d6\" style=\"color:#595959\">Mein Name ist Peter H\u00f6flehner und ich werde Ihr<br\/>Projekt- und Key Account-Manager sein.<\/p>\n\n\n\n<a class=\"gb-button gb-button-d3a3b162 gb-button-text gbp-button--primary\" href=\"tel:+436641308111\">Handy +43 664 1308111<\/a>\r\n\n\n\n<a class=\"gb-button gb-button-ca57bc22 gb-button-text gbp-button--primary\" href=\"mailto:peter@maptoolkit.com\">peter@maptoolkit.com<\/a>\r\n\n<\/div>\n<\/div>\n<\/div>\n<\/div>","protected":false},"excerpt":{"rendered":"<p>Data Enhancement Tools Bereichern Sie Ihre Routen und Ihr Routing mit Ihren Daten Die Maptoolkit Data Enhancement Tools helfen dabei, &#8230; <\/p>\n<p class=\"read-more-container\"><a title=\"Data Enhancement Tools\" class=\"read-more button\" href=\"https:\/\/www.maptoolkit.com\/de\/api\/data-enhancement-tools\/#more-1873\" aria-label=\"Mehr Informationen \u00fcber Data Enhancement Tools\">Weiterlesen &#8230;<\/a><\/p>\n","protected":false},"author":6,"featured_media":0,"parent":1925,"menu_order":7,"comment_status":"closed","ping_status":"closed","template":"","meta":{"footnotes":""},"class_list":["post-1873","page","type-page","status-publish"],"_links":{"self":[{"href":"https:\/\/www.maptoolkit.com\/de\/wp-json\/wp\/v2\/pages\/1873","targetHints":{"allow":["GET"]}}],"collection":[{"href":"https:\/\/www.maptoolkit.com\/de\/wp-json\/wp\/v2\/pages"}],"about":[{"href":"https:\/\/www.maptoolkit.com\/de\/wp-json\/wp\/v2\/types\/page"}],"author":[{"embeddable":true,"href":"https:\/\/www.maptoolkit.com\/de\/wp-json\/wp\/v2\/users\/6"}],"replies":[{"embeddable":true,"href":"https:\/\/www.maptoolkit.com\/de\/wp-json\/wp\/v2\/comments?post=1873"}],"version-history":[{"count":7,"href":"https:\/\/www.maptoolkit.com\/de\/wp-json\/wp\/v2\/pages\/1873\/revisions"}],"predecessor-version":[{"id":6141,"href":"https:\/\/www.maptoolkit.com\/de\/wp-json\/wp\/v2\/pages\/1873\/revisions\/6141"}],"up":[{"embeddable":true,"href":"https:\/\/www.maptoolkit.com\/de\/wp-json\/wp\/v2\/pages\/1925"}],"wp:attachment":[{"href":"https:\/\/www.maptoolkit.com\/de\/wp-json\/wp\/v2\/media?parent=1873"}],"curies":[{"name":"wp","href":"https:\/\/api.w.org\/{rel}","templated":true}]}}