{"id":1875,"date":"2022-06-14T10:49:31","date_gmt":"2022-06-14T10:49:31","guid":{"rendered":"https:\/\/www.maptoolkit.com\/?page_id=1875"},"modified":"2025-12-03T15:44:00","modified_gmt":"2025-12-03T15:44:00","slug":"offline-karten-api","status":"publish","type":"page","link":"https:\/\/www.maptoolkit.com\/de\/api\/offline-karten-api\/","title":{"rendered":"Offline Karten API"},"content":{"rendered":"<div class=\"gb-container gb-container-02612a86 gbp-section\">\n\n<h1 class=\"gb-headline gb-headline-1124f78e gb-headline-text\">Offline Karten API<\/h1>\n\n\n\n<p class=\"gb-headline gb-headline-5e447fe8 gb-headline-text\">Kartenkacheln f\u00fcr die Offline-Nutzung in mobilen Anwendungen<\/p>\n\n\n\n<p class=\"gb-headline gb-headline-306b1136 gb-headline-text\">Maptoolkit bietet robuste Offline-Karten, die den Kartenzugriff ohne Internetverbindung erm\u00f6glichen. Die API unterst\u00fctzt den Download detaillierter Karten und eignet sich damit ideal f\u00fcr Anwendungen in abgelegenen Regionen oder in Szenarien mit unzuverl\u00e4ssiger Konnektivit\u00e4t.<\/p>\n\n\n\n<p class=\"gb-headline gb-headline-27f9696a gb-headline-text\">Offline-Karten stehen Maptoolkit-Enterprise-Kunden zur Verf\u00fcgung. Details siehe <a href=\"\/de\/preise\">Maptoolkit Preise<\/a>.<\/p>\n\n\n\n<h2 class=\"gb-headline gb-headline-7b1fda2c gb-headline-text\">Warum ist Offline-Nutzung wichtig?<\/h2>\n\n\n<div class=\"gb-container gb-container-524c5d5d\">\n<div class=\"gb-container gb-container-cbc7c1e6\">\n\n<figure class=\"gb-block-image gb-block-image-5c775b08\"><img loading=\"lazy\" decoding=\"async\" width=\"389\" height=\"775\" class=\"gb-image gb-image-5c775b08\" src=\"https:\/\/www.maptoolkit.com\/wp-content\/uploads\/2022\/09\/mobile-routing-1.png\" alt=\"\" title=\"mobile-routing\" srcset=\"https:\/\/www.maptoolkit.com\/wp-content\/uploads\/2022\/09\/mobile-routing-1.png 389w, https:\/\/www.maptoolkit.com\/wp-content\/uploads\/2022\/09\/mobile-routing-1-151x300.png 151w, https:\/\/www.maptoolkit.com\/wp-content\/uploads\/2022\/09\/mobile-routing-1-73x146.png 73w, https:\/\/www.maptoolkit.com\/wp-content\/uploads\/2022\/09\/mobile-routing-1-25x50.png 25w, https:\/\/www.maptoolkit.com\/wp-content\/uploads\/2022\/09\/mobile-routing-1-38x75.png 38w\" sizes=\"auto, (max-width: 389px) 100vw, 389px\" \/><\/figure>\r\n\n<\/div>\n\n<div class=\"gb-container gb-container-36e04e3b\">\n<div class=\"gb-container gb-container-b73f0ab6\">\n\n<span class=\"gb-button gb-button-b53598d3\"><span class=\"gb-icon\"><svg viewBox=\"0 0 24 24\" xmlns=\"http:\/\/www.w3.org\/2000\/svg\">\r\n  <title>maps<\/title>\r\n  <path d=\"M24,7.015a1.5,1.5,0,0,0-.656-1.241l-7-4.761a1.493,1.493,0,0,0-1.677-.007l-.019.013L8.816,5.309a.5.5,0,0,1-.592,0L2.387,1.039A1.5,1.5,0,0,0,0,2.25V16.985a1.5,1.5,0,0,0,.656,1.241l7,4.761a1.5,1.5,0,0,0,1.676.007l.019-.014,5.832-4.289a.5.5,0,0,1,.592,0l5.837,4.27A1.5,1.5,0,0,0,24,21.75ZM9.5,7.53a.5.5,0,0,1,.2-.4l4.4-3.291a.25.25,0,0,1,.4.2V16.47a.5.5,0,0,1-.2.4L9.9,20.162a.25.25,0,0,1-.4-.2ZM2,3.727a.25.25,0,0,1,.4-.2L7.3,7.107a.5.5,0,0,1,.205.4V19.989a.249.249,0,0,1-.133.221.252.252,0,0,1-.258-.014l-4.89-3.327A.5.5,0,0,1,2,16.456ZM22,20.272a.25.25,0,0,1-.4.2l-4.9-3.582a.5.5,0,0,1-.2-.4V4.011a.249.249,0,0,1,.133-.221.252.252,0,0,1,.258.014l4.89,3.326A.5.5,0,0,1,22,7.544Z\"><\/path>\r\n<\/svg>\r\n<\/span><\/span>\r\n\n\n<div class=\"gb-container gb-container-9d459e1d\">\n\n<h5 class=\"gb-headline gb-headline-277f1a4f gb-headline-text\">Kartografie<\/h5>\n\n\n\n<p class=\"gb-headline gb-headline-2bfb7301 gb-headline-text\">Nutzer k\u00f6nnen die Karte f\u00fcr eine Region oder entlang eines Pfades herunterladen und die Kartografie auch offline ansehen.<\/p>\n\n<\/div>\n<\/div>\n\n<div class=\"gb-container gb-container-3b6fddd2\">\n\n<span class=\"gb-button gb-button-ba207b19\"><span class=\"gb-icon\"><svg xml:space=\"preserve\" style=\"enable-background:new 0 0 122.88 116.82\" viewBox=\"0 0 122.88 116.82\" y=\"0px\" x=\"0px\" id=\"Layer_1\" version=\"1.1\" xmlns:xlink=\"http:\/\/www.w3.org\/1999\/xlink\" xmlns=\"http:\/\/www.w3.org\/2000\/svg\">\r\n  <style type=\"text\/css\">.st0{fill-rule:evenodd;clip-rule:evenodd;}<\/style>\r\n  <g>\r\n    <path d=\"M59.63,61.55h22.58l-7.87,15.24l13.4,0.24l-32.64,39.8l6.28-26.18H50.81L59.63,61.55L59.63,61.55z M44.2,71.76 c2.03,0,3.68,1.65,3.68,3.68c0,2.03-1.65,3.68-3.68,3.68H23.38l-0.46-0.04c-2.67-0.34-5.09-0.97-7.29-1.88 c-2.25-0.93-4.26-2.14-6.04-3.63H9.58c-1.68-1.4-3.15-2.99-4.4-4.72C1.84,64.25,0.04,58.63,0,53.03 c-0.04-5.66,1.72-11.29,5.52-15.85c1.23-1.48,2.68-2.84,4.34-4.04c1.93-1.4,4.14-2.58,6.64-3.55c1.72-0.67,3.56-1.23,5.5-1.68 c2.2-8.74,6.89-15.47,12.92-20.14c5.64-4.37,12.43-6.92,19.42-7.59c6.96-0.67,14.12,0.51,20.55,3.6 c7.37,3.54,13.43,9.56,17.11,16.87c1.6-0.25,3.2-0.38,4.79-0.36c6.72,0.05,13.2,2.45,18.3,7.95c5.31,5.72,7.88,14.14,7.79,21.82 c-0.07,6.31-1.77,12.59-5.25,17.22c-2.27,3.02-5.18,5.47-8.67,7.42c-3.36,1.88-7.28,3.31-11.68,4.33c-1.98,0.45-3.95-0.78-4.4-2.76 c-0.45-1.98,0.78-3.95,2.76-4.4c3.71-0.86,6.97-2.04,9.72-3.58c2.63-1.47,4.78-3.26,6.39-5.41c2.5-3.33,3.73-8.04,3.78-12.87 c0.06-5.07-1.18-10.16-3.59-13.86c-0.69-1.07-1.44-2.03-2.25-2.89c-3.61-3.89-8.19-5.59-12.95-5.62 c-3.46-0.02-7.02,0.81-10.41,2.31c-0.75,0.37-1.51,0.78-2.25,1.21c-2.25,1.32-4.48,2.93-6.74,4.78l-4.84-5.54 c1.67-1.55,3.48-2.96,5.4-4.21c1.53-1,3.13-1.88,4.77-2.65c0.66-0.33,1.33-0.64,2-0.93c-3.19-5.65-7.78-9.7-12.98-12.2 c-5.2-2.49-11.02-3.45-16.69-2.9c-5.63,0.54-11.1,2.59-15.62,6.1c-5.23,4.06-9.2,10.11-10.73,18.14l-0.48,2.51l-2.5,0.44 c-2.45,0.43-4.64,1.02-6.56,1.77c-1.86,0.72-3.52,1.61-4.97,2.66c-1.16,0.84-2.16,1.78-3.01,2.8c-2.63,3.15-3.85,7.1-3.82,11.1 c0.03,4.06,1.35,8.16,3.79,11.53c0.91,1.25,1.96,2.4,3.16,3.4l-0.01,0.01c1.2,1,2.58,1.83,4.13,2.47c1.53,0.63,3.22,1.08,5.09,1.34 H44.2L44.2,71.76z M57.07,85.6l6.59-18.76h10.23l-5.32,14.28l8.03,0.14l-13.51,20.22l4.03-15.88H57.07L57.07,85.6z\" class=\"st0\"><\/path>\r\n  <\/g>\r\n<\/svg>\r\n<\/span><\/span>\r\n\n\n<div class=\"gb-container gb-container-bf560071\">\n\n<h5 class=\"gb-headline gb-headline-34a5c8e6 gb-headline-text\">Offline<\/h5>\n\n\n\n<p class=\"gb-headline gb-headline-f255c191 gb-headline-text\">Bieten Sie eine gute Nutzungserfahrung, selbst wenn der Nutzer keine oder nur eine schwache Verbindung hat.<\/p>\n\n<\/div>\n<\/div>\n\n<div class=\"gb-container gb-container-73bfc75d\">\n\n<span class=\"gb-button gb-button-012113aa\"><span class=\"gb-icon\"><svg viewBox=\"0 0 105.05 122.88\" data-name=\"Layer 1\" id=\"Layer_1\" xmlns=\"http:\/\/www.w3.org\/2000\/svg\">\r\n  <defs>\r\n    <style>.cls-1{fill-rule:evenodd;}<\/style>\r\n  <\/defs>\r\n  <title>money-saving<\/title>\r\n  <path d=\"M68.11,51.49a18.57,18.57,0,0,1,3.74-1.91A40.38,40.38,0,0,1,79.39,49c3.64-.09,7.27.23,7.63,1a4,4,0,0,1,.41,2.1,4.73,4.73,0,0,1-.68,2A13.94,13.94,0,0,1,82.44,58c-1.66,1.14-3.18,2.19-2.93,3,0,.07.18.2.42.4a15.56,15.56,0,0,0,1.44,1,22.17,22.17,0,0,1,5.37,4.44,27.81,27.81,0,0,1,3.8,5.89c.34.67.67,1.37,1,2.09s.66,1.54,1,2.33l.06.25a6.8,6.8,0,0,0,.74,2.39c.15.25.3.37.44.37h1.76l.69,0c1.64-.12,2.56-.18,3.51,2.28a16.84,16.84,0,0,1,.79,6.43,23.5,23.5,0,0,1-1.25,6.91,4.8,4.8,0,0,1-1.61,2.79,5.61,5.61,0,0,1-3.25,1.19h-2c-.83,0-1.56,0-2.1,0s-.62-.09-.69-.05,0,.05-.11.23a19.77,19.77,0,0,1-2,2.42c-.82.85-1.78,1.79-2.7,2.66s-1.7,1.56-2.4,2.15l-.43.36a7.37,7.37,0,0,0-1.2,1.07,7.57,7.57,0,0,0,.67,1.88c.2.48.32.76.36.87.47,1.15.94,2.26,1.36,3.23.71,1.64,1.5,3.38,1.75,4l0,.06c.58,1.47.45,2.59-.36,3.39a4,4,0,0,1-3.24.83H74.33a4.79,4.79,0,0,1-2.74-.63,7.16,7.16,0,0,1-2.24-2.11l-.06-.11a18.13,18.13,0,0,1-.8-1.64c-.67-1.51-1.51-3.38-2.19-3.11a42.35,42.35,0,0,1-14.19,3.08,49.66,49.66,0,0,1-16.17-2.41c-1.73-.24-2.08.49-2.64,1.65-.16.33-.32.68-.55,1.12h0c-.14.28-.19.4-.24.5-.8,1.71-1.57,3.36-4,3.85l-.26,0-8.91-.07h-.09a3.54,3.54,0,0,1-1.45-.39,2.65,2.65,0,0,1-1.14-1.11c-.79-1.45-.26-2.54.28-3.65h0l.21-.43h0l3.13-6.85.06-.12a2.09,2.09,0,0,0,.38-1.39,2,2,0,0,0-.77-1h0c-.62-.44-1.23-.9-1.81-1.36s-1.17-1-1.73-1.49a32.21,32.21,0,0,1-5-5.84A30.67,30.67,0,0,1,8,92.41a25.73,25.73,0,0,1-1.36-5.67c0-.44-.09-.89-.12-1.34a11.22,11.22,0,0,1-5.9-7.13c-1-3.33-.87-7.47.61-12.08l2.5.8a18,18,0,0,0-.59,10.52A8.86,8.86,0,0,0,6.59,82.4c0-.39.08-.79.13-1.18A28.77,28.77,0,0,1,11.38,69.4,36.27,36.27,0,0,1,23.73,58l.2.14L39.64,68a47.29,47.29,0,0,0-8.16,2,3.74,3.74,0,0,0,2.44,7.07A40,40,0,0,1,47.23,75,47.49,47.49,0,0,1,61,77.19,3.75,3.75,0,0,0,63.18,70a59.27,59.27,0,0,0-6.1-1.55l11-17ZM104.17,4.61H95.29a.89.89,0,0,0-.88.87V27.05a.88.88,0,0,0,.88.87h8.88a.88.88,0,0,0,.88-.87V5.48a.88.88,0,0,0-.88-.87Zm-12,3.85a1.68,1.68,0,0,0-.28-1.05c-.57-.77-2-.54-2.85-.54a12.58,12.58,0,0,1-2.73-.22,31.09,31.09,0,0,1-3.89-1.29c-4.83-1.73-8.94-2.8-14-5a3.88,3.88,0,0,0-3.25,0A84.62,84.62,0,0,0,51.59,6.73a5.43,5.43,0,0,0-1.16.84,5.16,5.16,0,0,0-.87,1.17c-2.79,4-5.18,8.16-7.47,12.27-.77,1.44-1.09,2.81-.56,3.67,2.15,3.54,6-1.49,10.2-4.84,1.76-1.41,4.15-2.66,6.2-4.09,2.64-1.1,3.87-2.15,6.7-2.74,4.34-.38,4.7,5.85-1,6.08-3.87.15-11.85,3.66-14.09,6.9-2.09,3-.94,6,3.32,5.87l3.56-.66c5.66-1.07,5.5-1.28,11.41-.18,3.17.58,6.49,1.2,9.75.59,2-.37,3-1.17,4.81-2.52a16.37,16.37,0,0,1,2.83-2A10.82,10.82,0,0,1,87.8,26c1.36-.32,3.27.14,4.06-1a2.23,2.23,0,0,0,.33-1.17V8.46ZM47.89,36.32a6.29,6.29,0,1,0,7.48.57c-.62.13-1.17.26-1.52.32h0a6.4,6.4,0,0,1-.88.09,11.14,11.14,0,0,1-5.08-1Zm-6.63-4.9L27.08,53.25l23.39,14.8L70.63,37c-1.33-.18-2.57-.41-3.79-.63l-.78-.15-14.49,22a4.09,4.09,0,0,0-5.64,1.26l-9.24-5.86A4.09,4.09,0,0,0,35.43,48l9.31-14.13a8.22,8.22,0,0,1-1.2-2.2,5.83,5.83,0,0,1-2.28-.2Zm36.11,44a4.27,4.27,0,1,1-3,1.25,4.17,4.17,0,0,1,3-1.25Z\" class=\"cls-1\"><\/path>\r\n<\/svg>\r\n<\/span><\/span>\r\n\n\n<div class=\"gb-container gb-container-37f030a3\">\n\n<h5 class=\"gb-headline gb-headline-54ac831c gb-headline-text\">Kosten<\/h5>\n\n\n\n<p class=\"gb-headline gb-headline-cdd07fc6 gb-headline-text\">Auch wenn Datenroaming heute oft kein gro\u00dfes Thema mehr ist, k\u00f6nnen Offline-Funktionen einigen Nutzern helfen, Kosten zu sparen.<\/p>\n\n<\/div>\n<\/div>\n<\/div>\n<\/div>\n\n<div class=\"gb-container gb-container-2e66af5b gbp-section\">\n\n<h2 class=\"gb-headline gb-headline-8c726164 gb-headline-text\">Unser Preismodell<\/h2>\r\n\n\n<div class=\"gb-container gb-container-dd948cd5\">\n<div class=\"gb-container gb-container-e628e053\">\n<div class=\"gb-container gb-container-a22c4532\">\n\n<figure class=\"gb-block-image gb-block-image-303593ca\"><img loading=\"lazy\" decoding=\"async\" width=\"1536\" height=\"1024\" class=\"gb-image gb-image-303593ca\" src=\"https:\/\/www.maptoolkit.com\/wp-content\/uploads\/2025\/04\/Pricing-Gradient.png\" alt=\"\" title=\"Pricing Gradient\" srcset=\"https:\/\/www.maptoolkit.com\/wp-content\/uploads\/2025\/04\/Pricing-Gradient.png 1536w, https:\/\/www.maptoolkit.com\/wp-content\/uploads\/2025\/04\/Pricing-Gradient-300x200.png 300w, https:\/\/www.maptoolkit.com\/wp-content\/uploads\/2025\/04\/Pricing-Gradient-1024x683.png 1024w, https:\/\/www.maptoolkit.com\/wp-content\/uploads\/2025\/04\/Pricing-Gradient-768x512.png 768w\" sizes=\"auto, (max-width: 1536px) 100vw, 1536px\" \/><\/figure>\r\n\n<\/div>\n\n<div class=\"gb-container gb-container-18861ea6\">\n\n<p class=\"gb-headline gb-headline-efe27d06 gb-headline-text\"><strong>Flexible Preisgestaltung, die sich Ihren Anforderungen anpasst<br><\/strong>Starten Sie mit unserer kostenlosen Stufe, zahlen Sie bei wachsendem Bedarf pro Anfrage \u00fcber RapidAPI oder w\u00e4hlen Sie eine Enterprise-Lizenz f\u00fcr vollen Zugriff.<\/p>\r\n\n<\/div>\n<\/div>\n\n<div class=\"gb-container gb-container-f743df99\">\n\n<a class=\"gb-button gb-button-d88b3291 gb-button-text gbp-button--primary\" href=\"https:\/\/www.maptoolkit.com\/de\/preise\/\">Siehe unsere <br>Preistabelle<\/a>\r\n\n<\/div>\n<\/div>\n<\/div>\n\n\n<h3 class=\"gb-headline gb-headline-9a57f1e5 gb-headline-text\">FAQ<\/h3>\n\n\n<div class=\"gb-container gb-container-07fd6cd5\">\n<div class=\"gb-container gb-container-4f7d4fb7 gb-accordion\">\n<div class=\"gb-container gb-container-3748f42a accordion_item_FAQ gb-accordion__item\" data-transition=\"slide\">\n\n<button class=\"gb-button gb-button-18a5fd39 gb-accordion__toggle accordion_title_FAQ\" id=\"gb-accordion-toggle-18a5fd39\"><span class=\"gb-button-text\">Ist die Offline-Funktionalit\u00e4t mit iOS und Android kompatibel?<\/span><span class=\"gb-icon\"><svg xmlns=\"http:\/\/www.w3.org\/2000\/svg\" viewBox=\"0 0 448 512\" width=\"1em\" height=\"1em\" aria-hidden=\"true\" role=\"img\" class=\"gb-accordion__icon\"><path d=\"M207.029 381.476L12.686 187.132c-9.373-9.373-9.373-24.569 0-33.941l22.667-22.667c9.357-9.357 24.522-9.375 33.901-.04L224 284.505l154.745-154.021c9.379-9.335 24.544-9.317 33.901.04l22.667 22.667c9.373 9.373 9.373 24.569 0 33.941L240.971 381.476c-9.373 9.372-24.569 9.372-33.942 0z\" fill=\"currentColor\"><\/path><\/svg><svg xmlns=\"http:\/\/www.w3.org\/2000\/svg\" viewBox=\"0 0 448 512\" width=\"1em\" height=\"1em\" aria-hidden=\"true\" role=\"img\" class=\"gb-accordion__icon-open\"><path d=\"M240.971 130.524l194.343 194.343c9.373 9.373 9.373 24.569 0 33.941l-22.667 22.667c-9.357 9.357-24.522 9.375-33.901.04L224 227.495 69.255 381.516c-9.379 9.335-24.544 9.317-33.901-.04l-22.667-22.667c-9.373-9.373-9.373-24.569 0-33.941L207.03 130.525c9.372-9.373 24.568-9.373 33.941-.001z\" fill=\"currentColor\"><\/path><\/svg><\/span><\/button>\r\n\n\n<div id=\"gb-accordion-content-576aa5f3\" class=\"gb-accordion__content\"><div class=\"gb-container gb-container-576aa5f3 accordion_content_FAQ\">\n\n<p>Die Kartenbibliothek (z. B. MapLibre) muss Offline-Funktionalit\u00e4t unterst\u00fctzen. Wenn dies gegeben ist, werden sowohl iOS als auch Android unterst\u00fctzt.<\/p>\n\n<\/div><\/div>\n<\/div>\n\n<div class=\"gb-container gb-container-c3a7edd7 accordion_item_FAQ gb-accordion__item\" data-transition=\"slide\">\n\n<button class=\"gb-button gb-button-435fd0d6 gb-accordion__toggle accordion_title_FAQ\" id=\"gb-accordion-toggle-435fd0d6\"><span class=\"gb-button-text\"><strong>K\u00f6nnen die Offline-Karten zusammen mit anderen Maptoolkit APIs wie Geocoding oder Elevation verwendet werden?\u200b<\/strong><\/span><span class=\"gb-icon\"><svg xmlns=\"http:\/\/www.w3.org\/2000\/svg\" viewBox=\"0 0 448 512\" width=\"1em\" height=\"1em\" aria-hidden=\"true\" role=\"img\" class=\"gb-accordion__icon\"><path d=\"M207.029 381.476L12.686 187.132c-9.373-9.373-9.373-24.569 0-33.941l22.667-22.667c9.357-9.357 24.522-9.375 33.901-.04L224 284.505l154.745-154.021c9.379-9.335 24.544-9.317 33.901.04l22.667 22.667c9.373 9.373 9.373 24.569 0 33.941L240.971 381.476c-9.373 9.372-24.569 9.372-33.942 0z\" fill=\"currentColor\"><\/path><\/svg><svg xmlns=\"http:\/\/www.w3.org\/2000\/svg\" viewBox=\"0 0 448 512\" width=\"1em\" height=\"1em\" aria-hidden=\"true\" role=\"img\" class=\"gb-accordion__icon-open\"><path d=\"M240.971 130.524l194.343 194.343c9.373 9.373 9.373 24.569 0 33.941l-22.667 22.667c-9.357 9.357-24.522 9.375-33.901.04L224 227.495 69.255 381.516c-9.379 9.335-24.544 9.317-33.901-.04l-22.667-22.667c-9.373-9.373-9.373-24.569 0-33.941L207.03 130.525c9.372-9.373 24.568-9.373 33.941-.001z\" fill=\"currentColor\"><\/path><\/svg><\/span><\/button>\r\n\n\n<div id=\"gb-accordion-content-27e91903\" class=\"gb-accordion__content\"><div class=\"gb-container gb-container-27e91903\">\n\n<p>Ja, sie k\u00f6nnen gemeinsam genutzt werden, allerdings ben\u00f6tigen Geocoding und Elevation eine Internetverbindung. Einmal berechnete H\u00f6hendaten k\u00f6nnen f\u00fcr die Offline-Nutzung gespeichert werden.<\/p>\n\n<\/div><\/div>\n<\/div>\n\n<div class=\"gb-container gb-container-9f78fc57 accordion_item_FAQ gb-accordion__item\" data-transition=\"slide\">\n\n<button class=\"gb-button gb-button-659f84d4 gb-accordion__toggle accordion_title_FAQ\" id=\"gb-accordion-toggle-659f84d4\"><span class=\"gb-button-text\"><strong>Sind die Offline-Kartenkacheln als Vector Tiles und Raster Tiles verf\u00fcgbar?<\/strong><\/span><span class=\"gb-icon\"><svg xmlns=\"http:\/\/www.w3.org\/2000\/svg\" viewBox=\"0 0 448 512\" width=\"1em\" height=\"1em\" aria-hidden=\"true\" role=\"img\" class=\"gb-accordion__icon\"><path d=\"M207.029 381.476L12.686 187.132c-9.373-9.373-9.373-24.569 0-33.941l22.667-22.667c9.357-9.357 24.522-9.375 33.901-.04L224 284.505l154.745-154.021c9.379-9.335 24.544-9.317 33.901.04l22.667 22.667c9.373 9.373 9.373 24.569 0 33.941L240.971 381.476c-9.373 9.372-24.569 9.372-33.942 0z\" fill=\"currentColor\"><\/path><\/svg><svg xmlns=\"http:\/\/www.w3.org\/2000\/svg\" viewBox=\"0 0 448 512\" width=\"1em\" height=\"1em\" aria-hidden=\"true\" role=\"img\" class=\"gb-accordion__icon-open\"><path d=\"M240.971 130.524l194.343 194.343c9.373 9.373 9.373 24.569 0 33.941l-22.667 22.667c-9.357 9.357-24.522 9.375-33.901.04L224 227.495 69.255 381.516c-9.379 9.335-24.544 9.317-33.901-.04l-22.667-22.667c-9.373-9.373-9.373-24.569 0-33.941L207.03 130.525c9.372-9.373 24.568-9.373 33.941-.001z\" fill=\"currentColor\"><\/path><\/svg><\/span><\/button>\r\n\n\n<div id=\"gb-accordion-content-b78c98a0\" class=\"gb-accordion__content\"><div class=\"gb-container gb-container-b78c98a0\">\n\n<p>Ja.<\/p>\n\n<\/div><\/div>\n<\/div>\n\n<div class=\"gb-container gb-container-0dfbbc6b accordion_item_FAQ gb-accordion__item\" data-transition=\"slide\">\n\n<button class=\"gb-button gb-button-35da4990 gb-accordion__toggle accordion_title_FAQ\" id=\"gb-accordion-toggle-35da4990\"><span class=\"gb-button-text\">Gibt es M\u00f6glichkeiten, eigene Datenlayer oder Overlays in Offline-Karten einzubinden?<\/span><span class=\"gb-icon\"><svg xmlns=\"http:\/\/www.w3.org\/2000\/svg\" viewBox=\"0 0 448 512\" width=\"1em\" height=\"1em\" aria-hidden=\"true\" role=\"img\" class=\"gb-accordion__icon\"><path d=\"M207.029 381.476L12.686 187.132c-9.373-9.373-9.373-24.569 0-33.941l22.667-22.667c9.357-9.357 24.522-9.375 33.901-.04L224 284.505l154.745-154.021c9.379-9.335 24.544-9.317 33.901.04l22.667 22.667c9.373 9.373 9.373 24.569 0 33.941L240.971 381.476c-9.373 9.372-24.569 9.372-33.942 0z\" fill=\"currentColor\"><\/path><\/svg><svg xmlns=\"http:\/\/www.w3.org\/2000\/svg\" viewBox=\"0 0 448 512\" width=\"1em\" height=\"1em\" aria-hidden=\"true\" role=\"img\" class=\"gb-accordion__icon-open\"><path d=\"M240.971 130.524l194.343 194.343c9.373 9.373 9.373 24.569 0 33.941l-22.667 22.667c-9.357 9.357-24.522 9.375-33.901.04L224 227.495 69.255 381.516c-9.379 9.335-24.544 9.317-33.901-.04l-22.667-22.667c-9.373-9.373-9.373-24.569 0-33.941L207.03 130.525c9.372-9.373 24.568-9.373 33.941-.001z\" fill=\"currentColor\"><\/path><\/svg><\/span><\/button>\r\n\n\n<div id=\"gb-accordion-content-9f70d532\" class=\"gb-accordion__content\"><div class=\"gb-container gb-container-9f70d532\">\n\n<p>Ja, sofern die eigenen Daten Ihnen ebenfalls offline zur Verf\u00fcgung stehen. Sie k\u00f6nnen au\u00dferdem eigene Stile in Kombination mit Offline-Nutzung verwenden.<\/p>\n\n<\/div><\/div>\n<\/div>\n\n<div class=\"gb-container gb-container-f26d0719 accordion_item_FAQ gb-accordion__item\" data-transition=\"slide\">\n\n<button class=\"gb-button gb-button-0e2c6db3 gb-accordion__toggle accordion_title_FAQ\" id=\"gb-accordion-toggle-0e2c6db3\"><span class=\"gb-button-text\">Wie wirkt sich die Offline-Funktionalit\u00e4t auf den Speicherbedarf der App aus?<\/span><span class=\"gb-icon\"><svg xmlns=\"http:\/\/www.w3.org\/2000\/svg\" viewBox=\"0 0 448 512\" width=\"1em\" height=\"1em\" aria-hidden=\"true\" role=\"img\" class=\"gb-accordion__icon\"><path d=\"M207.029 381.476L12.686 187.132c-9.373-9.373-9.373-24.569 0-33.941l22.667-22.667c9.357-9.357 24.522-9.375 33.901-.04L224 284.505l154.745-154.021c9.379-9.335 24.544-9.317 33.901.04l22.667 22.667c9.373 9.373 9.373 24.569 0 33.941L240.971 381.476c-9.373 9.372-24.569 9.372-33.942 0z\" fill=\"currentColor\"><\/path><\/svg><svg xmlns=\"http:\/\/www.w3.org\/2000\/svg\" viewBox=\"0 0 448 512\" width=\"1em\" height=\"1em\" aria-hidden=\"true\" role=\"img\" class=\"gb-accordion__icon-open\"><path d=\"M240.971 130.524l194.343 194.343c9.373 9.373 9.373 24.569 0 33.941l-22.667 22.667c-9.357 9.357-24.522 9.375-33.901.04L224 227.495 69.255 381.516c-9.379 9.335-24.544 9.317-33.901-.04l-22.667-22.667c-9.373-9.373-9.373-24.569 0-33.941L207.03 130.525c9.372-9.373 24.568-9.373 33.941-.001z\" fill=\"currentColor\"><\/path><\/svg><\/span><\/button>\r\n\n\n<div id=\"gb-accordion-content-aed20a00\" class=\"gb-accordion__content\"><div class=\"gb-container gb-container-aed20a00\">\n\n<p>Je nach Gr\u00f6\u00dfe des heruntergeladenen Gebietes kann der Speicherbedarf recht hoch sein. Sie sollten daher in Ihrer App die Gr\u00f6\u00dfe des herunterladbaren Bereichs begrenzen.<\/p>\n\n<\/div><\/div>\n<\/div>\n<\/div>\n<\/div>\n<\/div><div class=\"gb-container gb-container-bc3f6145\">\n<div class=\"gb-container gb-container-e0ab9dd7\">\n\n<h2 class=\"gb-headline gb-headline-c593864c gb-headline-text\"><strong>Wir beraten Sie pers\u00f6nlich<\/strong><\/h2>\r\n\n\n\n<hr class=\"wp-block-separator has-text-color has-alpha-channel-opacity has-background is-style-default\" style=\"background-color:#c3c3c3;color:#c3c3c3\"\/>\n\n\n<div class=\"gb-container gb-container-30f9a422\">\n<div class=\"gb-container gb-container-d1b3811f\">\n\n<figure class=\"gb-block-image gb-block-image-fcc53e52\"><img loading=\"lazy\" decoding=\"async\" width=\"300\" height=\"300\" class=\"gb-image gb-image-fcc53e52\" src=\"https:\/\/www.maptoolkit.com\/wp-content\/uploads\/2020\/02\/PeterH_LUX_0871@lisalux1_square-300x300.jpg\" alt=\"\" title=\"PeterH_LUX_0871@lisalux1_square\" srcset=\"https:\/\/www.maptoolkit.com\/wp-content\/uploads\/2020\/02\/PeterH_LUX_0871@lisalux1_square-300x300.jpg 300w, https:\/\/www.maptoolkit.com\/wp-content\/uploads\/2020\/02\/PeterH_LUX_0871@lisalux1_square-150x150.jpg 150w, https:\/\/www.maptoolkit.com\/wp-content\/uploads\/2020\/02\/PeterH_LUX_0871@lisalux1_square-146x146.jpg 146w, https:\/\/www.maptoolkit.com\/wp-content\/uploads\/2020\/02\/PeterH_LUX_0871@lisalux1_square-50x50.jpg 50w, https:\/\/www.maptoolkit.com\/wp-content\/uploads\/2020\/02\/PeterH_LUX_0871@lisalux1_square-75x75.jpg 75w, https:\/\/www.maptoolkit.com\/wp-content\/uploads\/2020\/02\/PeterH_LUX_0871@lisalux1_square-85x85.jpg 85w, https:\/\/www.maptoolkit.com\/wp-content\/uploads\/2020\/02\/PeterH_LUX_0871@lisalux1_square-80x80.jpg 80w, https:\/\/www.maptoolkit.com\/wp-content\/uploads\/2020\/02\/PeterH_LUX_0871@lisalux1_square.jpg 387w\" sizes=\"auto, (max-width: 300px) 100vw, 300px\" \/><\/figure>\r\n\n<\/div>\n\n<div class=\"gb-container gb-container-97a801dd\">\n\n<p class=\"has-text-color has-link-color wp-elements-9baf76a7ae05be2909cab9f7aec274d6\" style=\"color:#595959\">Mein Name ist Peter H\u00f6flehner und ich werde Ihr<br\/>Projekt- und Key Account-Manager sein.<\/p>\n\n\n\n<a class=\"gb-button gb-button-d3a3b162 gb-button-text gbp-button--primary\" href=\"tel:+436641308111\">Handy +43 664 1308111<\/a>\r\n\n\n\n<a class=\"gb-button gb-button-ca57bc22 gb-button-text gbp-button--primary\" href=\"mailto:peter@maptoolkit.com\">peter@maptoolkit.com<\/a>\r\n\n<\/div>\n<\/div>\n<\/div>\n<\/div>","protected":false},"excerpt":{"rendered":"<p>Offline Karten API Kartenkacheln f\u00fcr die Offline-Nutzung in mobilen Anwendungen Maptoolkit bietet robuste Offline-Karten, die den Kartenzugriff ohne Internetverbindung erm\u00f6glichen. &#8230; <\/p>\n<p class=\"read-more-container\"><a title=\"Offline Karten API\" class=\"read-more button\" href=\"https:\/\/www.maptoolkit.com\/de\/api\/offline-karten-api\/#more-1875\" aria-label=\"Mehr Informationen \u00fcber Offline Karten API\">Weiterlesen &#8230;<\/a><\/p>\n","protected":false},"author":6,"featured_media":0,"parent":1925,"menu_order":9,"comment_status":"closed","ping_status":"closed","template":"","meta":{"footnotes":""},"class_list":["post-1875","page","type-page","status-publish"],"_links":{"self":[{"href":"https:\/\/www.maptoolkit.com\/de\/wp-json\/wp\/v2\/pages\/1875","targetHints":{"allow":["GET"]}}],"collection":[{"href":"https:\/\/www.maptoolkit.com\/de\/wp-json\/wp\/v2\/pages"}],"about":[{"href":"https:\/\/www.maptoolkit.com\/de\/wp-json\/wp\/v2\/types\/page"}],"author":[{"embeddable":true,"href":"https:\/\/www.maptoolkit.com\/de\/wp-json\/wp\/v2\/users\/6"}],"replies":[{"embeddable":true,"href":"https:\/\/www.maptoolkit.com\/de\/wp-json\/wp\/v2\/comments?post=1875"}],"version-history":[{"count":6,"href":"https:\/\/www.maptoolkit.com\/de\/wp-json\/wp\/v2\/pages\/1875\/revisions"}],"predecessor-version":[{"id":6130,"href":"https:\/\/www.maptoolkit.com\/de\/wp-json\/wp\/v2\/pages\/1875\/revisions\/6130"}],"up":[{"embeddable":true,"href":"https:\/\/www.maptoolkit.com\/de\/wp-json\/wp\/v2\/pages\/1925"}],"wp:attachment":[{"href":"https:\/\/www.maptoolkit.com\/de\/wp-json\/wp\/v2\/media?parent=1875"}],"curies":[{"name":"wp","href":"https:\/\/api.w.org\/{rel}","templated":true}]}}