{"id":2460,"date":"2024-02-07T16:50:43","date_gmt":"2024-02-07T16:50:43","guid":{"rendered":"https:\/\/www.maptoolkit.com\/home\/"},"modified":"2026-02-10T13:26:47","modified_gmt":"2026-02-10T13:26:47","slug":"home","status":"publish","type":"page","link":"https:\/\/www.maptoolkit.com\/de\/","title":{"rendered":"Home"},"content":{"rendered":"<div class=\"gb-container gb-container-95fbc225 home_section\">\n<div class=\"gb-container gb-container-aaa94dee\">\n<div class=\"gb-container gb-container-d668ed4f\">\n\n<figure class=\"gb-block-image gb-block-image-bd4c84ff\"><img loading=\"lazy\" decoding=\"async\" width=\"1600\" height=\"1800\" class=\"gb-image gb-image-bd4c84ff\" src=\"https:\/\/www.maptoolkit.com\/wp-content\/uploads\/2025\/11\/Maptoolkit-APIs.webp\" alt=\"\" title=\"Maptoolkit APIs\" srcset=\"https:\/\/www.maptoolkit.com\/wp-content\/uploads\/2025\/11\/Maptoolkit-APIs.webp 1600w, https:\/\/www.maptoolkit.com\/wp-content\/uploads\/2025\/11\/Maptoolkit-APIs-267x300.webp 267w, https:\/\/www.maptoolkit.com\/wp-content\/uploads\/2025\/11\/Maptoolkit-APIs-910x1024.webp 910w, https:\/\/www.maptoolkit.com\/wp-content\/uploads\/2025\/11\/Maptoolkit-APIs-768x864.webp 768w, https:\/\/www.maptoolkit.com\/wp-content\/uploads\/2025\/11\/Maptoolkit-APIs-1365x1536.webp 1365w\" sizes=\"auto, (max-width: 1600px) 100vw, 1600px\" \/><\/figure>\r\n\n<\/div>\n\n<div class=\"gb-container gb-container-93232cff\">\n\n<h2 class=\"gb-headline gb-headline-976fab67 gb-headline-text\">Unsere APIs<\/h2>\n\n\n\n<p class=\"gb-headline gb-headline-d8278938 gb-headline-text\">Erhalten Sie schnelle und zuverl\u00e4ssige Kartendienste f\u00fcr Ihre Anwendungen. Unsere APIs bieten Suchergebnisse, Routen, Kacheln, H\u00f6heninformationen und vieles mehr. Einfach zu integrieren, leicht skalierbar und bereit f\u00fcr den t\u00e4glichen Gebrauch.<\/p>\n\n\n\n<a class=\"gb-text gbp-button--primary gb-text-eaaae890\" href=\"\/de\/demo\/\"><strong>Demo buchen<\/strong><\/a>\n\n<\/div>\n<\/div>\n<\/div><div class=\"gb-container gb-container-61c46f24 home_section_blue\">\n<div class=\"gb-container gb-container-2113f03a home_section\">\n<div class=\"gb-container gb-container-92a1c524\">\n\n<h2 class=\"gb-headline gb-headline-d0025cac gb-headline-text\">Die EU-Alternative<\/h2>\n\n\n\n<p class=\"gb-headline gb-headline-efda1bf4 gb-headline-text\">W\u00e4hlen Sie einen Kartenanbieter, der Datenschutz und Privatsph\u00e4re an erste Stelle stellt. Unsere Plattform wird in der Europ\u00e4ischen Union entwickelt und folgt strengen DSGVO-Grunds\u00e4tzen f\u00fcr einen verantwortungsvollen Umgang mit Daten. Wir verwenden keine Tracking-Cookies, sodass Ihre Karten ohne Cookie-Banner laden und ohne zus\u00e4tzliche Pflichten f\u00fcr Ihre Besucher auskommen.<\/p>\n\n\n\n<a class=\"gb-text gbp-button--primary gb-text-cf1027bc\" href=\"\/de\/solutions\/dsgvo\/\"><strong>Hier mehr erfahren<\/strong><\/a>\n\n<\/div>\n\n<div class=\"gb-container gb-container-93d62f8f\">\n\n<figure class=\"gb-block-image gb-block-image-9ff18e5e\"><a href=\"https:\/\/www.maptoolkit.com\/de\/solutions\/dsgvo\/\"><img loading=\"lazy\" decoding=\"async\" width=\"1536\" height=\"1024\" class=\"gb-image gb-image-9ff18e5e\" title=\"EU Map API Alternative\" src=\"https:\/\/www.maptoolkit.com\/wp-content\/uploads\/2025\/04\/EU-Alternative.png\" alt=\"EU Map API Alternative\" srcset=\"https:\/\/www.maptoolkit.com\/wp-content\/uploads\/2025\/04\/EU-Alternative.png 1536w, https:\/\/www.maptoolkit.com\/wp-content\/uploads\/2025\/04\/EU-Alternative-300x200.png 300w, https:\/\/www.maptoolkit.com\/wp-content\/uploads\/2025\/04\/EU-Alternative-1024x683.png 1024w, https:\/\/www.maptoolkit.com\/wp-content\/uploads\/2025\/04\/EU-Alternative-768x512.png 768w\" sizes=\"auto, (max-width: 1536px) 100vw, 1536px\" \/><\/a><\/figure>\n\n<\/div>\n<\/div>\n<\/div><div class=\"gb-container gb-container-98022902 home_section\">\n<div class=\"gb-container gb-container-46c53ea7\">\n<div class=\"gb-container gb-container-1a9ca7e8\">\n\n<figure class=\"gb-block-image gb-block-image-dca27e39\"><img loading=\"lazy\" decoding=\"async\" width=\"873\" height=\"680\" class=\"gb-image gb-image-dca27e39\" title=\"Maptoolkit Map Styles\" src=\"https:\/\/www.maptoolkit.com\/wp-content\/uploads\/2025\/07\/Maptoolkit-Map-Styles.gif\" alt=\"A gif showing the different default map styles that Maptoolkit offers\" \/><\/figure>\n\n<\/div>\n\n<div class=\"gb-container gb-container-36064c27\">\n\n<h2 class=\"gb-headline gb-headline-c4fd393d gb-headline-text\">Erstellen Sie Ihre eigenen Kartenstile<\/h2>\n\n\n\n<p class=\"gb-headline gb-headline-1efcf2da gb-headline-text\">Geben Sie Ihren Karten einen Look, der zu Ihrem Produkt und Ihrer Marke passt. Starten Sie mit einem unserer fertigen Basisstile und passen Sie dann Farben, Beschriftungen, Layers und Schriften an, bis das Design genau Ihren Vorstellungen entspricht. Ob klare Business-Karten, farbenfrohe Outdoor-Karten oder ein individueller Stil f\u00fcr Ihre eigene Anwendung, unser Editor hilft Ihnen, mit wenigen Klicks professionelle Ergebnisse zu erzielen.<\/p>\n\n<\/div>\n<\/div>\n<\/div><div class=\"gb-container gb-container-e6c5ffe3 home_section_blue\">\n<div class=\"gb-container gb-container-81efb93d home_section\">\n<div class=\"gb-container gb-container-b729d60e\">\n\n<h2 class=\"gb-headline gb-headline-2189a91f gb-headline-text\">Bringen Sie Ihre Daten auf die Karte<\/h2>\n\n\n\n<p class=\"gb-headline gb-headline-5d2decfa gb-headline-text\">Verwandeln Sie Ihre Daten mit fl\u00fcssigen, hochwertigen Heatmaps in klare visuelle Einblicke. Zeigen Sie, wo besonders viel Aktivit\u00e4t stattfindet, heben Sie wichtige Bereiche hervor oder machen Sie Muster sichtbar, die in Tabellen oder Rohdaten nur schwer zu erkennen sind.<\/p>\n\n<\/div>\n\n<div class=\"gb-container gb-container-cd7144d9\">\n\n<figure class=\"gb-block-image gb-block-image-fe8fbc58\"><img loading=\"lazy\" decoding=\"async\" width=\"868\" height=\"528\" class=\"gb-image gb-image-fe8fbc58\" title=\"Screenshot 2025-07-24 174032\" src=\"https:\/\/www.maptoolkit.com\/wp-content\/uploads\/2025\/07\/Screenshot-2025-07-24-174032.png\" alt=\"\" srcset=\"https:\/\/www.maptoolkit.com\/wp-content\/uploads\/2025\/07\/Screenshot-2025-07-24-174032.png 868w, https:\/\/www.maptoolkit.com\/wp-content\/uploads\/2025\/07\/Screenshot-2025-07-24-174032-300x182.png 300w, https:\/\/www.maptoolkit.com\/wp-content\/uploads\/2025\/07\/Screenshot-2025-07-24-174032-768x467.png 768w\" sizes=\"auto, (max-width: 868px) 100vw, 868px\" \/><\/figure>\n\n<\/div>\n<\/div>\n<\/div>\n<div class=\"gb-element-b36c324b\">\n<a class=\"gb-text gbp-button--primary gb-text-de6f1719\" href=\"\/de\/demo\"><strong>Demo anfragen<\/strong><\/a>\n<\/div>\n","protected":false},"excerpt":{"rendered":"<p>Unsere APIs Erhalten Sie schnelle und zuverl\u00e4ssige Kartendienste f\u00fcr Ihre Anwendungen. Unsere APIs bieten Suchergebnisse, Routen, Kacheln, H\u00f6heninformationen und vieles &#8230; <\/p>\n<p class=\"read-more-container\"><a title=\"Home\" class=\"read-more button\" href=\"https:\/\/www.maptoolkit.com\/de\/#more-2460\" aria-label=\"Mehr Informationen \u00fcber Home\">Weiterlesen &#8230;<\/a><\/p>\n","protected":false},"author":4,"featured_media":0,"parent":0,"menu_order":0,"comment_status":"closed","ping_status":"closed","template":"","meta":{"footnotes":""},"class_list":["post-2460","page","type-page","status-publish"],"_links":{"self":[{"href":"https:\/\/www.maptoolkit.com\/de\/wp-json\/wp\/v2\/pages\/2460","targetHints":{"allow":["GET"]}}],"collection":[{"href":"https:\/\/www.maptoolkit.com\/de\/wp-json\/wp\/v2\/pages"}],"about":[{"href":"https:\/\/www.maptoolkit.com\/de\/wp-json\/wp\/v2\/types\/page"}],"author":[{"embeddable":true,"href":"https:\/\/www.maptoolkit.com\/de\/wp-json\/wp\/v2\/users\/4"}],"replies":[{"embeddable":true,"href":"https:\/\/www.maptoolkit.com\/de\/wp-json\/wp\/v2\/comments?post=2460"}],"version-history":[{"count":6,"href":"https:\/\/www.maptoolkit.com\/de\/wp-json\/wp\/v2\/pages\/2460\/revisions"}],"predecessor-version":[{"id":6244,"href":"https:\/\/www.maptoolkit.com\/de\/wp-json\/wp\/v2\/pages\/2460\/revisions\/6244"}],"wp:attachment":[{"href":"https:\/\/www.maptoolkit.com\/de\/wp-json\/wp\/v2\/media?parent=2460"}],"curies":[{"name":"wp","href":"https:\/\/api.w.org\/{rel}","templated":true}]}}