{"id":2496,"date":"2024-02-19T09:22:03","date_gmt":"2024-02-19T09:22:03","guid":{"rendered":"https:\/\/www.maptoolkit.com\/startups\/"},"modified":"2025-12-03T16:30:01","modified_gmt":"2025-12-03T16:30:01","slug":"startups","status":"publish","type":"page","link":"https:\/\/www.maptoolkit.com\/de\/solutions\/startups\/","title":{"rendered":"Startups &#038; Entwickler"},"content":{"rendered":"<div class=\"gb-container gb-container-ca75b451 gbp-section\">\n\n<h1 class=\"gb-headline gb-headline-59fa2327 gb-headline-text\">Startups &amp; Entwickler<\/h1>\n\n\n\n<p class=\"gb-headline gb-headline-d9b27d5a gb-headline-text\">Maptoolkit bietet mehrere Standardkartenstile und ist f\u00fcr Outdoor-Aktivit\u00e4ten konzipiert. Eine individuelle Anpassung entsprechend Ihren Anforderungen ist m\u00f6glich. Dies umfasst nicht nur Farben oder Schriftarten, sondern auch die Auswahl der anzuzeigenden Daten, und es ist sogar m\u00f6glich, Ihre eigenen Daten in die Karte zu integrieren.<\/p>\n\n\n\n<p class=\"gb-headline gb-headline-0ddb5a77 gb-headline-text\">Dar\u00fcber hinaus verstehen wir, dass Fehler kostspielig und zeitaufwendig sein k\u00f6nnen. Deshalb sind wir bestrebt, Ihnen dabei zu helfen, sie zu vermeiden. Unser Team von Experten steht Ihnen zur Verf\u00fcgung, um Ihnen die Unterst\u00fctzung und Beratung zu bieten, die Sie ben\u00f6tigen, um fundierte Entscheidungen zu treffen und Ihre Ziele zu erreichen. Mit unserer Hilfe k\u00f6nnen Sie Ihre Abl\u00e4ufe optimieren, Kosten senken und Ihr Wachstum beschleunigen.<\/p>\n\n<\/div><div class=\"gb-container gb-container-f27db503\">\n<div class=\"gb-container gb-container-91ded10a gbp-section\">\n\n<h2 class=\"gb-headline gb-headline-a12db2b8 gb-headline-text\">Warum Maptoolkit?<\/h2>\n\n\n\n<p class=\"gb-headline gb-headline-7d1aedc1 gb-headline-text\">Wir sind Ihr verl\u00e4sslicher Partner, der sich dazu verpflichtet, mit Ihnen auf Augenh\u00f6he zusammenzuarbeiten. Wir verstehen die Herausforderungen, denen Startups gegen\u00fcberstehen, und sind entschlossen, Sie w\u00e4hrend Ihres Wachstumsprozesses zu unterst\u00fctzen.<\/p>\n\n\n\n<hr class=\"wp-block-separator has-text-color has-base-2-color has-alpha-channel-opacity has-base-2-background-color has-background\"\/>\n\n\n<div class=\"gb-container gb-container-4264b41a\">\n<div class=\"gb-grid-wrapper gb-grid-wrapper-339ead5a\">\n<div class=\"gb-grid-column gb-grid-column-7f8350e3\"><div class=\"gb-container gb-container-7f8350e3\">\n\n<span class=\"gb-button gb-button-e0fefc5a grid-icon\"><span class=\"gb-icon\"><svg viewBox=\"0 0 122.88 122.88\" data-name=\"Layer 1\" id=\"Layer_1\" xmlns=\"http:\/\/www.w3.org\/2000\/svg\">\r\n  <title>expand-arrow<\/title>\r\n  <path d=\"M40,99.69h0l11.22,11.22c1.65,1.8,2.31,3.59,1.94,5.37s-1.71,3.28-4,4.43a2.57,2.57,0,0,1-.78.23c-15,1.81-26.49.09-41.51,1.9l-.22,0A5.94,5.94,0,0,1,0,116.28l0-.22c1.8-15,.08-26.5,1.9-41.51a2.57,2.57,0,0,1,.23-.78c1.15-2.33,2.64-3.68,4.43-4S10.16,70,12,71.66L23.18,82.89h0L44.72,61.36,23.26,39.91h0L12,51.21c-1.8,1.65-3.59,2.31-5.37,1.94s-3.28-1.71-4.43-4a2.57,2.57,0,0,1-.23-.78C.11,33.31,1.84,21.84,0,6.82L0,6.6A5.94,5.94,0,0,1,6.6,0l.22,0c15,1.8,26.49.08,41.51,1.9a2.57,2.57,0,0,1,.78.23c2.33,1.15,3.68,2.64,4,4.43s-.29,3.57-1.93,5.37L39.91,23.26h0L61.36,44.72,82.89,23.18h0L71.66,12c-1.64-1.8-2.3-3.59-1.93-5.37s1.71-3.28,4-4.43a2.57,2.57,0,0,1,.78-.23C89.56.11,101,1.83,116.06,0l.22,0a5.94,5.94,0,0,1,6.59,6.59l0,.22c-1.81,15-.09,26.49-1.9,41.51a2.89,2.89,0,0,1-.23.78c-1.15,2.33-2.64,3.68-4.43,4s-3.57-.29-5.37-1.94L99.7,40h0L78.16,61.52,99.62,83h0l11.3-11.31c1.8-1.64,3.59-2.3,5.37-1.93s3.28,1.71,4.43,4a2.89,2.89,0,0,1,.23.78c1.81,15,.1,26.49,1.9,41.51l0,.22a5.94,5.94,0,0,1-6.59,6.59l-.22,0c-15-1.81-26.49-.09-41.51-1.9a2.57,2.57,0,0,1-.78-.23c-2.33-1.15-3.68-2.64-4-4.43s.29-3.57,1.94-5.37L83,99.62h0L61.52,78.16,40,99.69Z\"><\/path>\r\n<\/svg>\r\n<\/span><\/span>\r\n\n\n\n<h4 class=\"gb-headline gb-headline-aa681c48 gb-headline-text\">Skalierbar<\/h4>\n\n\n\n<p class=\"gb-headline gb-headline-b4e98d29 gb-headline-text\">Maptoolkit wurde entwickelt, um hochgradig skalierbar und anpassungsf\u00e4hig zu sein und Ihre sich entwickelnden Anforderungen zu erf\u00fcllen. Wenn Ihre Anforderungen wachsen, kann Maptoolkit erweitert und nahtlos in Ihre vorhandenen Systeme integriert werden, um sicherzustellen, dass Sie immer \u00fcber die ben\u00f6tigten Ressourcen verf\u00fcgen, um erfolgreich zu sein.<\/p>\n\n<\/div><\/div>\n\n<div class=\"gb-grid-column gb-grid-column-3657b9ac\"><div class=\"gb-container gb-container-3657b9ac\">\n\n<span class=\"gb-button gb-button-ac6ffea5 grid-icon\"><span class=\"gb-icon\"><svg viewBox=\"0 0 105.05 122.88\" data-name=\"Layer 1\" id=\"Layer_1\" xmlns=\"http:\/\/www.w3.org\/2000\/svg\">\r\n  <defs>\r\n    <style>.cls-1{fill-rule:evenodd;}<\/style>\r\n  <\/defs>\r\n  <title>money-saving<\/title>\r\n  <path d=\"M68.11,51.49a18.57,18.57,0,0,1,3.74-1.91A40.38,40.38,0,0,1,79.39,49c3.64-.09,7.27.23,7.63,1a4,4,0,0,1,.41,2.1,4.73,4.73,0,0,1-.68,2A13.94,13.94,0,0,1,82.44,58c-1.66,1.14-3.18,2.19-2.93,3,0,.07.18.2.42.4a15.56,15.56,0,0,0,1.44,1,22.17,22.17,0,0,1,5.37,4.44,27.81,27.81,0,0,1,3.8,5.89c.34.67.67,1.37,1,2.09s.66,1.54,1,2.33l.06.25a6.8,6.8,0,0,0,.74,2.39c.15.25.3.37.44.37h1.76l.69,0c1.64-.12,2.56-.18,3.51,2.28a16.84,16.84,0,0,1,.79,6.43,23.5,23.5,0,0,1-1.25,6.91,4.8,4.8,0,0,1-1.61,2.79,5.61,5.61,0,0,1-3.25,1.19h-2c-.83,0-1.56,0-2.1,0s-.62-.09-.69-.05,0,.05-.11.23a19.77,19.77,0,0,1-2,2.42c-.82.85-1.78,1.79-2.7,2.66s-1.7,1.56-2.4,2.15l-.43.36a7.37,7.37,0,0,0-1.2,1.07,7.57,7.57,0,0,0,.67,1.88c.2.48.32.76.36.87.47,1.15.94,2.26,1.36,3.23.71,1.64,1.5,3.38,1.75,4l0,.06c.58,1.47.45,2.59-.36,3.39a4,4,0,0,1-3.24.83H74.33a4.79,4.79,0,0,1-2.74-.63,7.16,7.16,0,0,1-2.24-2.11l-.06-.11a18.13,18.13,0,0,1-.8-1.64c-.67-1.51-1.51-3.38-2.19-3.11a42.35,42.35,0,0,1-14.19,3.08,49.66,49.66,0,0,1-16.17-2.41c-1.73-.24-2.08.49-2.64,1.65-.16.33-.32.68-.55,1.12h0c-.14.28-.19.4-.24.5-.8,1.71-1.57,3.36-4,3.85l-.26,0-8.91-.07h-.09a3.54,3.54,0,0,1-1.45-.39,2.65,2.65,0,0,1-1.14-1.11c-.79-1.45-.26-2.54.28-3.65h0l.21-.43h0l3.13-6.85.06-.12a2.09,2.09,0,0,0,.38-1.39,2,2,0,0,0-.77-1h0c-.62-.44-1.23-.9-1.81-1.36s-1.17-1-1.73-1.49a32.21,32.21,0,0,1-5-5.84A30.67,30.67,0,0,1,8,92.41a25.73,25.73,0,0,1-1.36-5.67c0-.44-.09-.89-.12-1.34a11.22,11.22,0,0,1-5.9-7.13c-1-3.33-.87-7.47.61-12.08l2.5.8a18,18,0,0,0-.59,10.52A8.86,8.86,0,0,0,6.59,82.4c0-.39.08-.79.13-1.18A28.77,28.77,0,0,1,11.38,69.4,36.27,36.27,0,0,1,23.73,58l.2.14L39.64,68a47.29,47.29,0,0,0-8.16,2,3.74,3.74,0,0,0,2.44,7.07A40,40,0,0,1,47.23,75,47.49,47.49,0,0,1,61,77.19,3.75,3.75,0,0,0,63.18,70a59.27,59.27,0,0,0-6.1-1.55l11-17ZM104.17,4.61H95.29a.89.89,0,0,0-.88.87V27.05a.88.88,0,0,0,.88.87h8.88a.88.88,0,0,0,.88-.87V5.48a.88.88,0,0,0-.88-.87Zm-12,3.85a1.68,1.68,0,0,0-.28-1.05c-.57-.77-2-.54-2.85-.54a12.58,12.58,0,0,1-2.73-.22,31.09,31.09,0,0,1-3.89-1.29c-4.83-1.73-8.94-2.8-14-5a3.88,3.88,0,0,0-3.25,0A84.62,84.62,0,0,0,51.59,6.73a5.43,5.43,0,0,0-1.16.84,5.16,5.16,0,0,0-.87,1.17c-2.79,4-5.18,8.16-7.47,12.27-.77,1.44-1.09,2.81-.56,3.67,2.15,3.54,6-1.49,10.2-4.84,1.76-1.41,4.15-2.66,6.2-4.09,2.64-1.1,3.87-2.15,6.7-2.74,4.34-.38,4.7,5.85-1,6.08-3.87.15-11.85,3.66-14.09,6.9-2.09,3-.94,6,3.32,5.87l3.56-.66c5.66-1.07,5.5-1.28,11.41-.18,3.17.58,6.49,1.2,9.75.59,2-.37,3-1.17,4.81-2.52a16.37,16.37,0,0,1,2.83-2A10.82,10.82,0,0,1,87.8,26c1.36-.32,3.27.14,4.06-1a2.23,2.23,0,0,0,.33-1.17V8.46ZM47.89,36.32a6.29,6.29,0,1,0,7.48.57c-.62.13-1.17.26-1.52.32h0a6.4,6.4,0,0,1-.88.09,11.14,11.14,0,0,1-5.08-1Zm-6.63-4.9L27.08,53.25l23.39,14.8L70.63,37c-1.33-.18-2.57-.41-3.79-.63l-.78-.15-14.49,22a4.09,4.09,0,0,0-5.64,1.26l-9.24-5.86A4.09,4.09,0,0,0,35.43,48l9.31-14.13a8.22,8.22,0,0,1-1.2-2.2,5.83,5.83,0,0,1-2.28-.2Zm36.11,44a4.27,4.27,0,1,1-3,1.25,4.17,4.17,0,0,1,3-1.25Z\" class=\"cls-1\"><\/path>\r\n<\/svg>\r\n<\/span><\/span>\r\n\n\n\n<h4 class=\"gb-headline gb-headline-1e6969ee gb-headline-text\">Faire Preisgestaltung<\/h4>\n\n\n\n<p class=\"gb-headline gb-headline-929ca12b gb-headline-text\">Wir glauben an eine faire und transparente Preisgestaltung, die auf Ihr Budget zugeschnitten ist. Unsere Preisstruktur ist einfach zu verstehen und bietet Ihnen die Flexibilit\u00e4t, die Dienstleistungen zu w\u00e4hlen, die Ihren Bed\u00fcrfnissen am besten entsprechen, ohne versteckte Geb\u00fchren oder Kosten.<\/p>\n\n<\/div><\/div>\n\n<div class=\"gb-grid-column gb-grid-column-08431026\"><div class=\"gb-container gb-container-08431026\">\n\n<span class=\"gb-button gb-button-cee0c8c4 grid-icon\"><span class=\"gb-icon\"><svg viewBox=\"0 0 122.88 67.72\" data-name=\"Layer 1\" id=\"Layer_1\" xmlns=\"http:\/\/www.w3.org\/2000\/svg\">\r\n  <defs>\r\n    <style>.cls-1{fill-rule:evenodd;}<\/style>\r\n  <\/defs>\r\n  <title>hand-shake<\/title>\r\n  <path d=\"M3.24,16.78l2.3,28.47c.31,2.94,1,4.83,1.84,5.87a2.82,2.82,0,0,0,2.85.85l.27,0H21.78a3.84,3.84,0,0,0,3.31-1.32l.05-.06A8.31,8.31,0,0,0,26.32,46V14.57a1.21,1.21,0,0,1-.07-.43.49.49,0,0,1,0-.12A2.93,2.93,0,0,0,25,11.92a7.16,7.16,0,0,0-3.88-.78H7a4.3,4.3,0,0,0-3.19,1.17c-.67.8-.91,2.18-.58,4.33v.14ZM93.1,15.57a10.86,10.86,0,0,1,.09-1.43L88,10.65c-.75-.5-1.57-1.08-2.4-1.66-3-2.08-6-4.22-9.33-5.09a26.12,26.12,0,0,0-5.94-.82,20.38,20.38,0,0,0-5.46.6,14,14,0,0,0-3,1.14,10.75,10.75,0,0,0-2.31,1.64L56,10.63a1.59,1.59,0,0,1-.44.52L45.89,22.66a4.21,4.21,0,0,0,.84,1.85,4.09,4.09,0,0,0,1.78,1.26,5.77,5.77,0,0,0,2.52.31,8.21,8.21,0,0,0,4.42-1.83L58.14,22c.68-.56,1.25-1.08,1.81-1.59a24.11,24.11,0,0,1,3.78-3c3-1.8,6-1.86,9,3.12L87.93,48H93.1V15.57Zm1.23-4.39a5.67,5.67,0,0,1,.8-.9A8.24,8.24,0,0,1,100.8,8.5H114c2.77,0,5,.49,6.58,1.69,1.73,1.34,2.55,3.37,2.2,6.29l-2.92,30.21a10.68,10.68,0,0,1-2.2,6.27,6.74,6.74,0,0,1-5.7,2.22H100.09a6.06,6.06,0,0,1-4.26-1.31,8,8,0,0,1-2.15-2.81H89.57a7.09,7.09,0,0,1,.08,4.52,7.43,7.43,0,0,1-2.47,3.5,8.47,8.47,0,0,1-3.87,1.71,7.68,7.68,0,0,1-4.17-.46,10.83,10.83,0,0,1-4.91,3.13A8.53,8.53,0,0,1,69,63.22a10.44,10.44,0,0,1-5.56,3.46,10.22,10.22,0,0,1-6.62-1,9.76,9.76,0,0,1-2.29,1.35,8.61,8.61,0,0,1-3.55.65,9.66,9.66,0,0,1-6.55-2.39,19.2,19.2,0,0,1-3.68-5.09L34.19,48.8H29.11a9,9,0,0,1-1.51,3.63l-.07.1A6.74,6.74,0,0,1,21.7,55H10.61a5.66,5.66,0,0,1-5.56-1.89c-1.3-1.51-2.2-4-2.58-7.57v-.13L.17,17.05c-.46-3.06,0-5.23,1.28-6.71A7.13,7.13,0,0,1,6.87,8.06H21.1a10,10,0,0,1,5.57,1.27h0a5.73,5.73,0,0,1,2.43,3.25h9.55a27.48,27.48,0,0,1,7.13-3.67A19.39,19.39,0,0,1,54,8.27l3.27-3.89.12-.13a13.71,13.71,0,0,1,3-2.16A17.83,17.83,0,0,1,64.06.69,24.23,24.23,0,0,1,70.35,0,29.26,29.26,0,0,1,77,.92h0c3.81,1,7.1,3.31,10.3,5.55.77.54,1.53,1.07,2.35,1.62l4.65,3.09ZM15.77,38.76a2.66,2.66,0,1,1-2.65,2.65,2.66,2.66,0,0,1,2.65-2.65ZM86.36,50.92a1.57,1.57,0,0,1-.88-1L70.06,22.09c-1.71-2.86-3.25-2.94-4.75-2.05A22.52,22.52,0,0,0,62,22.71c-.68.62-1.36,1.24-1.92,1.7l-2.73,2.25a11.38,11.38,0,0,1-6.09,2.5,9,9,0,0,1-3.86-.5,7.28,7.28,0,0,1-3.11-2.22,7.44,7.44,0,0,1-1.59-4.11,1.58,1.58,0,0,1,.45-1.22l8.33-9.91a15,15,0,0,0-4.81.67,25.56,25.56,0,0,0-6.63,3.48,1.5,1.5,0,0,1-1,.33H29.41v30h5.67a1.55,1.55,0,0,1,1.38.84l7,12.15a17.79,17.79,0,0,0,3,4.34,6.77,6.77,0,0,0,4.58,1.6,5.63,5.63,0,0,0,2.3-.42,5.8,5.8,0,0,0,1.31-.75L50.14,55a1.54,1.54,0,0,1,2.71-1.45l4.94,9.23a6.67,6.67,0,0,0,8.87-1.54L59.55,50.06A1.54,1.54,0,0,1,60,47.93a1.56,1.56,0,0,1,2.13.47l7.49,11.77a5.81,5.81,0,0,0,3.78.32,7.65,7.65,0,0,0,3.44-2.24L70.07,45.47A1.55,1.55,0,0,1,72.8,44l7,13.22a4.44,4.44,0,0,0,3,.5,5.27,5.27,0,0,0,2.45-1.08,4.27,4.27,0,0,0,1.45-2,4.12,4.12,0,0,0-.23-3,1.48,1.48,0,0,1-.12-.71Zm20.32-12.16A2.66,2.66,0,1,1,104,41.41a2.66,2.66,0,0,1,2.65-2.65Z\" class=\"cls-1\"><\/path>\r\n<\/svg>\r\n<\/span><\/span>\r\n\n\n\n<h4 class=\"gb-headline gb-headline-fa456074 gb-headline-text\">Support<\/h4>\n\n\n\n<p class=\"gb-headline gb-headline-f0158135 gb-headline-text\">Bei Maptoolkit verstehen wir, dass die Time-to-Market f\u00fcr Startups entscheidend ist. Deshalb streben wir danach, Ihre vertrauensw\u00fcrdigen externen Geo-Entwickler zu sein und Ihnen die Expertise und Unterst\u00fctzung bereitzustellen, die Sie ben\u00f6tigen, um etwaige geo-bezogene Herausforderungen zu bew\u00e4ltigen.<\/p>\n\n<\/div><\/div>\n\n<div class=\"gb-grid-column gb-grid-column-c7a0f88e\"><div class=\"gb-container gb-container-c7a0f88e\">\n\n<span class=\"gb-button gb-button-9bcd1168 grid-icon\"><span class=\"gb-icon\"><svg viewBox=\"0 0 114.1 122.88\" data-name=\"Layer 1\" id=\"Layer_1\" xmlns=\"http:\/\/www.w3.org\/2000\/svg\">\r\n  <defs>\r\n    <style>.cls-1{fill-rule:evenodd;}<\/style>\r\n  <\/defs>\r\n  <title>bulb<\/title>\r\n  <path d=\"M75.84,27.1a35.68,35.68,0,0,1,8.61,7.09,32.45,32.45,0,0,1,5.76,9.26h0a36.84,36.84,0,0,1,1.85,6,34.64,34.64,0,0,1,.24,14,38.69,38.69,0,0,1-2.15,7.32l-.12.25c-2.06,5-5.59,9.86-9,14.66-1.75,2.42-3.48,4.82-4.94,7.15A4.69,4.69,0,0,1,71.73,95l-27.56,4.1A4.7,4.7,0,0,1,39,95.69a40.19,40.19,0,0,0-2.54-5.82,24.85,24.85,0,0,0-3-4.49c-1.43-1.63-2.88-3.29-4.29-5.2A40.42,40.42,0,0,1,25,73.24h0a41.08,41.08,0,0,1-2.81-8,35.84,35.84,0,0,1-.95-8.45v0A35.39,35.39,0,0,1,22.35,48a41.69,41.69,0,0,1,3.42-8.85l.2-.35a35.55,35.55,0,0,1,7.13-8.63,33.72,33.72,0,0,1,9.46-5.83l.28-.1a35.41,35.41,0,0,1,8-2.14,37.78,37.78,0,0,1,8.77-.2,39.14,39.14,0,0,1,8.4,1.71,38.44,38.44,0,0,1,7.79,3.49Zm-4,87.26a17.37,17.37,0,0,1-6.28,6.29,16.46,16.46,0,0,1-7.2,2.2A14.87,14.87,0,0,1,51,121.4a15.1,15.1,0,0,1-4.39-3.27l25.29-3.77Zm2.41-14.15,0,1.65,0,.58a22,22,0,0,1,0,3.25l-.49,2.39-30.64,4.56-.54-1.23-1.19-4.9,0-1.42,32.79-4.88ZM56.34,3.77A3.84,3.84,0,0,1,60.23,0h0l.27,0A3.84,3.84,0,0,1,64,3.89h0a1.27,1.27,0,0,1,0,.2l-.21,8.21h0a2.11,2.11,0,0,1,0,.26,3.84,3.84,0,0,1-3.87,3.54h0l-.27,0a3.84,3.84,0,0,1-3.53-3.88h0a1.09,1.09,0,0,1,0-.19l.2-8.25ZM14,18.15a3.84,3.84,0,0,1,2.47-6.66,3.83,3.83,0,0,1,2.76,1l6.16,5.73a3.91,3.91,0,0,1,1.22,2.68,3.82,3.82,0,0,1-1,2.76,3.86,3.86,0,0,1-2.67,1.22,3.8,3.8,0,0,1-2.76-1L14,18.15ZM3.92,60.48A3.86,3.86,0,0,1,0,56.75a3.84,3.84,0,0,1,3.73-4l8.41-.28a3.84,3.84,0,0,1,4,3.72v.06h0v.14a3.84,3.84,0,0,1-3.73,3.77h-.15l-8.3.27Zm106-11.92H110a3.84,3.84,0,0,1,2.66.86,3.81,3.81,0,0,1,1.4,2.59v0a.49.49,0,0,1,0,.13,3.84,3.84,0,0,1-3.44,4.06l-8.37.89a3.83,3.83,0,0,1-2.81-.85,3.84,3.84,0,0,1,2-6.8c2.79-.31,5.6-.63,8.4-.9ZM93.33,15.09A3.83,3.83,0,0,1,98.65,14h0a3.73,3.73,0,0,1,1.63,2.44,3.84,3.84,0,0,1-.58,2.88l-4.68,7A3.8,3.8,0,0,1,92.58,28a3.88,3.88,0,0,1-2.88-.57A3.92,3.92,0,0,1,88.06,25a3.84,3.84,0,0,1,.58-2.88l4.69-7ZM38.23,80.87A42.19,42.19,0,0,1,31,70.56,31.2,31.2,0,0,1,27.89,57,31.7,31.7,0,0,1,31.7,42.56a.47.47,0,0,0,.05-.1h0a27.5,27.5,0,0,1,13.4-11.71,29.65,29.65,0,0,1,13.93-2A32.09,32.09,0,0,1,72.39,33,27.43,27.43,0,0,1,84,46.2,28.85,28.85,0,0,1,84,68.45C81.31,75,75.15,82,71.11,88.4a1.67,1.67,0,0,0-.67,0L44.36,92.25a35,35,0,0,0-6.13-11.38Z\" class=\"cls-1\"><\/path>\r\n<\/svg>\r\n<\/span><\/span>\r\n\n\n\n<h4 class=\"gb-headline gb-headline-6e982519 gb-headline-text\">Sparring-Partner<\/h4>\n\n\n\n<p class=\"gb-headline gb-headline-6a2b7a72 gb-headline-text\">Aufgrund unserer umfangreichen Erfahrung bei der Entwicklung einer Vielzahl von Kartenl\u00f6sungen m\u00f6chten wir unser Wissen und unsere Erfahrung mit Ihnen teilen. Unser Ziel ist es, Sie bei der Entwicklung gro\u00dfartiger Produkte und L\u00f6sungen zu unterst\u00fctzen, die die M\u00f6glichkeiten der standortbasierten Technologie nutzen.<\/p>\n\n<\/div><\/div>\n<\/div>\n<\/div>\n<\/div>\n<\/div>\n<div class=\"gb-element-90cc3e5e\"><div class=\"gb-container gb-container-c5481196\">\n<div class=\"gb-container gb-container-e5363932\">\n\n<h2 class=\"gb-headline gb-headline-343212cc gb-headline-text\"><strong>Kunden<\/strong><\/h2>\n\n\n\n<hr class=\"wp-block-separator has-text-color has-alpha-channel-opacity has-background\" style=\"background-color:#c3c3c3;color:#c3c3c3\"\/>\n\n<\/div>\n\n<div class=\"gb-container gb-container-4190d1f4\">\n<div class=\"gb-grid-wrapper gb-grid-wrapper-f1d5e4a7\">\n<div class=\"gb-grid-column gb-grid-column-8f9372d5\"><div class=\"gb-container gb-container-8f9372d5\"><a class=\"gb-container-link\" href=\"https:\/\/www.summitlynx.com\/\"><\/a>\n\n<figure class=\"gb-block-image gb-block-image-fd7e24e7\"><img loading=\"lazy\" decoding=\"async\" width=\"600\" height=\"600\" class=\"gb-image gb-image-fd7e24e7\" src=\"https:\/\/www.maptoolkit.com\/wp-content\/uploads\/2019\/11\/211025_summitlynx-logo-portrait-black-yellow_600w.png\" alt=\"SummitLynx\" title=\"SummitLynx\" srcset=\"https:\/\/www.maptoolkit.com\/wp-content\/uploads\/2019\/11\/211025_summitlynx-logo-portrait-black-yellow_600w.png 600w, https:\/\/www.maptoolkit.com\/wp-content\/uploads\/2019\/11\/211025_summitlynx-logo-portrait-black-yellow_600w-300x300.png 300w, https:\/\/www.maptoolkit.com\/wp-content\/uploads\/2019\/11\/211025_summitlynx-logo-portrait-black-yellow_600w-150x150.png 150w, https:\/\/www.maptoolkit.com\/wp-content\/uploads\/2019\/11\/211025_summitlynx-logo-portrait-black-yellow_600w-146x146.png 146w, https:\/\/www.maptoolkit.com\/wp-content\/uploads\/2019\/11\/211025_summitlynx-logo-portrait-black-yellow_600w-50x50.png 50w, https:\/\/www.maptoolkit.com\/wp-content\/uploads\/2019\/11\/211025_summitlynx-logo-portrait-black-yellow_600w-75x75.png 75w, https:\/\/www.maptoolkit.com\/wp-content\/uploads\/2019\/11\/211025_summitlynx-logo-portrait-black-yellow_600w-85x85.png 85w, https:\/\/www.maptoolkit.com\/wp-content\/uploads\/2019\/11\/211025_summitlynx-logo-portrait-black-yellow_600w-80x80.png 80w\" sizes=\"auto, (max-width: 600px) 100vw, 600px\" \/><\/figure>\r\n\n<\/div><\/div>\n\n<div class=\"gb-grid-column gb-grid-column-f8487a94\"><div class=\"gb-container gb-container-f8487a94\"><a class=\"gb-container-link\" href=\"https:\/\/www.summitlynx.com\/\"><\/a>\n\n<figure class=\"gb-block-image gb-block-image-01dfbf1e\"><img decoding=\"async\" class=\"gb-image gb-image-01dfbf1e\" src=\"https:\/\/www.maptoolkit.com\/wp-content\/uploads\/2025\/03\/CaminoLove-Logo.svg\" alt=\"\" title=\"CaminoLove Logo\"\/><\/figure>\r\n\n<\/div><\/div>\n\n<div class=\"gb-grid-column gb-grid-column-0fc07adf\"><div class=\"gb-container gb-container-0fc07adf\"><a class=\"gb-container-link\" href=\"https:\/\/www.summitlynx.com\/\"><\/a>\n\n<figure class=\"gb-block-image gb-block-image-e3ef76ca\"><img decoding=\"async\" class=\"gb-image gb-image-e3ef76ca\" src=\"https:\/\/www.maptoolkit.com\/wp-content\/uploads\/2025\/03\/Flatmatch.svg\" alt=\"\" title=\"Flatmatch\"\/><\/figure>\r\n\n<\/div><\/div>\n<\/div>\n<\/div>\n<\/div><\/div>\n<div class=\"gb-container gb-container-bc3f6145\">\n<div class=\"gb-container gb-container-e0ab9dd7\">\n\n<h2 class=\"gb-headline gb-headline-c593864c gb-headline-text\"><strong>Wir beraten Sie pers\u00f6nlich<\/strong><\/h2>\r\n\n\n\n<hr class=\"wp-block-separator has-text-color has-alpha-channel-opacity has-background is-style-default\" style=\"background-color:#c3c3c3;color:#c3c3c3\"\/>\n\n\n<div class=\"gb-container gb-container-30f9a422\">\n<div class=\"gb-container gb-container-d1b3811f\">\n\n<figure class=\"gb-block-image gb-block-image-fcc53e52\"><img loading=\"lazy\" decoding=\"async\" width=\"300\" height=\"300\" class=\"gb-image gb-image-fcc53e52\" src=\"https:\/\/www.maptoolkit.com\/wp-content\/uploads\/2020\/02\/PeterH_LUX_0871@lisalux1_square-300x300.jpg\" alt=\"\" title=\"PeterH_LUX_0871@lisalux1_square\" srcset=\"https:\/\/www.maptoolkit.com\/wp-content\/uploads\/2020\/02\/PeterH_LUX_0871@lisalux1_square-300x300.jpg 300w, https:\/\/www.maptoolkit.com\/wp-content\/uploads\/2020\/02\/PeterH_LUX_0871@lisalux1_square-150x150.jpg 150w, https:\/\/www.maptoolkit.com\/wp-content\/uploads\/2020\/02\/PeterH_LUX_0871@lisalux1_square-146x146.jpg 146w, https:\/\/www.maptoolkit.com\/wp-content\/uploads\/2020\/02\/PeterH_LUX_0871@lisalux1_square-50x50.jpg 50w, https:\/\/www.maptoolkit.com\/wp-content\/uploads\/2020\/02\/PeterH_LUX_0871@lisalux1_square-75x75.jpg 75w, https:\/\/www.maptoolkit.com\/wp-content\/uploads\/2020\/02\/PeterH_LUX_0871@lisalux1_square-85x85.jpg 85w, https:\/\/www.maptoolkit.com\/wp-content\/uploads\/2020\/02\/PeterH_LUX_0871@lisalux1_square-80x80.jpg 80w, https:\/\/www.maptoolkit.com\/wp-content\/uploads\/2020\/02\/PeterH_LUX_0871@lisalux1_square.jpg 387w\" sizes=\"auto, (max-width: 300px) 100vw, 300px\" \/><\/figure>\r\n\n<\/div>\n\n<div class=\"gb-container gb-container-97a801dd\">\n\n<p class=\"has-text-color has-link-color wp-elements-9baf76a7ae05be2909cab9f7aec274d6\" style=\"color:#595959\">Mein Name ist Peter H\u00f6flehner und ich werde Ihr<br\/>Projekt- und Key Account-Manager sein.<\/p>\n\n\n\n<a class=\"gb-button gb-button-d3a3b162 gb-button-text gbp-button--primary\" href=\"tel:+436641308111\">Handy +43 664 1308111<\/a>\r\n\n\n\n<a class=\"gb-button gb-button-ca57bc22 gb-button-text gbp-button--primary\" href=\"mailto:peter@maptoolkit.com\">peter@maptoolkit.com<\/a>\r\n\n<\/div>\n<\/div>\n<\/div>\n<\/div>","protected":false},"excerpt":{"rendered":"<p>Startups &amp; Entwickler Maptoolkit bietet mehrere Standardkartenstile und ist f\u00fcr Outdoor-Aktivit\u00e4ten konzipiert. Eine individuelle Anpassung entsprechend Ihren Anforderungen ist m\u00f6glich. &#8230; <\/p>\n<p class=\"read-more-container\"><a title=\"Startups &#038; Entwickler\" class=\"read-more button\" href=\"https:\/\/www.maptoolkit.com\/de\/solutions\/startups\/#more-2496\" aria-label=\"Mehr Informationen \u00fcber Startups &#038; Entwickler\">Weiterlesen &#8230;<\/a><\/p>\n","protected":false},"author":4,"featured_media":0,"parent":2490,"menu_order":3,"comment_status":"closed","ping_status":"closed","template":"","meta":{"footnotes":""},"class_list":["post-2496","page","type-page","status-publish"],"_links":{"self":[{"href":"https:\/\/www.maptoolkit.com\/de\/wp-json\/wp\/v2\/pages\/2496","targetHints":{"allow":["GET"]}}],"collection":[{"href":"https:\/\/www.maptoolkit.com\/de\/wp-json\/wp\/v2\/pages"}],"about":[{"href":"https:\/\/www.maptoolkit.com\/de\/wp-json\/wp\/v2\/types\/page"}],"author":[{"embeddable":true,"href":"https:\/\/www.maptoolkit.com\/de\/wp-json\/wp\/v2\/users\/4"}],"replies":[{"embeddable":true,"href":"https:\/\/www.maptoolkit.com\/de\/wp-json\/wp\/v2\/comments?post=2496"}],"version-history":[{"count":4,"href":"https:\/\/www.maptoolkit.com\/de\/wp-json\/wp\/v2\/pages\/2496\/revisions"}],"predecessor-version":[{"id":6161,"href":"https:\/\/www.maptoolkit.com\/de\/wp-json\/wp\/v2\/pages\/2496\/revisions\/6161"}],"up":[{"embeddable":true,"href":"https:\/\/www.maptoolkit.com\/de\/wp-json\/wp\/v2\/pages\/2490"}],"wp:attachment":[{"href":"https:\/\/www.maptoolkit.com\/de\/wp-json\/wp\/v2\/media?parent=2496"}],"curies":[{"name":"wp","href":"https:\/\/api.w.org\/{rel}","templated":true}]}}