{"id":2612,"date":"2024-05-27T14:35:54","date_gmt":"2024-05-27T14:35:54","guid":{"rendered":"https:\/\/www.maptoolkit.com\/solutions\/immobilien\/"},"modified":"2025-12-03T16:34:42","modified_gmt":"2025-12-03T16:34:42","slug":"immobilien","status":"publish","type":"page","link":"https:\/\/www.maptoolkit.com\/de\/solutions\/immobilien\/","title":{"rendered":"L\u00f6sungen f\u00fcr Immobilien"},"content":{"rendered":"<div class=\"gb-container gb-container-ac8ae068 gbp-section\">\n\n<h1 class=\"gb-headline gb-headline-88714c18 gb-headline-text\">L\u00f6sungen f\u00fcr die Immobilienbranche<\/h1>\n\n\n\n<p class=\"gb-headline gb-headline-14078106 gb-headline-text\">Immobilienportale und Makler profitieren von unserer langj\u00e4hrigen Mapping-Erfahrung und der M\u00f6glichkeit, den Standort einer Immobilie mit zus\u00e4tzlichen Daten anzureichern und anzuzeigen.<\/p>\n\n\n\n<h2 class=\"gb-headline gb-headline-225bb6be gb-headline-text\">Typische Anwendungen<\/h2>\n\n\n\n<p class=\"gb-text\">Die folgenden Anwendungen k\u00f6nnen mit unserer Technologie in der Immobilienwirtschaft umgesetzt werden. Durch die Flexibilit\u00e4t unserer Technologie und die freie Kombination unserer APIs k\u00f6nnen individuelle Anforderungen und Bed\u00fcrfnisse abgedeckt werden.<\/p>\r\n\n\n\n<hr class=\"wp-block-separator has-text-color has-base-2-color has-alpha-channel-opacity has-base-2-background-color has-background\"\/>\n\n\n<div class=\"gb-container gb-container-9a1375de\">\n<div class=\"gb-container gb-container-9c4d876c\">\n\n<figure class=\"gb-block-image gb-block-image-1d2baa8e\"><img loading=\"lazy\" decoding=\"async\" width=\"3220\" height=\"1708\" class=\"gb-image gb-image-1d2baa8e\" title=\"isochrone\" src=\"https:\/\/www.maptoolkit.com\/wp-content\/uploads\/2021\/03\/isochrone.png\" alt=\"Isochrone\" srcset=\"https:\/\/www.maptoolkit.com\/wp-content\/uploads\/2021\/03\/isochrone.png 3220w, https:\/\/www.maptoolkit.com\/wp-content\/uploads\/2021\/03\/isochrone-300x159.png 300w, https:\/\/www.maptoolkit.com\/wp-content\/uploads\/2021\/03\/isochrone-1024x543.png 1024w, https:\/\/www.maptoolkit.com\/wp-content\/uploads\/2021\/03\/isochrone-768x407.png 768w, https:\/\/www.maptoolkit.com\/wp-content\/uploads\/2021\/03\/isochrone-1536x815.png 1536w, https:\/\/www.maptoolkit.com\/wp-content\/uploads\/2021\/03\/isochrone-2048x1086.png 2048w, https:\/\/www.maptoolkit.com\/wp-content\/uploads\/2021\/03\/isochrone-260x138.png 260w, https:\/\/www.maptoolkit.com\/wp-content\/uploads\/2021\/03\/isochrone-50x27.png 50w, https:\/\/www.maptoolkit.com\/wp-content\/uploads\/2021\/03\/isochrone-141x75.png 141w\" sizes=\"auto, (max-width: 3220px) 100vw, 3220px\" \/><\/figure>\n\n<\/div>\n\n<div class=\"gb-container gb-container-823fb9eb\">\n\n<h3 class=\"gb-headline gb-headline-31a5c72d\"><span class=\"gb-icon\"><svg xml:space=\"preserve\" style=\"enable-background:new 0 0 106.41 122.88\" viewBox=\"0 0 106.41 122.88\" y=\"0px\" x=\"0px\" id=\"Layer_1\" version=\"1.1\" xmlns:xlink=\"http:\/\/www.w3.org\/1999\/xlink\" xmlns=\"http:\/\/www.w3.org\/2000\/svg\">\r\n  <g>\r\n    <path d=\"M8.31,108.22c4.77-0.44,18.07-1.58,22.24-8.01c0.42-0.65,3.9-6.42,3.9-6.45l14.36,5.47c0.31,1.57-8.11,13.33-9.64,14.6 c-1.95,1.62-3.82,2.51-5.8,3.26c-6.65,2.5-12.37,4.52-19.91,5.79L8.31,108.22L8.31,108.22z M38.01,49.45l-6.14,22.24 c-1.46,7.19,0.12,13.28,6.89,17.48c3.53,2.19,4.52,2.08,8.56,3.25l18.65,4.28c1.11,0.25,23.27,18.19,25.35,19.98l9.57-8.62 c1.39-1.25-22.08-21.96-26.17-23.99c-19.42-9.63-20.24,1.38-12.93-26.41c3.71,3.62,6.52,7.66,13.56,10.42 c8.57,2.19,13.35-0.83,20.48-3.14l10.59-3.81l-4.57-12.91l-10.59,3.81c-0.3,0.1-1.06,0.38-2.39,0.84c-3.3,0.8-6.22,2.9-8.31,1.89 c-6.93-3.35-11.04-17.49-30.39-19.03c-2.91-0.23-8.32-0.96-12.54-1.08C21.94,33.74,16.59,39.62,8,48.44 c-3.95,3.82-4.01,3.78-8,7.57l10.15,10.1c4.02-3.82,4.11-3.8,8.09-7.66c3.61-3.45,6.08-7.01,9.79-8.53 c2.41-0.99,5.52-0.58,9.22-0.51C37.51,49.43,37.76,49.44,38.01,49.45L38.01,49.45L38.01,49.45z M56.12,0.73 c7.8-2.53,16.18,1.74,18.72,9.55c2.53,7.8-1.74,16.18-9.55,18.72c-7.8,2.53-16.18-1.74-18.72-9.55 C44.04,11.64,48.32,3.26,56.12,0.73L56.12,0.73z\"><\/path>\r\n  <\/g>\r\n<\/svg>\r\n<\/span><span class=\"gb-headline-text\">Lageplan<\/span><\/h3>\r\n\n\n\n<p class=\"gb-headline gb-headline-ea80ecdf gb-headline-text\">Die Lage ist eines der wichtigsten Kriterien f\u00fcr eine Immobilie und mit Maptoolkit k\u00f6nnen Sie die Lage eines Objekts entweder genau oder auch ungef\u00e4hr darstellen. In Verbindung mit der <a href=\"\/de\/api\/isochrone-api\">Isochrone API<\/a> kann zus\u00e4tzlich die Frage \u201eWas ist in x Minuten von der Wohnung aus erreichbar?\u201c beantwortet werden.<\/p>\n\n<\/div>\n<\/div>\n\n<div class=\"gb-container gb-container-beea2b94\">\n<div class=\"gb-container gb-container-d3539a48\">\n\n<h3 class=\"gb-headline gb-headline-a6f57e3a\"><span class=\"gb-icon\"><svg viewBox=\"0 0 24 24\" xmlns=\"http:\/\/www.w3.org\/2000\/svg\">\r\n  <title>pin-location-1<\/title>\r\n  <path d=\"M16.726,18.285a1,1,0,0,0-.168,1.993,29.747,29.747,0,0,1,3.776.523.25.25,0,0,1,0,.488A40,40,0,0,1,12,22a40.006,40.006,0,0,1-8.333-.711.25.25,0,0,1,0-.488,29.551,29.551,0,0,1,3.736-.52,1,1,0,0,0-.17-1.992C0,18.9,0,20.4,0,21.044,0,23.712,8.317,24,12,24s12-.288,12-2.956C24,20.4,24,18.9,16.726,18.285Z\"><\/path>\r\n  <path d=\"M12,21.6a1,1,0,0,0,.842-.461c1.958-3.063,6.512-10.536,6.512-13.786a7.355,7.355,0,1,0-14.71,0c0,3.25,4.554,10.724,6.513,13.786A.993.993,0,0,0,12,21.6ZM8.5,7A3.5,3.5,0,1,1,12,10.5,3.5,3.5,0,0,1,8.5,7Z\"><\/path>\r\n<\/svg>\r\n<\/span><span class=\"gb-headline-text\">\u00dcbersichtskarte<\/span><\/h3>\r\n\n\n\n<p class=\"gb-headline gb-headline-b2219e76 gb-headline-text\">Zeigen Sie eine \u00dcbersicht der verf\u00fcgbaren Immobilien auf einer interaktiven Karte, mit Filtern und anderer Infrastruktur wie Superm\u00e4rkten, Kindertagesst\u00e4tten, Schulen usw.<\/p>\n\n<\/div>\n\n<div class=\"gb-container gb-container-33088253\">\n\n<figure class=\"gb-block-image gb-block-image-9d693f31\"><img loading=\"lazy\" decoding=\"async\" width=\"3360\" height=\"1894\" class=\"gb-image gb-image-9d693f31\" title=\"overview map\" src=\"https:\/\/www.maptoolkit.com\/wp-content\/uploads\/2021\/03\/uebersichtskarte.png\" alt=\"\u00dcbersichtskarte\" srcset=\"https:\/\/www.maptoolkit.com\/wp-content\/uploads\/2021\/03\/uebersichtskarte.png 3360w, https:\/\/www.maptoolkit.com\/wp-content\/uploads\/2021\/03\/uebersichtskarte-300x169.png 300w, https:\/\/www.maptoolkit.com\/wp-content\/uploads\/2021\/03\/uebersichtskarte-1024x577.png 1024w, https:\/\/www.maptoolkit.com\/wp-content\/uploads\/2021\/03\/uebersichtskarte-768x433.png 768w, https:\/\/www.maptoolkit.com\/wp-content\/uploads\/2021\/03\/uebersichtskarte-1536x866.png 1536w, https:\/\/www.maptoolkit.com\/wp-content\/uploads\/2021\/03\/uebersichtskarte-2048x1154.png 2048w, https:\/\/www.maptoolkit.com\/wp-content\/uploads\/2021\/03\/uebersichtskarte-260x146.png 260w, https:\/\/www.maptoolkit.com\/wp-content\/uploads\/2021\/03\/uebersichtskarte-50x28.png 50w, https:\/\/www.maptoolkit.com\/wp-content\/uploads\/2021\/03\/uebersichtskarte-133x75.png 133w, https:\/\/www.maptoolkit.com\/wp-content\/uploads\/2021\/03\/uebersichtskarte-1200x675.png 1200w\" sizes=\"auto, (max-width: 3360px) 100vw, 3360px\" \/><\/figure>\n\n<\/div>\n<\/div>\n\n<div class=\"gb-container gb-container-d9f5a640\">\n<div class=\"gb-container gb-container-e80cfc9e\">\n\n<figure class=\"gb-block-image gb-block-image-61d9bdc9\"><img loading=\"lazy\" decoding=\"async\" width=\"600\" height=\"300\" class=\"gb-image gb-image-61d9bdc9\" title=\"staticmap-immo\" src=\"https:\/\/www.maptoolkit.com\/wp-content\/uploads\/2021\/03\/staticmap-immo.png\" alt=\"Statische Karte CityMaps2Go\" srcset=\"https:\/\/www.maptoolkit.com\/wp-content\/uploads\/2021\/03\/staticmap-immo.png 600w, https:\/\/www.maptoolkit.com\/wp-content\/uploads\/2021\/03\/staticmap-immo-300x150.png 300w, https:\/\/www.maptoolkit.com\/wp-content\/uploads\/2021\/03\/staticmap-immo-260x130.png 260w, https:\/\/www.maptoolkit.com\/wp-content\/uploads\/2021\/03\/staticmap-immo-50x25.png 50w, https:\/\/www.maptoolkit.com\/wp-content\/uploads\/2021\/03\/staticmap-immo-150x75.png 150w\" sizes=\"auto, (max-width: 600px) 100vw, 600px\" \/><\/figure>\n\n<\/div>\n\n<div class=\"gb-container gb-container-a87aaaf9\">\n\n<h3 class=\"gb-headline gb-headline-0d9da0da\"><span class=\"gb-icon\"><svg xml:space=\"preserve\" style=\"enable-background:new 0 0 122.88 101.91\" viewBox=\"0 0 122.88 101.91\" y=\"0px\" x=\"0px\" id=\"Layer_1\" version=\"1.1\" xmlns:xlink=\"http:\/\/www.w3.org\/1999\/xlink\" xmlns=\"http:\/\/www.w3.org\/2000\/svg\">\r\n  <style type=\"text\/css\">.st0{fill-rule:evenodd;clip-rule:evenodd;}<\/style>\r\n  <g>\r\n    <path d=\"M3.34,0h116.2c1.84,0,3.34,1.5,3.34,3.34v76.98c0,1.84-1.5,3.34-3.34,3.34H3.34C1.5,83.66,0,82.16,0,80.32 V3.34C0,1.5,1.5,0,3.34,0L3.34,0L3.34,0z M46.29,88.27h30.3c0.08,5.24,2.24,9.94,8.09,13.63H38.2 C42.88,98.51,46.31,94.39,46.29,88.27L46.29,88.27L46.29,88.27z M61.44,72.41c2.37,0,4.29,1.92,4.29,4.29 c0,2.37-1.92,4.29-4.29,4.29c-2.37,0-4.29-1.92-4.29-4.29C57.15,74.33,59.07,72.41,61.44,72.41L61.44,72.41z M10.05,6.29h102.79 c1.63,0,2.95,1.33,2.95,2.95v57.52c0,1.62-1.33,2.95-2.95,2.95H10.05c-1.62,0-2.95-1.33-2.95-2.95V9.24 C7.09,7.62,8.42,6.29,10.05,6.29L10.05,6.29L10.05,6.29z\" class=\"st0\"><\/path>\r\n  <\/g>\r\n<\/svg>\r\n<\/span><span class=\"gb-headline-text\">Statische Karte<\/span><\/h3>\r\n\n\n\n<p class=\"gb-headline gb-headline-e1491c28 gb-headline-text\">Der Standort einer Immobilie kann auch als <a href=\"\/de\/api\/static-maps-api\">statische Karte<\/a> ausgegeben werden, um schnelle Ladezeiten zu erreichen oder um den Standort in den Bildern der Immobilie anzeigen zu k\u00f6nnen.<\/p>\r\n\n<\/div>\n<\/div>\n\n<div class=\"gb-container gb-container-93b6088d\">\n<div class=\"gb-container gb-container-6eeafdf7\">\n\n<h3 class=\"gb-headline gb-headline-8f7b4d50\"><span class=\"gb-icon\"><svg viewBox=\"0 0 24 24\" xmlns=\"http:\/\/www.w3.org\/2000\/svg\">\r\n  <title>maps<\/title>\r\n  <path d=\"M24,7.015a1.5,1.5,0,0,0-.656-1.241l-7-4.761a1.493,1.493,0,0,0-1.677-.007l-.019.013L8.816,5.309a.5.5,0,0,1-.592,0L2.387,1.039A1.5,1.5,0,0,0,0,2.25V16.985a1.5,1.5,0,0,0,.656,1.241l7,4.761a1.5,1.5,0,0,0,1.676.007l.019-.014,5.832-4.289a.5.5,0,0,1,.592,0l5.837,4.27A1.5,1.5,0,0,0,24,21.75ZM9.5,7.53a.5.5,0,0,1,.2-.4l4.4-3.291a.25.25,0,0,1,.4.2V16.47a.5.5,0,0,1-.2.4L9.9,20.162a.25.25,0,0,1-.4-.2ZM2,3.727a.25.25,0,0,1,.4-.2L7.3,7.107a.5.5,0,0,1,.205.4V19.989a.249.249,0,0,1-.133.221.252.252,0,0,1-.258-.014l-4.89-3.327A.5.5,0,0,1,2,16.456ZM22,20.272a.25.25,0,0,1-.4.2l-4.9-3.582a.5.5,0,0,1-.2-.4V4.011a.249.249,0,0,1,.133-.221.252.252,0,0,1,.258.014l4.89,3.326A.5.5,0,0,1,22,7.544Z\"><\/path>\r\n<\/svg>\r\n<\/span><span class=\"gb-headline-text\">Druckf\u00e4hige Karten<\/span><\/h3>\r\n\n\n\n<p class=\"gb-headline gb-headline-64978c30 gb-headline-text\">Nutzen Sie unseren <a href=\"https:\/\/www.printmaps.net\/de\">Printmaps.net<\/a>-Service f\u00fcr Ihre gedruckten Expos\u00e9s und profitieren Sie von hochwertigen druckf\u00e4higen Karten.<\/p>\n\n<\/div>\n\n<div class=\"gb-container gb-container-98d48eb2\">\n\n<figure class=\"gb-block-image gb-block-image-8f29a84c\"><img loading=\"lazy\" decoding=\"async\" width=\"3885\" height=\"2223\" class=\"gb-image gb-image-8f29a84c\" title=\"immo-expose\" src=\"https:\/\/www.maptoolkit.com\/wp-content\/uploads\/2021\/03\/immo-expose.png\" alt=\"Immobilien Expos\u00e9\" srcset=\"https:\/\/www.maptoolkit.com\/wp-content\/uploads\/2021\/03\/immo-expose.png 3885w, https:\/\/www.maptoolkit.com\/wp-content\/uploads\/2021\/03\/immo-expose-300x172.png 300w, https:\/\/www.maptoolkit.com\/wp-content\/uploads\/2021\/03\/immo-expose-1024x586.png 1024w, https:\/\/www.maptoolkit.com\/wp-content\/uploads\/2021\/03\/immo-expose-768x439.png 768w, https:\/\/www.maptoolkit.com\/wp-content\/uploads\/2021\/03\/immo-expose-1536x879.png 1536w, https:\/\/www.maptoolkit.com\/wp-content\/uploads\/2021\/03\/immo-expose-2048x1172.png 2048w, https:\/\/www.maptoolkit.com\/wp-content\/uploads\/2021\/03\/immo-expose-255x146.png 255w, https:\/\/www.maptoolkit.com\/wp-content\/uploads\/2021\/03\/immo-expose-50x29.png 50w, https:\/\/www.maptoolkit.com\/wp-content\/uploads\/2021\/03\/immo-expose-131x75.png 131w\" sizes=\"auto, (max-width: 3885px) 100vw, 3885px\" \/><\/figure>\n\n<\/div>\n<\/div>\n\n<div class=\"gb-container gb-container-49f54d7d\">\n<div class=\"gb-container gb-container-8bb7dc30\">\n\n<figure class=\"gb-block-image gb-block-image-cd911b77\"><img loading=\"lazy\" decoding=\"async\" width=\"3360\" height=\"1894\" class=\"gb-image gb-image-cd911b77\" title=\"routing-city\" src=\"https:\/\/www.maptoolkit.com\/wp-content\/uploads\/2021\/03\/routing-city.png\" alt=\"Routing Stadt\" srcset=\"https:\/\/www.maptoolkit.com\/wp-content\/uploads\/2021\/03\/routing-city.png 3360w, https:\/\/www.maptoolkit.com\/wp-content\/uploads\/2021\/03\/routing-city-300x169.png 300w, https:\/\/www.maptoolkit.com\/wp-content\/uploads\/2021\/03\/routing-city-1024x577.png 1024w, https:\/\/www.maptoolkit.com\/wp-content\/uploads\/2021\/03\/routing-city-768x433.png 768w, https:\/\/www.maptoolkit.com\/wp-content\/uploads\/2021\/03\/routing-city-1536x866.png 1536w, https:\/\/www.maptoolkit.com\/wp-content\/uploads\/2021\/03\/routing-city-2048x1154.png 2048w, https:\/\/www.maptoolkit.com\/wp-content\/uploads\/2021\/03\/routing-city-260x146.png 260w, https:\/\/www.maptoolkit.com\/wp-content\/uploads\/2021\/03\/routing-city-50x28.png 50w, https:\/\/www.maptoolkit.com\/wp-content\/uploads\/2021\/03\/routing-city-133x75.png 133w, https:\/\/www.maptoolkit.com\/wp-content\/uploads\/2021\/03\/routing-city-1200x675.png 1200w\" sizes=\"auto, (max-width: 3360px) 100vw, 3360px\" \/><\/figure>\n\n<\/div>\n\n<div class=\"gb-container gb-container-874f5688\">\n\n<h3 class=\"gb-headline gb-headline-62ba585c\"><span class=\"gb-icon\"><svg viewBox=\"0 0 24 24\" xmlns=\"http:\/\/www.w3.org\/2000\/svg\">\r\n  <title>compass-arrow<\/title>\r\n  <path d=\"M23.633.368A1.242,1.242,0,0,0,22.159.15L.66,11.649A1.25,1.25,0,0,0,1.25,14H10v8.75a1.249,1.249,0,0,0,.946,1.212,1.28,1.28,0,0,0,.3.038,1.248,1.248,0,0,0,1.1-.661l11.5-21.5A1.243,1.243,0,0,0,23.633.368Z\"><\/path>\r\n<\/svg>\r\n<\/span><span class=\"gb-headline-text\">Routenplaner<\/span><\/h3>\r\n\n\n\n<p class=\"gb-headline gb-headline-7e5958af gb-headline-text\">Lassen Sie potenzielle Kunden gleich die <a href=\"\/de\/api\/routing-api\">Route<\/a> zur Arbeit oder zur Schule berechnen und verbessern Sie so den Service Ihrer Plattform.<\/p>\n\n<\/div>\n<\/div>\n\n<div class=\"gb-container gb-container-2ea95bc4\">\n<div class=\"gb-container gb-container-817728b1\">\n\n<h3 class=\"gb-headline gb-headline-60c8fa68\"><span class=\"gb-icon\"><svg viewBox=\"0 0 24 24\" xmlns=\"http:\/\/www.w3.org\/2000\/svg\">\r\n  <title>mobile-phone-2<\/title>\r\n  <path d=\"M17,.034H7a3,3,0,0,0-3,3V20.966a3,3,0,0,0,3,3H17a3,3,0,0,0,3-3V3.034A3,3,0,0,0,17,.034ZM12,22.466a1,1,0,1,1,1-1A1,1,0,0,1,12,22.466Zm6-4.5a1,1,0,0,1-1,1H7a1,1,0,0,1-1-1V3.534a1,1,0,0,1,1-1H17a1,1,0,0,1,1,1Z\"><\/path>\r\n<\/svg>\r\n<\/span><span class=\"gb-headline-text\">Mobile<\/span><\/h3>\r\n\n\n\n<p class=\"gb-headline gb-headline-30d3a463 gb-headline-text\">Nat\u00fcrlich funktionieren unsere Karten auch auf einer <a href=\"\/de\/solutions\/mobile\">mobilen Website oder App<\/a>.<\/p>\n\n<\/div>\n\n<div class=\"gb-container gb-container-41741ee0\">\n\n<figure class=\"gb-block-image gb-block-image-af78480e\"><img loading=\"lazy\" decoding=\"async\" width=\"1440\" height=\"798\" class=\"gb-image gb-image-af78480e\" title=\"mobile\" src=\"https:\/\/www.maptoolkit.com\/wp-content\/uploads\/2020\/07\/mobile.png\" alt=\"Mobile\" srcset=\"https:\/\/www.maptoolkit.com\/wp-content\/uploads\/2020\/07\/mobile.png 1440w, https:\/\/www.maptoolkit.com\/wp-content\/uploads\/2020\/07\/mobile-300x166.png 300w, https:\/\/www.maptoolkit.com\/wp-content\/uploads\/2020\/07\/mobile-1024x567.png 1024w, https:\/\/www.maptoolkit.com\/wp-content\/uploads\/2020\/07\/mobile-768x426.png 768w, https:\/\/www.maptoolkit.com\/wp-content\/uploads\/2020\/07\/mobile-260x144.png 260w, https:\/\/www.maptoolkit.com\/wp-content\/uploads\/2020\/07\/mobile-50x28.png 50w, https:\/\/www.maptoolkit.com\/wp-content\/uploads\/2020\/07\/mobile-135x75.png 135w\" sizes=\"auto, (max-width: 1440px) 100vw, 1440px\" \/><\/figure>\n\n<\/div>\n<\/div>\n\n\n<h2 class=\"gb-headline gb-headline-d8ae90c9 gb-headline-text\">Kartografie<\/h2>\n\n\n\n<p class=\"gb-headline gb-headline-cb087062 gb-headline-text\">Die folgenden Standard-Kartenstile sind in Maptoolkit verf\u00fcgbar und f\u00fcr den Einsatz in der Immobilienbranche optimiert. Weitere Kartenstile k\u00f6nnen nach Bedarf erstellt werden, um spezielle Darstellungsanforderungen oder Designvorgaben zu erf\u00fcllen.<\/p>\n\n\n\n<hr class=\"wp-block-separator has-text-color has-base-2-color has-alpha-channel-opacity has-base-2-background-color has-background\"\/>\n\n\n<div class=\"gb-grid-wrapper gb-grid-wrapper-8da73284\">\n<div class=\"gb-grid-column gb-grid-column-22eb7915\"><div class=\"gb-container gb-container-22eb7915\">\n\n<figure class=\"gb-block-image gb-block-image-b494d052\"><img loading=\"lazy\" decoding=\"async\" width=\"600\" height=\"600\" class=\"gb-image gb-image-b494d052\" title=\"map-terrain\" src=\"https:\/\/www.maptoolkit.com\/wp-content\/uploads\/2021\/03\/map-terrain.png\" alt=\"Kartenstil Gel\u00e4nde\" srcset=\"https:\/\/www.maptoolkit.com\/wp-content\/uploads\/2021\/03\/map-terrain.png 600w, https:\/\/www.maptoolkit.com\/wp-content\/uploads\/2021\/03\/map-terrain-300x300.png 300w, https:\/\/www.maptoolkit.com\/wp-content\/uploads\/2021\/03\/map-terrain-150x150.png 150w, https:\/\/www.maptoolkit.com\/wp-content\/uploads\/2021\/03\/map-terrain-146x146.png 146w, https:\/\/www.maptoolkit.com\/wp-content\/uploads\/2021\/03\/map-terrain-50x50.png 50w, https:\/\/www.maptoolkit.com\/wp-content\/uploads\/2021\/03\/map-terrain-75x75.png 75w, https:\/\/www.maptoolkit.com\/wp-content\/uploads\/2021\/03\/map-terrain-85x85.png 85w, https:\/\/www.maptoolkit.com\/wp-content\/uploads\/2021\/03\/map-terrain-80x80.png 80w\" sizes=\"auto, (max-width: 600px) 100vw, 600px\" \/><\/figure>\n\n\n\n<span class=\"gb-button gb-button-6444fb9b gb-button-text\">Terrain<\/span>\n\n<\/div><\/div>\n\n<div class=\"gb-grid-column gb-grid-column-3cbe0d3e\"><div class=\"gb-container gb-container-3cbe0d3e\">\n\n<figure class=\"gb-block-image gb-block-image-95939b6b\"><img loading=\"lazy\" decoding=\"async\" width=\"600\" height=\"600\" class=\"gb-image gb-image-95939b6b\" title=\"map-light\" src=\"https:\/\/www.maptoolkit.com\/wp-content\/uploads\/2021\/03\/map-light.png\" alt=\"Kartenstil Light\" srcset=\"https:\/\/www.maptoolkit.com\/wp-content\/uploads\/2021\/03\/map-light.png 600w, https:\/\/www.maptoolkit.com\/wp-content\/uploads\/2021\/03\/map-light-300x300.png 300w, https:\/\/www.maptoolkit.com\/wp-content\/uploads\/2021\/03\/map-light-150x150.png 150w, https:\/\/www.maptoolkit.com\/wp-content\/uploads\/2021\/03\/map-light-146x146.png 146w, https:\/\/www.maptoolkit.com\/wp-content\/uploads\/2021\/03\/map-light-50x50.png 50w, https:\/\/www.maptoolkit.com\/wp-content\/uploads\/2021\/03\/map-light-75x75.png 75w, https:\/\/www.maptoolkit.com\/wp-content\/uploads\/2021\/03\/map-light-85x85.png 85w, https:\/\/www.maptoolkit.com\/wp-content\/uploads\/2021\/03\/map-light-80x80.png 80w\" sizes=\"auto, (max-width: 600px) 100vw, 600px\" \/><\/figure>\n\n\n\n<span class=\"gb-button gb-button-c4ee8a34 gb-button-text\">Light<\/span>\n\n<\/div><\/div>\n\n<div class=\"gb-grid-column gb-grid-column-d0bda171\"><div class=\"gb-container gb-container-d0bda171\">\n\n<figure class=\"gb-block-image gb-block-image-ea162de7\"><img loading=\"lazy\" decoding=\"async\" width=\"600\" height=\"600\" class=\"gb-image gb-image-ea162de7\" title=\"map-citymaps2go\" src=\"https:\/\/www.maptoolkit.com\/wp-content\/uploads\/2021\/03\/map-citymaps2go.png\" alt=\"Kartenstil CityMaps2Go\" srcset=\"https:\/\/www.maptoolkit.com\/wp-content\/uploads\/2021\/03\/map-citymaps2go.png 600w, https:\/\/www.maptoolkit.com\/wp-content\/uploads\/2021\/03\/map-citymaps2go-300x300.png 300w, https:\/\/www.maptoolkit.com\/wp-content\/uploads\/2021\/03\/map-citymaps2go-150x150.png 150w, https:\/\/www.maptoolkit.com\/wp-content\/uploads\/2021\/03\/map-citymaps2go-146x146.png 146w, https:\/\/www.maptoolkit.com\/wp-content\/uploads\/2021\/03\/map-citymaps2go-50x50.png 50w, https:\/\/www.maptoolkit.com\/wp-content\/uploads\/2021\/03\/map-citymaps2go-75x75.png 75w, https:\/\/www.maptoolkit.com\/wp-content\/uploads\/2021\/03\/map-citymaps2go-85x85.png 85w, https:\/\/www.maptoolkit.com\/wp-content\/uploads\/2021\/03\/map-citymaps2go-80x80.png 80w\" sizes=\"auto, (max-width: 600px) 100vw, 600px\" \/><\/figure>\n\n\n\n<span class=\"gb-button gb-button-a16e1a98 gb-button-text\">City<\/span>\n\n<\/div><\/div>\n<\/div>\n<\/div><div class=\"gb-container gb-container-c5481196\">\n<div class=\"gb-container gb-container-e5363932\">\n\n<h2 class=\"gb-headline gb-headline-343212cc gb-headline-text\"><strong>Kunden<\/strong><\/h2>\r\n\n\n\n<hr class=\"wp-block-separator has-text-color has-alpha-channel-opacity has-background\" style=\"background-color:#c3c3c3;color:#c3c3c3\"\/>\n\n<\/div>\n\n<div class=\"gb-container gb-container-4190d1f4\">\n<div class=\"gb-grid-wrapper gb-grid-wrapper-f1d5e4a7\">\n<div class=\"gb-grid-column gb-grid-column-411d767b\"><div class=\"gb-container gb-container-411d767b\"><a class=\"gb-container-link\" href=\"https:\/\/www.iib-institut.de\/\"><\/a>\n\n<figure class=\"gb-block-image gb-block-image-88d1d3f6\"><img loading=\"lazy\" decoding=\"async\" width=\"150\" height=\"75\" class=\"gb-image gb-image-88d1d3f6\" src=\"https:\/\/www.maptoolkit.com\/wp-content\/uploads\/2024\/07\/iib.png\" alt=\"IIB Institut\" title=\"IIB Institut\"\/><\/figure>\r\n\n<\/div><\/div>\n\n<div class=\"gb-grid-column gb-grid-column-e3070e07\"><div class=\"gb-container gb-container-e3070e07\"><a class=\"gb-container-link\" href=\"https:\/\/compass.at\/\"><\/a>\n\n<figure class=\"gb-block-image gb-block-image-038bd253\"><img loading=\"lazy\" decoding=\"async\" width=\"1440\" height=\"387\" class=\"gb-image gb-image-038bd253\" src=\"https:\/\/www.maptoolkit.com\/wp-content\/uploads\/2020\/03\/Logo_Compass_Gruppe_RGB_mitTagline.png\" alt=\"\" title=\"Logo_Compass_Gruppe_RGB_mitTagline\" srcset=\"https:\/\/www.maptoolkit.com\/wp-content\/uploads\/2020\/03\/Logo_Compass_Gruppe_RGB_mitTagline.png 1440w, https:\/\/www.maptoolkit.com\/wp-content\/uploads\/2020\/03\/Logo_Compass_Gruppe_RGB_mitTagline-300x81.png 300w, https:\/\/www.maptoolkit.com\/wp-content\/uploads\/2020\/03\/Logo_Compass_Gruppe_RGB_mitTagline-1024x275.png 1024w, https:\/\/www.maptoolkit.com\/wp-content\/uploads\/2020\/03\/Logo_Compass_Gruppe_RGB_mitTagline-768x206.png 768w, https:\/\/www.maptoolkit.com\/wp-content\/uploads\/2020\/03\/Logo_Compass_Gruppe_RGB_mitTagline-260x70.png 260w, https:\/\/www.maptoolkit.com\/wp-content\/uploads\/2020\/03\/Logo_Compass_Gruppe_RGB_mitTagline-50x13.png 50w, https:\/\/www.maptoolkit.com\/wp-content\/uploads\/2020\/03\/Logo_Compass_Gruppe_RGB_mitTagline-150x40.png 150w\" sizes=\"auto, (max-width: 1440px) 100vw, 1440px\" \/><\/figure>\r\n\n<\/div><\/div>\n<\/div>\n<\/div>\n<\/div><div class=\"gb-container gb-container-bc3f6145 alignfull\">\n<div class=\"gb-container gb-container-e0ab9dd7\">\n\n<h2 class=\"gb-headline gb-headline-c593864c gb-headline-text\"><strong>Wir beraten Sie pers\u00f6nlich<\/strong><\/h2>\r\n\n\n\n<hr class=\"wp-block-separator has-text-color has-alpha-channel-opacity has-background is-style-default\" style=\"background-color:#c3c3c3;color:#c3c3c3\"\/>\n\n\n<div class=\"gb-container gb-container-30f9a422\">\n<div class=\"gb-container gb-container-d1b3811f\">\n\n<figure class=\"gb-block-image gb-block-image-fcc53e52\"><img loading=\"lazy\" decoding=\"async\" width=\"300\" height=\"300\" class=\"gb-image gb-image-fcc53e52\" title=\"PeterH_LUX_0871@lisalux1_square\" src=\"https:\/\/www.maptoolkit.com\/wp-content\/uploads\/2020\/02\/PeterH_LUX_0871@lisalux1_square-300x300.jpg\" alt=\"\" srcset=\"https:\/\/www.maptoolkit.com\/wp-content\/uploads\/2020\/02\/PeterH_LUX_0871@lisalux1_square-300x300.jpg 300w, https:\/\/www.maptoolkit.com\/wp-content\/uploads\/2020\/02\/PeterH_LUX_0871@lisalux1_square-150x150.jpg 150w, https:\/\/www.maptoolkit.com\/wp-content\/uploads\/2020\/02\/PeterH_LUX_0871@lisalux1_square-146x146.jpg 146w, https:\/\/www.maptoolkit.com\/wp-content\/uploads\/2020\/02\/PeterH_LUX_0871@lisalux1_square-50x50.jpg 50w, https:\/\/www.maptoolkit.com\/wp-content\/uploads\/2020\/02\/PeterH_LUX_0871@lisalux1_square-75x75.jpg 75w, https:\/\/www.maptoolkit.com\/wp-content\/uploads\/2020\/02\/PeterH_LUX_0871@lisalux1_square-85x85.jpg 85w, https:\/\/www.maptoolkit.com\/wp-content\/uploads\/2020\/02\/PeterH_LUX_0871@lisalux1_square-80x80.jpg 80w, https:\/\/www.maptoolkit.com\/wp-content\/uploads\/2020\/02\/PeterH_LUX_0871@lisalux1_square.jpg 387w\" sizes=\"auto, (max-width: 300px) 100vw, 300px\" \/><\/figure>\n\n<\/div>\n\n<div class=\"gb-container gb-container-97a801dd\">\n\n<p class=\"has-text-color has-link-color wp-elements-3709b689d29f794d58947513d7422017\" style=\"color:#595959\">Mein Name ist Peter H\u00f6flehner und ich werde Ihr&#13;\n<br\/>Projekt- und Key Account-Manager sein.<\/p>\n\n\n\n<a class=\"gb-button gb-button-d3a3b162 gb-button-text gbp-button--primary\" href=\"tel:+436641308111\">Handy +43 664 1308111<\/a>\r\n\n\n\n<a class=\"gb-button gb-button-ca57bc22 gb-button-text gbp-button--primary\" href=\"mailto:peter@maptoolkit.com\">peter@maptoolkit.com<\/a>\r\n\n<\/div>\n<\/div>\n<\/div>\n<\/div>","protected":false},"excerpt":{"rendered":"<p>L\u00f6sungen f\u00fcr die Immobilienbranche Immobilienportale und Makler profitieren von unserer langj\u00e4hrigen Mapping-Erfahrung und der M\u00f6glichkeit, den Standort einer Immobilie mit &#8230; <\/p>\n<p class=\"read-more-container\"><a title=\"L\u00f6sungen f\u00fcr Immobilien\" class=\"read-more button\" href=\"https:\/\/www.maptoolkit.com\/de\/solutions\/immobilien\/#more-2612\" aria-label=\"Mehr Informationen \u00fcber L\u00f6sungen f\u00fcr Immobilien\">Weiterlesen &#8230;<\/a><\/p>\n","protected":false},"author":4,"featured_media":0,"parent":2490,"menu_order":0,"comment_status":"closed","ping_status":"closed","template":"","meta":{"footnotes":""},"class_list":["post-2612","page","type-page","status-publish"],"_links":{"self":[{"href":"https:\/\/www.maptoolkit.com\/de\/wp-json\/wp\/v2\/pages\/2612","targetHints":{"allow":["GET"]}}],"collection":[{"href":"https:\/\/www.maptoolkit.com\/de\/wp-json\/wp\/v2\/pages"}],"about":[{"href":"https:\/\/www.maptoolkit.com\/de\/wp-json\/wp\/v2\/types\/page"}],"author":[{"embeddable":true,"href":"https:\/\/www.maptoolkit.com\/de\/wp-json\/wp\/v2\/users\/4"}],"replies":[{"embeddable":true,"href":"https:\/\/www.maptoolkit.com\/de\/wp-json\/wp\/v2\/comments?post=2612"}],"version-history":[{"count":7,"href":"https:\/\/www.maptoolkit.com\/de\/wp-json\/wp\/v2\/pages\/2612\/revisions"}],"predecessor-version":[{"id":6168,"href":"https:\/\/www.maptoolkit.com\/de\/wp-json\/wp\/v2\/pages\/2612\/revisions\/6168"}],"up":[{"embeddable":true,"href":"https:\/\/www.maptoolkit.com\/de\/wp-json\/wp\/v2\/pages\/2490"}],"wp:attachment":[{"href":"https:\/\/www.maptoolkit.com\/de\/wp-json\/wp\/v2\/media?parent=2612"}],"curies":[{"name":"wp","href":"https:\/\/api.w.org\/{rel}","templated":true}]}}