{"id":2729,"date":"2024-08-30T09:30:42","date_gmt":"2024-08-30T09:30:42","guid":{"rendered":"https:\/\/www.maptoolkit.com\/api\/printmaps\/"},"modified":"2025-12-03T15:51:06","modified_gmt":"2025-12-03T15:51:06","slug":"printmaps-api","status":"publish","type":"page","link":"https:\/\/www.maptoolkit.com\/de\/api\/printmaps-api\/","title":{"rendered":"Printmaps API"},"content":{"rendered":"<div class=\"gb-container gb-container-d50d638f gbp-section\">\n\n<h1 class=\"gb-headline gb-headline-1b4b3e3f gb-headline-text\">Printmaps API<\/h1>\r\n\n\n\n<p class=\"gb-headline gb-headline-3eb69e9a gb-headline-text\">F\u00fcgen Sie Ihrer Anwendung hochaufl\u00f6sende, druckfertige Karten hinzu<\/p>\n\n\n\n<p class=\"gb-headline gb-headline-5a924492 gb-headline-text\">Die neue\u00a0<strong>Printmaps API<\/strong>\u00a0erm\u00f6glicht Ihnen, alle Funktionen der leistungsstarken\u00a0<a href=\"\/de\/api\/static-maps-api\/\">Static Maps API<\/a>\u00a0in\u00a0<strong>300 dpi-Druckaufl\u00f6sung<\/strong>\u00a0zu nutzen. Konfigurieren und verarbeiten Sie Karten in der Stapelverarbeitung, individuell auf den jeweiligen Empf\u00e4nger zugeschnitten.<\/p>\n\n\n<div class=\"gb-grid-wrapper gb-grid-wrapper-28146663\">\n<div class=\"gb-grid-column gb-grid-column-b2cf7d1b\"><div class=\"gb-container gb-container-b2cf7d1b\">\n\n<h3 class=\"gb-headline gb-headline-0c588e77 gb-headline-text\">Funktionen<\/h3>\n\n\n<div class=\"gb-container gb-container-90af3614\">\n\n<ul class=\"wp-block-list\">\n<li>PNG, JPEG oder WebP in\u00a0<strong>300 dpi<\/strong>\u00a0(@4x) oder 150 dpi (@2x)<\/li>\n\n\n\n<li>Eigene Kartenstile und eigene Geodaten m\u00f6glich<\/li>\n\n\n\n<li>Ideal f\u00fcr jedes automatisierte Druckprojekt: Mailings, Fotob\u00fccher, Reiseberichte<\/li>\n\n\n\n<li>Unterst\u00fctzt alle Funktionen der\u00a0<a href=\"\/de\/api\/static-maps-api\/\">Static Maps API<\/a><\/li>\n<\/ul>\n\n<\/div>\n<\/div><\/div>\n\n<div class=\"gb-grid-column gb-grid-column-a095b124\"><div class=\"gb-container gb-container-a095b124\">\n\n<h3 class=\"gb-headline gb-headline-8d7f8ffe gb-headline-text\">Beliebte Anwendungsf\u00e4lle<\/h3>\n\n\n<div class=\"gb-container gb-container-5c7c7598\">\n\n<ul class=\"wp-block-list\">\n<li>Mailings<\/li>\n\n\n\n<li>Fotob\u00fccher<\/li>\n\n\n\n<li>Reiseberichte<\/li>\n\n\n\n<li>Werbematerial<\/li>\n\n\n\n<li>\u2026und jedes andere automatisierte Druckprojekt!<\/li>\n<\/ul>\n\n<\/div>\n<\/div><\/div>\n\n<div class=\"gb-grid-column gb-grid-column-ffe2bfd8\"><div class=\"gb-container gb-container-ffe2bfd8\"><a class=\"gb-container-link\" href=\"https:\/\/www.printmaps.net\"><\/a>\n\n<figure class=\"gb-block-image gb-block-image-a58ab182\"><img loading=\"lazy\" decoding=\"async\" width=\"1174\" height=\"161\" class=\"gb-image gb-image-a58ab182\" title=\"printmaps-logo\" src=\"https:\/\/www.maptoolkit.com\/wp-content\/uploads\/2024\/08\/printmaps-logo.png\" alt=\"\" srcset=\"https:\/\/www.maptoolkit.com\/wp-content\/uploads\/2024\/08\/printmaps-logo.png 1174w, https:\/\/www.maptoolkit.com\/wp-content\/uploads\/2024\/08\/printmaps-logo-300x41.png 300w, https:\/\/www.maptoolkit.com\/wp-content\/uploads\/2024\/08\/printmaps-logo-1024x140.png 1024w, https:\/\/www.maptoolkit.com\/wp-content\/uploads\/2024\/08\/printmaps-logo-768x105.png 768w, https:\/\/www.maptoolkit.com\/wp-content\/uploads\/2024\/08\/printmaps-logo-150x21.png 150w, https:\/\/www.maptoolkit.com\/wp-content\/uploads\/2024\/08\/printmaps-logo-480x66.png 480w\" sizes=\"auto, (max-width: 1174px) 100vw, 1174px\" \/><\/figure>\n\n\n\n<span class=\"gb-button gb-button-dc58342d gb-button-text gbp-button--primary\">Testen Sie den Web-Editor<\/span>\n\n<\/div><\/div>\n<\/div>\n\n\n<p class=\"gb-headline gb-headline-e66ddf48 gb-headline-text\"><strong>Hinweis<\/strong>: F\u00fcr manuelle, nicht automatisierte druckf\u00e4hige Karten nutzen Sie bitte unseren beliebten Self-Service\u00a0<a href=\"https:\/\/www.printmaps.net\/\">Karteneditor auf Printmaps.net<\/a>. Und f\u00fcr die White-Label-Integration des Printmaps Editors in Ihre Anwendung\u00a0<a href=\"https:\/\/support.printmaps.net\/de\/support\/solutions\/articles\/204000000283-kann-ich-den-printmaps-net-editor-in-meine-anwendung-integrieren-\">finden Sie hier weitere Informationen<\/a>.<\/p>\n\n\n\n<h2 class=\"gb-text gb-text-c83ba74b\">Beispiele<\/h2>\n\n\n\n<img loading=\"lazy\" decoding=\"async\" width=\"1000\" height=\"300\" class=\"gb-media-1a3ff8e8\" title=\"example-accra@1x\" src=\"https:\/\/www.maptoolkit.com\/wp-content\/uploads\/2024\/08\/example-accra@1x.png\" alt=\"\" srcset=\"https:\/\/www.maptoolkit.com\/wp-content\/uploads\/2024\/08\/example-accra@1x.png 1000w, https:\/\/www.maptoolkit.com\/wp-content\/uploads\/2024\/08\/example-accra@1x-300x90.png 300w, https:\/\/www.maptoolkit.com\/wp-content\/uploads\/2024\/08\/example-accra@1x-768x230.png 768w, https:\/\/www.maptoolkit.com\/wp-content\/uploads\/2024\/08\/example-accra@1x-150x45.png 150w, https:\/\/www.maptoolkit.com\/wp-content\/uploads\/2024\/08\/example-accra@1x-480x144.png 480w\" sizes=\"auto, (max-width: 1000px) 100vw, 1000px\" \/>\n\n\n\n<p class=\"gb-text gb-text-4582d0c9\">Accra in Bildschirmaufl\u00f6sung (<a href=\"\/de\/api\/static-maps-api\/\">Static Maps API<\/a>)<\/p>\n\n\n\n<img loading=\"lazy\" decoding=\"async\" width=\"1000\" height=\"300\" class=\"gb-media-cb777762\" title=\"example-accra@2x\" src=\"https:\/\/www.maptoolkit.com\/wp-content\/uploads\/2024\/08\/example-accra@2x.png\" alt=\"\" srcset=\"https:\/\/www.maptoolkit.com\/wp-content\/uploads\/2024\/08\/example-accra@2x.png 1000w, https:\/\/www.maptoolkit.com\/wp-content\/uploads\/2024\/08\/example-accra@2x-300x90.png 300w, https:\/\/www.maptoolkit.com\/wp-content\/uploads\/2024\/08\/example-accra@2x-768x230.png 768w, https:\/\/www.maptoolkit.com\/wp-content\/uploads\/2024\/08\/example-accra@2x-150x45.png 150w, https:\/\/www.maptoolkit.com\/wp-content\/uploads\/2024\/08\/example-accra@2x-480x144.png 480w\" sizes=\"auto, (max-width: 1000px) 100vw, 1000px\" \/>\n\n\n\n<p class=\"gb-text gb-text-06cf40a6\">Accra mit 150 dpi bzw. @2x (Retina-Aufl\u00f6sung)<\/p>\n\n\n\n<img loading=\"lazy\" decoding=\"async\" width=\"1000\" height=\"300\" class=\"gb-media-800c5784\" title=\"example-accra@4x\" src=\"https:\/\/www.maptoolkit.com\/wp-content\/uploads\/2024\/08\/example-accra@4x.png\" alt=\"\" srcset=\"https:\/\/www.maptoolkit.com\/wp-content\/uploads\/2024\/08\/example-accra@4x.png 1000w, https:\/\/www.maptoolkit.com\/wp-content\/uploads\/2024\/08\/example-accra@4x-300x90.png 300w, https:\/\/www.maptoolkit.com\/wp-content\/uploads\/2024\/08\/example-accra@4x-768x230.png 768w, https:\/\/www.maptoolkit.com\/wp-content\/uploads\/2024\/08\/example-accra@4x-150x45.png 150w, https:\/\/www.maptoolkit.com\/wp-content\/uploads\/2024\/08\/example-accra@4x-480x144.png 480w\" sizes=\"auto, (max-width: 1000px) 100vw, 1000px\" \/>\n\n\n\n<p class=\"gb-text gb-text-5a9c69d3\">Accra mit 300 dpi f\u00fcr Druckzwecke (in Bildschirmaufl\u00f6sung dargestellt = vergr\u00f6\u00dfert)<\/p>\n\n\n<div class=\"gb-container gb-container-2e66af5b gbp-section\">\n\n<h2 class=\"gb-headline gb-headline-8c726164 gb-headline-text\">Unser Preismodell<\/h2>\r\n\n\n<div class=\"gb-container gb-container-dd948cd5\">\n<div class=\"gb-container gb-container-e628e053\">\n<div class=\"gb-container gb-container-a22c4532\">\n\n<figure class=\"gb-block-image gb-block-image-303593ca\"><img loading=\"lazy\" decoding=\"async\" width=\"1536\" height=\"1024\" class=\"gb-image gb-image-303593ca\" src=\"https:\/\/www.maptoolkit.com\/wp-content\/uploads\/2025\/04\/Pricing-Gradient.png\" alt=\"\" title=\"Pricing Gradient\" srcset=\"https:\/\/www.maptoolkit.com\/wp-content\/uploads\/2025\/04\/Pricing-Gradient.png 1536w, https:\/\/www.maptoolkit.com\/wp-content\/uploads\/2025\/04\/Pricing-Gradient-300x200.png 300w, https:\/\/www.maptoolkit.com\/wp-content\/uploads\/2025\/04\/Pricing-Gradient-1024x683.png 1024w, https:\/\/www.maptoolkit.com\/wp-content\/uploads\/2025\/04\/Pricing-Gradient-768x512.png 768w\" sizes=\"auto, (max-width: 1536px) 100vw, 1536px\" \/><\/figure>\r\n\n<\/div>\n\n<div class=\"gb-container gb-container-18861ea6\">\n\n<p class=\"gb-headline gb-headline-efe27d06 gb-headline-text\"><strong>Flexible Preisgestaltung, die sich Ihren Anforderungen anpasst<br><\/strong>Starten Sie mit unserer kostenlosen Stufe, zahlen Sie bei wachsendem Bedarf pro Anfrage \u00fcber RapidAPI oder w\u00e4hlen Sie eine Enterprise-Lizenz f\u00fcr vollen Zugriff.<\/p>\r\n\n<\/div>\n<\/div>\n\n<div class=\"gb-container gb-container-f743df99\">\n\n<a class=\"gb-button gb-button-d88b3291 gb-button-text gbp-button--primary\" href=\"https:\/\/www.maptoolkit.com\/de\/preise\/\">Siehe unsere <br>Preistabelle<\/a>\r\n\n<\/div>\n<\/div>\n<\/div>\n\n\n<h3 class=\"gb-headline gb-headline-5138becf gb-headline-text\">FAQ<\/h3>\n\n\n<div class=\"gb-container gb-container-07fd6cd5\">\n<div class=\"gb-container gb-container-4f7d4fb7 gb-accordion\">\n<div class=\"gb-container gb-container-9f78fc57 accordion_item_FAQ gb-accordion__item\" data-transition=\"slide\">\n\n<button id=\"gb-accordion-toggle-659f84d4\" class=\"gb-button gb-button-659f84d4 gb-accordion__toggle accordion_title_FAQ\"><span class=\"gb-button-text\">Ist es m\u00f6glich, eigene Marker, Beschriftungen oder Overlays zu den Karten hinzuzuf\u00fcgen?<\/span><\/button>\n\n\n<div id=\"gb-accordion-content-b78c98a0\" class=\"gb-accordion__content\"><div class=\"gb-container gb-container-b78c98a0\">\n\n<p>Ja, Sie k\u00f6nnen Ihre eigenen Geodaten \u00fcber KML oder GeoJSON hinzuf\u00fcgen.<\/p>\n\n<\/div><\/div>\n<\/div>\n\n<div class=\"gb-container gb-container-248fc525 accordion_item_FAQ gb-accordion__item\" data-transition=\"slide\">\n\n<button id=\"gb-accordion-toggle-772d1d46\" class=\"gb-button gb-button-772d1d46 gb-accordion__toggle accordion_title_FAQ\"><span class=\"gb-button-text\">Gibt es eine kostenlose Stufe oder einen Testzeitraum zum Ausprobieren?<\/span><\/button>\n\n\n<div id=\"gb-accordion-content-d1497277\" class=\"gb-accordion__content\"><div class=\"gb-container gb-container-d1497277\">\n\n<p>Ja. Sie k\u00f6nnen auf die kostenlose Stufe <a href=\"https:\/\/rapidapi.com\/toursprung-toursprung-default\/api\/maptoolkit\/pricing\">\u00fcber RapidAPI<\/a> zugreifen.<\/p>\n\n<\/div><\/div>\n<\/div>\n<\/div>\n<\/div>\n<\/div><div class=\"gb-container gb-container-bc3f6145\">\n<div class=\"gb-container gb-container-e0ab9dd7\">\n\n<h2 class=\"gb-headline gb-headline-c593864c gb-headline-text\"><strong>Wir beraten Sie pers\u00f6nlich<\/strong><\/h2>\r\n\n\n\n<hr class=\"wp-block-separator has-text-color has-alpha-channel-opacity has-background is-style-default\" style=\"background-color:#c3c3c3;color:#c3c3c3\"\/>\n\n\n<div class=\"gb-container gb-container-30f9a422\">\n<div class=\"gb-container gb-container-d1b3811f\">\n\n<figure class=\"gb-block-image gb-block-image-fcc53e52\"><img loading=\"lazy\" decoding=\"async\" width=\"300\" height=\"300\" class=\"gb-image gb-image-fcc53e52\" src=\"https:\/\/www.maptoolkit.com\/wp-content\/uploads\/2020\/02\/PeterH_LUX_0871@lisalux1_square-300x300.jpg\" alt=\"\" title=\"PeterH_LUX_0871@lisalux1_square\" srcset=\"https:\/\/www.maptoolkit.com\/wp-content\/uploads\/2020\/02\/PeterH_LUX_0871@lisalux1_square-300x300.jpg 300w, https:\/\/www.maptoolkit.com\/wp-content\/uploads\/2020\/02\/PeterH_LUX_0871@lisalux1_square-150x150.jpg 150w, https:\/\/www.maptoolkit.com\/wp-content\/uploads\/2020\/02\/PeterH_LUX_0871@lisalux1_square-146x146.jpg 146w, https:\/\/www.maptoolkit.com\/wp-content\/uploads\/2020\/02\/PeterH_LUX_0871@lisalux1_square-50x50.jpg 50w, https:\/\/www.maptoolkit.com\/wp-content\/uploads\/2020\/02\/PeterH_LUX_0871@lisalux1_square-75x75.jpg 75w, https:\/\/www.maptoolkit.com\/wp-content\/uploads\/2020\/02\/PeterH_LUX_0871@lisalux1_square-85x85.jpg 85w, https:\/\/www.maptoolkit.com\/wp-content\/uploads\/2020\/02\/PeterH_LUX_0871@lisalux1_square-80x80.jpg 80w, https:\/\/www.maptoolkit.com\/wp-content\/uploads\/2020\/02\/PeterH_LUX_0871@lisalux1_square.jpg 387w\" sizes=\"auto, (max-width: 300px) 100vw, 300px\" \/><\/figure>\r\n\n<\/div>\n\n<div class=\"gb-container gb-container-97a801dd\">\n\n<p class=\"has-text-color has-link-color wp-elements-9baf76a7ae05be2909cab9f7aec274d6\" style=\"color:#595959\">Mein Name ist Peter H\u00f6flehner und ich werde Ihr<br\/>Projekt- und Key Account-Manager sein.<\/p>\n\n\n\n<a class=\"gb-button gb-button-d3a3b162 gb-button-text gbp-button--primary\" href=\"tel:+436641308111\">Handy +43 664 1308111<\/a>\r\n\n\n\n<a class=\"gb-button gb-button-ca57bc22 gb-button-text gbp-button--primary\" href=\"mailto:peter@maptoolkit.com\">peter@maptoolkit.com<\/a>\r\n\n<\/div>\n<\/div>\n<\/div>\n<\/div>","protected":false},"excerpt":{"rendered":"<p>Printmaps API F\u00fcgen Sie Ihrer Anwendung hochaufl\u00f6sende, druckfertige Karten hinzu Die neue\u00a0Printmaps API\u00a0erm\u00f6glicht Ihnen, alle Funktionen der leistungsstarken\u00a0Static Maps API\u00a0in\u00a0300 &#8230; <\/p>\n<p class=\"read-more-container\"><a title=\"Printmaps API\" class=\"read-more button\" href=\"https:\/\/www.maptoolkit.com\/de\/api\/printmaps-api\/#more-2729\" aria-label=\"Mehr Informationen \u00fcber Printmaps API\">Weiterlesen &#8230;<\/a><\/p>\n","protected":false},"author":6,"featured_media":0,"parent":1925,"menu_order":0,"comment_status":"closed","ping_status":"closed","template":"","meta":{"footnotes":""},"class_list":["post-2729","page","type-page","status-publish"],"_links":{"self":[{"href":"https:\/\/www.maptoolkit.com\/de\/wp-json\/wp\/v2\/pages\/2729","targetHints":{"allow":["GET"]}}],"collection":[{"href":"https:\/\/www.maptoolkit.com\/de\/wp-json\/wp\/v2\/pages"}],"about":[{"href":"https:\/\/www.maptoolkit.com\/de\/wp-json\/wp\/v2\/types\/page"}],"author":[{"embeddable":true,"href":"https:\/\/www.maptoolkit.com\/de\/wp-json\/wp\/v2\/users\/6"}],"replies":[{"embeddable":true,"href":"https:\/\/www.maptoolkit.com\/de\/wp-json\/wp\/v2\/comments?post=2729"}],"version-history":[{"count":6,"href":"https:\/\/www.maptoolkit.com\/de\/wp-json\/wp\/v2\/pages\/2729\/revisions"}],"predecessor-version":[{"id":6136,"href":"https:\/\/www.maptoolkit.com\/de\/wp-json\/wp\/v2\/pages\/2729\/revisions\/6136"}],"up":[{"embeddable":true,"href":"https:\/\/www.maptoolkit.com\/de\/wp-json\/wp\/v2\/pages\/1925"}],"wp:attachment":[{"href":"https:\/\/www.maptoolkit.com\/de\/wp-json\/wp\/v2\/media?parent=2729"}],"curies":[{"name":"wp","href":"https:\/\/api.w.org\/{rel}","templated":true}]}}