{"id":2745,"date":"2024-09-10T10:47:22","date_gmt":"2024-09-10T10:47:22","guid":{"rendered":"https:\/\/www.maptoolkit.com\/solutions\/dsgvo\/"},"modified":"2025-12-17T18:16:19","modified_gmt":"2025-12-17T18:16:19","slug":"dsgvo","status":"publish","type":"page","link":"https:\/\/www.maptoolkit.com\/de\/solutions\/dsgvo\/","title":{"rendered":"Datenschutz"},"content":{"rendered":"<div class=\"gb-container gb-container-9f91584c gbp-section\">\n\n<h1 class=\"gb-headline gb-headline-25d0c1a6 gb-headline-text\">Keine Cookies. Kein Tracking. Kein Kopfzerbrechen.\r\nKarten f\u00fcr Europa.<\/h1>\n\n\n\n<p class=\"gb-headline gb-headline-f1e1bd23 gb-headline-text\">DSGVO-konforme Mapping-L\u00f6sungen\r\nEntwickelt f\u00fcr europ\u00e4ischen Datenschutz<\/p>\n\n<\/div><div class=\"gb-container gb-container-c0f26e03\">\n<div class=\"gb-container gb-container-264f227b gbp-section\">\n<div class=\"gb-container gb-container-4afbed19\">\n\n<figure class=\"gb-block-image gb-block-image-daca0a9a\"><img loading=\"lazy\" decoding=\"async\" width=\"1024\" height=\"1024\" class=\"gb-image gb-image-daca0a9a\" title=\"EU badge\" src=\"https:\/\/www.maptoolkit.com\/wp-content\/uploads\/2024\/05\/EU-badge.png\" alt=\"\" srcset=\"https:\/\/www.maptoolkit.com\/wp-content\/uploads\/2024\/05\/EU-badge.png 1024w, https:\/\/www.maptoolkit.com\/wp-content\/uploads\/2024\/05\/EU-badge-300x300.png 300w, https:\/\/www.maptoolkit.com\/wp-content\/uploads\/2024\/05\/EU-badge-150x150.png 150w, https:\/\/www.maptoolkit.com\/wp-content\/uploads\/2024\/05\/EU-badge-768x768.png 768w, https:\/\/www.maptoolkit.com\/wp-content\/uploads\/2024\/05\/EU-badge-75x75.png 75w, https:\/\/www.maptoolkit.com\/wp-content\/uploads\/2024\/05\/EU-badge-480x480.png 480w\" sizes=\"auto, (max-width: 1024px) 100vw, 1024px\" \/><\/figure>\n\n\n\n<h4 class=\"gb-headline gb-headline-9ca630b2 gb-headline-text\"><strong>Reines EU-Hosting<\/strong><\/h4>\n\n\n\n<p class=\"gb-headline gb-headline-fc30c1e9 gb-headline-text\">Ihre Kartendaten bleiben zu 100 % in Europa. Wir hosten auf <strong>datenschutzfokussierter EU-Infrastruktur<\/strong> und verwenden ausschlie\u00dflich EU-CDN-Standorte. Vollkommen DSGVO-konform.<\/p>\n\n<\/div>\n\n<div class=\"gb-container gb-container-0fc54a11\">\n\n<figure class=\"gb-block-image gb-block-image-e77fd8f8\"><img loading=\"lazy\" decoding=\"async\" width=\"1024\" height=\"1024\" class=\"gb-image gb-image-e77fd8f8\" title=\"no. cookies\" src=\"https:\/\/www.maptoolkit.com\/wp-content\/uploads\/2024\/05\/no.-cookies-1.png\" alt=\"\" srcset=\"https:\/\/www.maptoolkit.com\/wp-content\/uploads\/2024\/05\/no.-cookies-1.png 1024w, https:\/\/www.maptoolkit.com\/wp-content\/uploads\/2024\/05\/no.-cookies-1-300x300.png 300w, https:\/\/www.maptoolkit.com\/wp-content\/uploads\/2024\/05\/no.-cookies-1-150x150.png 150w, https:\/\/www.maptoolkit.com\/wp-content\/uploads\/2024\/05\/no.-cookies-1-768x768.png 768w, https:\/\/www.maptoolkit.com\/wp-content\/uploads\/2024\/05\/no.-cookies-1-75x75.png 75w, https:\/\/www.maptoolkit.com\/wp-content\/uploads\/2024\/05\/no.-cookies-1-480x480.png 480w\" sizes=\"auto, (max-width: 1024px) 100vw, 1024px\" \/><\/figure>\n\n\n\n<h4 class=\"gb-headline gb-headline-8ef7d863 gb-headline-text\"><strong>Keine Cookies erforderlich<\/strong><\/h4>\n\n\n\n<p class=\"gb-headline gb-headline-f75f1320 gb-headline-text\">Die meisten Kartenl\u00f6sungen setzen auf Third-Party-Cookies. Wir nicht.\r\n<strong>Keine Cookie-Banner, k\u00fcrzere Ladezeiten, Ihre User Experience bleibt ungest\u00f6rt<\/strong>.<\/p>\n\n<\/div>\n\n<div class=\"gb-container gb-container-1476b25e\">\n\n<figure class=\"gb-block-image gb-block-image-55655612\"><img loading=\"lazy\" decoding=\"async\" width=\"1536\" height=\"1024\" class=\"gb-image gb-image-55655612\" title=\"Anonymized IP Addresses\" src=\"https:\/\/www.maptoolkit.com\/wp-content\/uploads\/2025\/04\/Anonymized-IP-Addresses.png\" alt=\"\" srcset=\"https:\/\/www.maptoolkit.com\/wp-content\/uploads\/2025\/04\/Anonymized-IP-Addresses.png 1536w, https:\/\/www.maptoolkit.com\/wp-content\/uploads\/2025\/04\/Anonymized-IP-Addresses-300x200.png 300w, https:\/\/www.maptoolkit.com\/wp-content\/uploads\/2025\/04\/Anonymized-IP-Addresses-1024x683.png 1024w, https:\/\/www.maptoolkit.com\/wp-content\/uploads\/2025\/04\/Anonymized-IP-Addresses-768x512.png 768w\" sizes=\"auto, (max-width: 1536px) 100vw, 1536px\" \/><\/figure>\n\n\n\n<h4 class=\"gb-headline gb-headline-fb495b92 gb-headline-text\"><strong>IP Anonymization<\/strong><\/h4>\n\n\n\n<p class=\"gb-headline gb-headline-5ced111d gb-headline-text\">Beim Protokollieren von IP-Adressen <strong>anonymisieren wir die letzten 3 Ziffern<\/strong>. So wird direkte Nutzeridentifikation verhindert und der Datenschutz deutlich verbessert.<\/p>\n\n<\/div>\n<\/div>\n<\/div><div class=\"gb-container gb-container-a08f76e7 gbp-section\">\n<div class=\"gb-container gb-container-222f89d9\">\n<div class=\"gb-container gb-container-bce5c248\">\n<div class=\"gb-container gb-container-b32f857a\">\n\n<h3 class=\"gb-headline gb-headline-22b73ae6 gb-headline-text\">Warum DSGVO-Compliance wichtig ist<\/h3>\n\n\n\n<p class=\"gb-headline gb-headline-f63e050a gb-headline-text\">Datenschutz ist l\u00e4ngst kein \u201eNice-to-have\u201c mehr. Er ist eine rechtliche, ethische und gesch\u00e4ftskritische Pflicht, insbesondere in Europa.<\/p>\n\n\n\n<ul class=\"wp-block-list\">\n<li><strong>Strenge Regelwerke<\/strong> wie die DSGVO verlangen, dass Unternehmen so wenige personenbezogene Daten wie m\u00f6glich verarbeiten.<\/li>\n\n\n\n<li><strong>Nicht-Compliance kann zu Bu\u00dfgeldern<\/strong>, rechtlichen Schritten und Reputationssch\u00e4den <strong>f\u00fchren<\/strong>.<\/li>\n\n\n\n<li><strong>Die Erwartungen der Nutzer haben sich ver\u00e4ndert<\/strong>: Nutzer wollen Transparenz und Kontrolle dar\u00fcber, wie mit ihren Daten umgegangen wird.<\/li>\n<\/ul>\n\n<\/div>\n\n<div class=\"gb-container gb-container-93ab5ca5\">\n\n<span class=\"gb-button gb-button-9a794dae gb-button-text\"><strong>DSGVO-Compliance sch\u00fctzt Ihre Marke und schafft langfristiges Vertrauen.<\/strong><\/span>\n\n<\/div>\n<\/div>\n\n<div class=\"gb-container gb-container-cdb17c28\">\n<div class=\"gb-container gb-container-b215f57b\"><\/div>\n\n<div class=\"gb-container gb-container-5a844ada\">\n\n<h3 class=\"gb-headline gb-headline-6fa6c2d0 gb-headline-text\">\u2026 und warum das ein Wettbewerbsvorteil ist<\/h3>\n\n\n\n<p class=\"gb-headline gb-headline-4bb3b633 gb-headline-text\">W\u00e4hrend viele Kartenl\u00f6sungen auf Cookies, Tracker und Drittanbieter-Skripte setzen, ist Maptoolkit anders. Unsere Plattform ist <strong>von Grund auf auf Datenschutz ausgelegt<\/strong>, damit Sie ein besseres, reibungsloses Nutzungserlebnis ohne zus\u00e4tzlichen rechtlichen Aufwand bieten k\u00f6nnen.<\/p>\r\nSo macht Maptoolkit Datenschutz zu <strong>einem Plus f\u00fcr Ihre UX<\/strong>:\n\n\n\n<ul class=\"wp-block-list\">\n<li><strong>Keine Einwilligungsbanner<\/strong>: Die meisten Nutzer ignorieren sie oder klicken sie weg und ihr Besuch wird unterbrochen. Mit Maptoolkit brauchen Sie solche Banner \u00fcberhaupt nicht.<\/li>\n\n\n\n<li><strong>Sofortige Ladezeiten<\/strong>: Keine Wartezeit auf Cookie-Einwilligungen, bevor Karten geladen werden.<\/li>\n\n\n\n<li><strong>Keine Dark Patterns<\/strong>: Nutzer f\u00fchlen sich nicht manipuliert oder verfolgt, sie bekommen einfach, weswegen sie Ihre Seite besuchen.<\/li>\n\n\n\n<li><strong>Vertrauen durch Transparenz<\/strong>: Sie k\u00f6nnen klar kommunizieren, dass Sie \u00fcber Ihre Karten keine personenbezogenen Daten sammeln oder weitergeben.<\/li>\n<\/ul>\n\n<\/div>\n<\/div>\n<\/div>\n<\/div><div class=\"gb-container gb-container-bc95a5d1\">\n<div class=\"gb-container gb-container-e895b060 gbp-section\">\n\n<h2 class=\"gb-headline gb-headline-bf92cfdc gb-headline-text\">Was Ihre Kundinnen und Kunden sehen \u2026<\/h2>\n\n\n<div class=\"gb-container gb-container-dbc74ff4\">\n<div class=\"gb-container gb-container-2d85bb4b\">\n\n<h4 class=\"gb-headline gb-headline-698ee329 gb-headline-text\">\u2026 bei Mitbewerbern<\/h4>\n\n\n<div class=\"gb-container gb-container-ddf5331c\">\n<div class=\"gb-container gb-container-47e34619\">\n\n<figure class=\"gb-block-image gb-block-image-9a0a5ccc\"><img loading=\"lazy\" decoding=\"async\" width=\"1440\" height=\"960\" class=\"gb-image gb-image-9a0a5ccc\" title=\"google-maps-widget-consent-prompt\" src=\"https:\/\/www.maptoolkit.com\/wp-content\/uploads\/2025\/04\/google-maps-widget-consent-prompt-e1745846140584.webp\" alt=\"\" srcset=\"https:\/\/www.maptoolkit.com\/wp-content\/uploads\/2025\/04\/google-maps-widget-consent-prompt-e1745846140584.webp 1440w, https:\/\/www.maptoolkit.com\/wp-content\/uploads\/2025\/04\/google-maps-widget-consent-prompt-e1745846140584-300x200.webp 300w, https:\/\/www.maptoolkit.com\/wp-content\/uploads\/2025\/04\/google-maps-widget-consent-prompt-e1745846140584-1024x683.webp 1024w, https:\/\/www.maptoolkit.com\/wp-content\/uploads\/2025\/04\/google-maps-widget-consent-prompt-e1745846140584-768x512.webp 768w\" sizes=\"auto, (max-width: 1440px) 100vw, 1440px\" \/><\/figure>\n\n<\/div>\n<\/div>\n<\/div>\n\n<div class=\"gb-container gb-container-db5583c1\">\n\n<h4 class=\"gb-headline gb-headline-d93cfc64 gb-headline-text\">&#8230; mit Maptoolkit<\/h4>\n\n\n\n<figure class=\"gb-block-image gb-block-image-d225d9c8\"><img loading=\"lazy\" decoding=\"async\" width=\"1500\" height=\"1000\" class=\"gb-image gb-image-d225d9c8\" title=\"Maptoolkit Map\" src=\"https:\/\/www.maptoolkit.com\/wp-content\/uploads\/2025\/04\/Maptoolkit-Map.png\" alt=\"\" srcset=\"https:\/\/www.maptoolkit.com\/wp-content\/uploads\/2025\/04\/Maptoolkit-Map.png 1500w, https:\/\/www.maptoolkit.com\/wp-content\/uploads\/2025\/04\/Maptoolkit-Map-300x200.png 300w, https:\/\/www.maptoolkit.com\/wp-content\/uploads\/2025\/04\/Maptoolkit-Map-1024x683.png 1024w, https:\/\/www.maptoolkit.com\/wp-content\/uploads\/2025\/04\/Maptoolkit-Map-768x512.png 768w\" sizes=\"auto, (max-width: 1500px) 100vw, 1500px\" \/><\/figure>\n\n<\/div>\n<\/div>\n<\/div>\n<\/div><div class=\"gb-container gb-container-384ea4f9\">\n<div class=\"gb-container gb-container-b3260b6a gbp-section\">\n<div class=\"gb-container gb-container-f7319fb8\">\n\n<figure class=\"gb-block-image gb-block-image-78d1ced9\"><img loading=\"lazy\" decoding=\"async\" width=\"1536\" height=\"1024\" class=\"gb-image gb-image-78d1ced9\" title=\"Data Processing Agreement\" src=\"https:\/\/www.maptoolkit.com\/wp-content\/uploads\/2025\/04\/Data-Processing-Agreement-1.png\" alt=\"\" srcset=\"https:\/\/www.maptoolkit.com\/wp-content\/uploads\/2025\/04\/Data-Processing-Agreement-1.png 1536w, https:\/\/www.maptoolkit.com\/wp-content\/uploads\/2025\/04\/Data-Processing-Agreement-1-300x200.png 300w, https:\/\/www.maptoolkit.com\/wp-content\/uploads\/2025\/04\/Data-Processing-Agreement-1-1024x683.png 1024w, https:\/\/www.maptoolkit.com\/wp-content\/uploads\/2025\/04\/Data-Processing-Agreement-1-768x512.png 768w\" sizes=\"auto, (max-width: 1536px) 100vw, 1536px\" \/><\/figure>\n\n<\/div>\n\n<div class=\"gb-container gb-container-0f710417\">\n\n<h2 class=\"gb-headline gb-headline-076dc17a gb-headline-text\">Wir machen Ihre Rechtsabteilung und Entwickler*innen gl\u00fccklich<\/h2>\n\n\n\n<p class=\"gb-headline gb-headline-0e0f2186 gb-headline-text\">Ihre Entwicklerinnen und Entwickler bekommen schnelle, sofort einsetzbare Kartenkomponenten. Ihre Rechtsabteilung erh\u00e4lt einen vorformulierten, DSGVO-konformen Auftragsverarbeitungsvertrag, der unmittelbar unterschriftsreif ist.<\/p>\n\n<\/div>\n<\/div>\n<\/div><div class=\"gb-container gb-container-bc3f6145 alignfull\">\n<div class=\"gb-container gb-container-e0ab9dd7\">\n\n<h2 class=\"gb-headline gb-headline-c593864c gb-headline-text\"><strong>Wir beraten Sie pers\u00f6nlich<\/strong><\/h2>\r\n\n\n\n<hr class=\"wp-block-separator has-text-color has-alpha-channel-opacity has-background is-style-default\" style=\"background-color:#c3c3c3;color:#c3c3c3\"\/>\n\n\n<div class=\"gb-container gb-container-30f9a422\">\n<div class=\"gb-container gb-container-d1b3811f\">\n\n<figure class=\"gb-block-image gb-block-image-fcc53e52\"><img loading=\"lazy\" decoding=\"async\" width=\"300\" height=\"300\" class=\"gb-image gb-image-fcc53e52\" title=\"PeterH_LUX_0871@lisalux1_square\" src=\"https:\/\/www.maptoolkit.com\/wp-content\/uploads\/2020\/02\/PeterH_LUX_0871@lisalux1_square-300x300.jpg\" alt=\"\" srcset=\"https:\/\/www.maptoolkit.com\/wp-content\/uploads\/2020\/02\/PeterH_LUX_0871@lisalux1_square-300x300.jpg 300w, https:\/\/www.maptoolkit.com\/wp-content\/uploads\/2020\/02\/PeterH_LUX_0871@lisalux1_square-150x150.jpg 150w, https:\/\/www.maptoolkit.com\/wp-content\/uploads\/2020\/02\/PeterH_LUX_0871@lisalux1_square-146x146.jpg 146w, https:\/\/www.maptoolkit.com\/wp-content\/uploads\/2020\/02\/PeterH_LUX_0871@lisalux1_square-50x50.jpg 50w, https:\/\/www.maptoolkit.com\/wp-content\/uploads\/2020\/02\/PeterH_LUX_0871@lisalux1_square-75x75.jpg 75w, https:\/\/www.maptoolkit.com\/wp-content\/uploads\/2020\/02\/PeterH_LUX_0871@lisalux1_square-85x85.jpg 85w, https:\/\/www.maptoolkit.com\/wp-content\/uploads\/2020\/02\/PeterH_LUX_0871@lisalux1_square-80x80.jpg 80w, https:\/\/www.maptoolkit.com\/wp-content\/uploads\/2020\/02\/PeterH_LUX_0871@lisalux1_square.jpg 387w\" sizes=\"auto, (max-width: 300px) 100vw, 300px\" \/><\/figure>\n\n<\/div>\n\n<div class=\"gb-container gb-container-97a801dd\">\n\n<p class=\"has-text-color has-link-color wp-elements-3709b689d29f794d58947513d7422017\" style=\"color:#595959\">Mein Name ist Peter H\u00f6flehner und ich werde Ihr&#13;\n<br\/>Projekt- und Key Account-Manager sein.<\/p>\n\n\n\n<a class=\"gb-button gb-button-d3a3b162 gb-button-text gbp-button--primary\" href=\"tel:+436641308111\">Handy +43 664 1308111<\/a>\r\n\n\n\n<a class=\"gb-button gb-button-ca57bc22 gb-button-text gbp-button--primary\" href=\"mailto:peter@maptoolkit.com\">peter@maptoolkit.com<\/a>\r\n\n<\/div>\n<\/div>\n<\/div>\n<\/div>","protected":false},"excerpt":{"rendered":"<p>Keine Cookies. Kein Tracking. Kein Kopfzerbrechen. Karten f\u00fcr Europa. DSGVO-konforme Mapping-L\u00f6sungen Entwickelt f\u00fcr europ\u00e4ischen Datenschutz Reines EU-Hosting Ihre Kartendaten bleiben &#8230; <\/p>\n<p class=\"read-more-container\"><a title=\"Datenschutz\" class=\"read-more button\" href=\"https:\/\/www.maptoolkit.com\/de\/solutions\/dsgvo\/#more-2745\" aria-label=\"Mehr Informationen \u00fcber Datenschutz\">Weiterlesen &#8230;<\/a><\/p>\n","protected":false},"author":8,"featured_media":0,"parent":2490,"menu_order":0,"comment_status":"closed","ping_status":"closed","template":"","meta":{"footnotes":""},"class_list":["post-2745","page","type-page","status-publish"],"_links":{"self":[{"href":"https:\/\/www.maptoolkit.com\/de\/wp-json\/wp\/v2\/pages\/2745","targetHints":{"allow":["GET"]}}],"collection":[{"href":"https:\/\/www.maptoolkit.com\/de\/wp-json\/wp\/v2\/pages"}],"about":[{"href":"https:\/\/www.maptoolkit.com\/de\/wp-json\/wp\/v2\/types\/page"}],"author":[{"embeddable":true,"href":"https:\/\/www.maptoolkit.com\/de\/wp-json\/wp\/v2\/users\/8"}],"replies":[{"embeddable":true,"href":"https:\/\/www.maptoolkit.com\/de\/wp-json\/wp\/v2\/comments?post=2745"}],"version-history":[{"count":4,"href":"https:\/\/www.maptoolkit.com\/de\/wp-json\/wp\/v2\/pages\/2745\/revisions"}],"predecessor-version":[{"id":6195,"href":"https:\/\/www.maptoolkit.com\/de\/wp-json\/wp\/v2\/pages\/2745\/revisions\/6195"}],"up":[{"embeddable":true,"href":"https:\/\/www.maptoolkit.com\/de\/wp-json\/wp\/v2\/pages\/2490"}],"wp:attachment":[{"href":"https:\/\/www.maptoolkit.com\/de\/wp-json\/wp\/v2\/media?parent=2745"}],"curies":[{"name":"wp","href":"https:\/\/api.w.org\/{rel}","templated":true}]}}