{"id":622,"date":"2017-09-29T23:56:10","date_gmt":"2017-09-29T23:56:10","guid":{"rendered":"https:\/\/staging.toursprung.com\/?page_id=622"},"modified":"2025-12-03T16:31:24","modified_gmt":"2025-12-03T16:31:24","slug":"mobile","status":"publish","type":"page","link":"https:\/\/www.maptoolkit.com\/de\/solutions\/mobile\/","title":{"rendered":"L\u00f6sungen f\u00fcr Smartphone Apps"},"content":{"rendered":"<div class=\"gb-container gb-container-550e4919 gbp-section\">\n\n<h1 class=\"gb-headline gb-headline-abe60e3d gb-headline-text\">L\u00f6sungen f\u00fcr Smartphone Apps<\/h1>\n\n\n\n<p class=\"gb-headline gb-headline-952cf818 gb-headline-text\">Die Maptoolkit-APIs sind f\u00fcr mobile Apps bereit und werden in einem optimierten Format bereitgestellt, um in Apps verwendet zu werden.<\/p>\n\n\n\n<p class=\"gb-headline gb-headline-06f275fc gb-headline-text\">F\u00fcr die ersten Schritte werden eine Demo-Anwendung und dokumentierte APIs bereitgestellt. Damit k\u00f6nnen Sie innovative Anwendungen erstellen, die unsere Kartentechnologie nutzen.<\/p>\n\n\n\n<p class=\"gb-headline gb-headline-fa58dd20 gb-headline-text\">Aus Gr\u00fcnden der Effizienz und der Benutzerfreundlichkeit wird unsere Kartografie als Vektordaten bereitgestellt. Vektorkarten haben gegen\u00fcber Rasterkarten mehrere Vorteile wie die M\u00f6glichkeit, die Karte zu drehen und zu kippen.<\/p>\n\n\n\n<p class=\"gb-headline gb-headline-6a567ab0 gb-headline-text\">Unsere Kartografie und APIs sind f\u00fcr den Einsatz in den f\u00fchrenden Open-Source <a href=\"https:\/\/maplibre.org\/projects\/maplibre-native\/\">MapLibre GL SDK<\/a> f\u00fcr native iOS- und Android-Apps.<\/p>\n\n\n\n<h2 class=\"gb-headline gb-headline-64b37635 gb-headline-text\">Anwendungsf\u00e4lle<\/h2>\n\n\n\n<hr class=\"wp-block-separator has-text-color has-base-2-color has-alpha-channel-opacity has-base-2-background-color has-background\"\/>\n\n\n<div class=\"gb-container gb-container-524c5d5d\">\n<div class=\"gb-container gb-container-cbc7c1e6\">\n\n<figure class=\"gb-block-image gb-block-image-5c775b08\"><img loading=\"lazy\" decoding=\"async\" width=\"495\" height=\"766\" class=\"gb-image gb-image-5c775b08\" title=\"bikemap\" src=\"https:\/\/www.maptoolkit.com\/wp-content\/uploads\/2019\/06\/bikemap.png\" alt=\"\" srcset=\"https:\/\/www.maptoolkit.com\/wp-content\/uploads\/2019\/06\/bikemap.png 495w, https:\/\/www.maptoolkit.com\/wp-content\/uploads\/2019\/06\/bikemap-194x300.png 194w, https:\/\/www.maptoolkit.com\/wp-content\/uploads\/2019\/06\/bikemap-94x146.png 94w, https:\/\/www.maptoolkit.com\/wp-content\/uploads\/2019\/06\/bikemap-32x50.png 32w, https:\/\/www.maptoolkit.com\/wp-content\/uploads\/2019\/06\/bikemap-48x75.png 48w\" sizes=\"auto, (max-width: 495px) 100vw, 495px\" \/><\/figure>\n\n<\/div>\n\n<div class=\"gb-container gb-container-36e04e3b\">\n<div class=\"gb-container gb-container-b73f0ab6\">\n\n<span class=\"gb-button gb-button-b53598d3\"><span class=\"gb-icon\"><svg viewBox=\"0 0 24 24\" xmlns=\"http:\/\/www.w3.org\/2000\/svg\">\r\n  <title>pin-location-1<\/title>\r\n  <path d=\"M16.726,18.285a1,1,0,0,0-.168,1.993,29.747,29.747,0,0,1,3.776.523.25.25,0,0,1,0,.488A40,40,0,0,1,12,22a40.006,40.006,0,0,1-8.333-.711.25.25,0,0,1,0-.488,29.551,29.551,0,0,1,3.736-.52,1,1,0,0,0-.17-1.992C0,18.9,0,20.4,0,21.044,0,23.712,8.317,24,12,24s12-.288,12-2.956C24,20.4,24,18.9,16.726,18.285Z\"><\/path>\r\n  <path d=\"M12,21.6a1,1,0,0,0,.842-.461c1.958-3.063,6.512-10.536,6.512-13.786a7.355,7.355,0,1,0-14.71,0c0,3.25,4.554,10.724,6.513,13.786A.993.993,0,0,0,12,21.6ZM8.5,7A3.5,3.5,0,1,1,12,10.5,3.5,3.5,0,0,1,8.5,7Z\"><\/path>\r\n<\/svg>\r\n<\/span><\/span>\r\n\n\n<div class=\"gb-container gb-container-9d459e1d\">\n\n<h4 class=\"gb-headline gb-headline-277f1a4f gb-headline-text\">POIs<\/h4>\r\n\n\n\n<p class=\"gb-headline gb-headline-2bfb7301 gb-headline-text\">Zeigen Sie die Standorte Ihrer POIs oder Filialen auf einer interaktiven Karte an.<\/p>\n\n<\/div>\n<\/div>\n\n<div class=\"gb-container gb-container-062bd4b7\">\n\n<span class=\"gb-button gb-button-ea99851b\"><span class=\"gb-icon\"><svg viewBox=\"0 0 24 24\" xmlns=\"http:\/\/www.w3.org\/2000\/svg\">\r\n  <title>maps<\/title>\r\n  <path d=\"M24,7.015a1.5,1.5,0,0,0-.656-1.241l-7-4.761a1.493,1.493,0,0,0-1.677-.007l-.019.013L8.816,5.309a.5.5,0,0,1-.592,0L2.387,1.039A1.5,1.5,0,0,0,0,2.25V16.985a1.5,1.5,0,0,0,.656,1.241l7,4.761a1.5,1.5,0,0,0,1.676.007l.019-.014,5.832-4.289a.5.5,0,0,1,.592,0l5.837,4.27A1.5,1.5,0,0,0,24,21.75ZM9.5,7.53a.5.5,0,0,1,.2-.4l4.4-3.291a.25.25,0,0,1,.4.2V16.47a.5.5,0,0,1-.2.4L9.9,20.162a.25.25,0,0,1-.4-.2ZM2,3.727a.25.25,0,0,1,.4-.2L7.3,7.107a.5.5,0,0,1,.205.4V19.989a.249.249,0,0,1-.133.221.252.252,0,0,1-.258-.014l-4.89-3.327A.5.5,0,0,1,2,16.456ZM22,20.272a.25.25,0,0,1-.4.2l-4.9-3.582a.5.5,0,0,1-.2-.4V4.011a.249.249,0,0,1,.133-.221.252.252,0,0,1,.258.014l4.89,3.326A.5.5,0,0,1,22,7.544Z\"><\/path>\r\n<\/svg>\r\n<\/span><\/span>\r\n\n\n<div class=\"gb-container gb-container-2301ec9d\">\n\n<h4 class=\"gb-headline gb-headline-897794f3 gb-headline-text\">Touren<\/h4>\r\n\n\n\n<p class=\"gb-headline gb-headline-e74be357 gb-headline-text\">Visualisieren Sie Ihre redaktionellen Routen oder andere Tracks.<\/p>\n\n<\/div>\n<\/div>\n\n<div class=\"gb-container gb-container-3b6fddd2\">\n\n<span class=\"gb-button gb-button-ba207b19\"><span class=\"gb-icon\"><svg viewBox=\"0 0 24 24\" xmlns=\"http:\/\/www.w3.org\/2000\/svg\">\r\n  <title>compass-arrow<\/title>\r\n  <path d=\"M23.633.368A1.242,1.242,0,0,0,22.159.15L.66,11.649A1.25,1.25,0,0,0,1.25,14H10v8.75a1.249,1.249,0,0,0,.946,1.212,1.28,1.28,0,0,0,.3.038,1.248,1.248,0,0,0,1.1-.661l11.5-21.5A1.243,1.243,0,0,0,23.633.368Z\"><\/path>\r\n<\/svg>\r\n<\/span><\/span>\r\n\n\n<div class=\"gb-container gb-container-bf560071\">\n\n<h4 class=\"gb-headline gb-headline-34a5c8e6 gb-headline-text\">Routing<\/h4>\r\n\n\n\n<p class=\"gb-headline gb-headline-f255c191 gb-headline-text\">Integrieren Sie <a href=\"\/de\/api\/routing-api\">A nach B-Routing<\/a> in Ihre Apps.<\/p>\r\n\n<\/div>\n<\/div>\n\n<div class=\"gb-container gb-container-73bfc75d\">\n\n<span class=\"gb-button gb-button-012113aa\"><span class=\"gb-icon\"><svg xml:space=\"preserve\" style=\"enable-background:new 0 0 122.88 116.82\" viewBox=\"0 0 122.88 116.82\" y=\"0px\" x=\"0px\" id=\"Layer_1\" version=\"1.1\" xmlns:xlink=\"http:\/\/www.w3.org\/1999\/xlink\" xmlns=\"http:\/\/www.w3.org\/2000\/svg\">\r\n  <style type=\"text\/css\">.st0{fill-rule:evenodd;clip-rule:evenodd;}<\/style>\r\n  <g>\r\n    <path d=\"M59.63,61.55h22.58l-7.87,15.24l13.4,0.24l-32.64,39.8l6.28-26.18H50.81L59.63,61.55L59.63,61.55z M44.2,71.76 c2.03,0,3.68,1.65,3.68,3.68c0,2.03-1.65,3.68-3.68,3.68H23.38l-0.46-0.04c-2.67-0.34-5.09-0.97-7.29-1.88 c-2.25-0.93-4.26-2.14-6.04-3.63H9.58c-1.68-1.4-3.15-2.99-4.4-4.72C1.84,64.25,0.04,58.63,0,53.03 c-0.04-5.66,1.72-11.29,5.52-15.85c1.23-1.48,2.68-2.84,4.34-4.04c1.93-1.4,4.14-2.58,6.64-3.55c1.72-0.67,3.56-1.23,5.5-1.68 c2.2-8.74,6.89-15.47,12.92-20.14c5.64-4.37,12.43-6.92,19.42-7.59c6.96-0.67,14.12,0.51,20.55,3.6 c7.37,3.54,13.43,9.56,17.11,16.87c1.6-0.25,3.2-0.38,4.79-0.36c6.72,0.05,13.2,2.45,18.3,7.95c5.31,5.72,7.88,14.14,7.79,21.82 c-0.07,6.31-1.77,12.59-5.25,17.22c-2.27,3.02-5.18,5.47-8.67,7.42c-3.36,1.88-7.28,3.31-11.68,4.33c-1.98,0.45-3.95-0.78-4.4-2.76 c-0.45-1.98,0.78-3.95,2.76-4.4c3.71-0.86,6.97-2.04,9.72-3.58c2.63-1.47,4.78-3.26,6.39-5.41c2.5-3.33,3.73-8.04,3.78-12.87 c0.06-5.07-1.18-10.16-3.59-13.86c-0.69-1.07-1.44-2.03-2.25-2.89c-3.61-3.89-8.19-5.59-12.95-5.62 c-3.46-0.02-7.02,0.81-10.41,2.31c-0.75,0.37-1.51,0.78-2.25,1.21c-2.25,1.32-4.48,2.93-6.74,4.78l-4.84-5.54 c1.67-1.55,3.48-2.96,5.4-4.21c1.53-1,3.13-1.88,4.77-2.65c0.66-0.33,1.33-0.64,2-0.93c-3.19-5.65-7.78-9.7-12.98-12.2 c-5.2-2.49-11.02-3.45-16.69-2.9c-5.63,0.54-11.1,2.59-15.62,6.1c-5.23,4.06-9.2,10.11-10.73,18.14l-0.48,2.51l-2.5,0.44 c-2.45,0.43-4.64,1.02-6.56,1.77c-1.86,0.72-3.52,1.61-4.97,2.66c-1.16,0.84-2.16,1.78-3.01,2.8c-2.63,3.15-3.85,7.1-3.82,11.1 c0.03,4.06,1.35,8.16,3.79,11.53c0.91,1.25,1.96,2.4,3.16,3.4l-0.01,0.01c1.2,1,2.58,1.83,4.13,2.47c1.53,0.63,3.22,1.08,5.09,1.34 H44.2L44.2,71.76z M57.07,85.6l6.59-18.76h10.23l-5.32,14.28l8.03,0.14l-13.51,20.22l4.03-15.88H57.07L57.07,85.6z\" class=\"st0\"><\/path>\r\n  <\/g>\r\n<\/svg>\r\n<\/span><\/span>\r\n\n\n<div class=\"gb-container gb-container-37f030a3\">\n\n<h4 class=\"gb-headline gb-headline-54ac831c gb-headline-text\">Offline<\/h4>\r\n\n\n\n<p class=\"gb-headline gb-headline-cdd07fc6 gb-headline-text\"><a href=\"\/de\/api\/offline-karten-api\">Offline Nutzung<\/a> ist bei Apps immer ein gro\u00dfes Thema und deswegen bietet Maptoolkit f\u00fcr die Nutzer die M\u00f6glichkeit das Kartenmaterial f\u00fcr die offline Nutzung als Download Pakete herunterzuladen.<\/p>\n\n<\/div>\n<\/div>\n<\/div>\n<\/div>\n\n\n<h2 class=\"gb-headline gb-headline-f1d827e5 gb-headline-text\">Integration mit anderen APIs<\/h2>\n\n\n\n<hr class=\"wp-block-separator has-text-color has-base-2-color has-alpha-channel-opacity has-base-2-background-color has-background\"\/>\n\n\n\n<p class=\"gb-headline gb-headline-5f187399 gb-headline-text\">Alle Maptoolkit APIs lassen sich gut in jeden denkbaren Anwendungsfall integrieren. Hier ist ein schematischer \u00dcberblick \u00fcber die Architektur:<\/p>\n\n\n\n<figure class=\"gb-block-image gb-block-image-da4ed5dd\"><img loading=\"lazy\" decoding=\"async\" width=\"851\" height=\"527\" class=\"gb-image gb-image-da4ed5dd\" title=\"schema-maptoolkit-apps\" src=\"https:\/\/www.maptoolkit.com\/wp-content\/uploads\/2023\/03\/schema-maptoolkit-apps.png\" alt=\"\" srcset=\"https:\/\/www.maptoolkit.com\/wp-content\/uploads\/2023\/03\/schema-maptoolkit-apps.png 851w, https:\/\/www.maptoolkit.com\/wp-content\/uploads\/2023\/03\/schema-maptoolkit-apps-300x186.png 300w, https:\/\/www.maptoolkit.com\/wp-content\/uploads\/2023\/03\/schema-maptoolkit-apps-768x476.png 768w, https:\/\/www.maptoolkit.com\/wp-content\/uploads\/2023\/03\/schema-maptoolkit-apps-236x146.png 236w, https:\/\/www.maptoolkit.com\/wp-content\/uploads\/2023\/03\/schema-maptoolkit-apps-50x31.png 50w, https:\/\/www.maptoolkit.com\/wp-content\/uploads\/2023\/03\/schema-maptoolkit-apps-121x75.png 121w\" sizes=\"auto, (max-width: 851px) 100vw, 851px\" \/><\/figure>\n\n<\/div><div class=\"gb-container gb-container-c5481196\">\n<div class=\"gb-container gb-container-e5363932\">\n\n<h2 class=\"gb-headline gb-headline-343212cc gb-headline-text\"><strong>Kunden<\/strong><\/h2>\r\n\n\n\n<hr class=\"wp-block-separator has-text-color has-alpha-channel-opacity has-background\" style=\"background-color:#c3c3c3;color:#c3c3c3\"\/>\n\n<\/div>\n\n<div class=\"gb-container gb-container-4190d1f4\">\n<div class=\"gb-grid-wrapper gb-grid-wrapper-f1d5e4a7\">\n<div class=\"gb-grid-column gb-grid-column-d3e8705b\"><div class=\"gb-container gb-container-d3e8705b\"><a class=\"gb-container-link\" href=\"https:\/\/www.bahn.de\/\"><\/a>\n\n<figure class=\"gb-block-image gb-block-image-daf1e48c\"><img loading=\"lazy\" decoding=\"async\" width=\"358\" height=\"250\" class=\"gb-image gb-image-daf1e48c\" src=\"https:\/\/www.maptoolkit.com\/wp-content\/uploads\/2020\/11\/db.png\" alt=\"Deutsche Bahn\" title=\"db\" srcset=\"https:\/\/www.maptoolkit.com\/wp-content\/uploads\/2020\/11\/db.png 358w, https:\/\/www.maptoolkit.com\/wp-content\/uploads\/2020\/11\/db-300x209.png 300w, https:\/\/www.maptoolkit.com\/wp-content\/uploads\/2020\/11\/db-209x146.png 209w, https:\/\/www.maptoolkit.com\/wp-content\/uploads\/2020\/11\/db-50x35.png 50w, https:\/\/www.maptoolkit.com\/wp-content\/uploads\/2020\/11\/db-107x75.png 107w\" sizes=\"auto, (max-width: 358px) 100vw, 358px\" \/><\/figure>\r\n\n<\/div><\/div>\n\n<div class=\"gb-grid-column gb-grid-column-8896a8fc\"><div class=\"gb-container gb-container-8896a8fc\"><a class=\"gb-container-link\" href=\"https:\/\/www.wien.gv.at\/\"><\/a>\n\n<figure class=\"gb-block-image gb-block-image-f8659f3a\"><img loading=\"lazy\" decoding=\"async\" width=\"150\" height=\"75\" class=\"gb-image gb-image-f8659f3a\" src=\"https:\/\/www.maptoolkit.com\/wp-content\/uploads\/2024\/07\/wien.png\" alt=\"Stadt Wien\" title=\"Stadt Wien\"\/><\/figure>\r\n\n<\/div><\/div>\n\n<div class=\"gb-grid-column gb-grid-column-74735efe\"><div class=\"gb-container gb-container-74735efe\"><a class=\"gb-container-link\" href=\"https:\/\/nds.tourismusnetzwerk.info\/\"><\/a>\n\n<figure class=\"gb-block-image gb-block-image-c82716ae\"><img loading=\"lazy\" decoding=\"async\" width=\"1392\" height=\"842\" class=\"gb-image gb-image-c82716ae\" src=\"https:\/\/www.maptoolkit.com\/wp-content\/uploads\/2025\/02\/TMN-Logo.png\" alt=\"\" title=\"TMN Logo\" srcset=\"https:\/\/www.maptoolkit.com\/wp-content\/uploads\/2025\/02\/TMN-Logo.png 1392w, https:\/\/www.maptoolkit.com\/wp-content\/uploads\/2025\/02\/TMN-Logo-300x181.png 300w, https:\/\/www.maptoolkit.com\/wp-content\/uploads\/2025\/02\/TMN-Logo-1024x619.png 1024w, https:\/\/www.maptoolkit.com\/wp-content\/uploads\/2025\/02\/TMN-Logo-768x465.png 768w\" sizes=\"auto, (max-width: 1392px) 100vw, 1392px\" \/><\/figure>\r\n\n<\/div><\/div>\n\n<div class=\"gb-grid-column gb-grid-column-d0953ae4\"><div class=\"gb-container gb-container-d0953ae4\"><a class=\"gb-container-link\" href=\"https:\/\/www.schladming-dachstein.at\/\"><\/a>\n\n<figure class=\"gb-block-image gb-block-image-c9e3da05\"><img loading=\"lazy\" decoding=\"async\" width=\"887\" height=\"397\" class=\"gb-image gb-image-c9e3da05\" src=\"https:\/\/www.maptoolkit.com\/wp-content\/uploads\/2020\/03\/SD_logo_box_solo_klein.png\" alt=\"\" title=\"SD_logo_box_solo_klein\" srcset=\"https:\/\/www.maptoolkit.com\/wp-content\/uploads\/2020\/03\/SD_logo_box_solo_klein.png 887w, https:\/\/www.maptoolkit.com\/wp-content\/uploads\/2020\/03\/SD_logo_box_solo_klein-300x134.png 300w, https:\/\/www.maptoolkit.com\/wp-content\/uploads\/2020\/03\/SD_logo_box_solo_klein-768x344.png 768w, https:\/\/www.maptoolkit.com\/wp-content\/uploads\/2020\/03\/SD_logo_box_solo_klein-260x116.png 260w, https:\/\/www.maptoolkit.com\/wp-content\/uploads\/2020\/03\/SD_logo_box_solo_klein-50x22.png 50w, https:\/\/www.maptoolkit.com\/wp-content\/uploads\/2020\/03\/SD_logo_box_solo_klein-150x67.png 150w\" sizes=\"auto, (max-width: 887px) 100vw, 887px\" \/><\/figure>\r\n\n<\/div><\/div>\n\n<div class=\"gb-grid-column gb-grid-column-4050c30b\"><div class=\"gb-container gb-container-4050c30b\"><a class=\"gb-container-link\" href=\"https:\/\/www.gls.de\/\"><\/a>\n\n<figure class=\"gb-block-image gb-block-image-cf52cbbb\"><img loading=\"lazy\" decoding=\"async\" width=\"150\" height=\"75\" class=\"gb-image gb-image-cf52cbbb\" src=\"https:\/\/www.maptoolkit.com\/wp-content\/uploads\/2024\/07\/gls.png\" alt=\"GLS Bank\" title=\"GLS Bank\"\/><\/figure>\r\n\n<\/div><\/div>\n\n<div class=\"gb-grid-column gb-grid-column-8f9372d5\"><div class=\"gb-container gb-container-8f9372d5\"><a class=\"gb-container-link\" href=\"https:\/\/www.summitlynx.com\/\"><\/a>\n\n<figure class=\"gb-block-image gb-block-image-fd7e24e7\"><img loading=\"lazy\" decoding=\"async\" width=\"600\" height=\"600\" class=\"gb-image gb-image-fd7e24e7\" src=\"https:\/\/www.maptoolkit.com\/wp-content\/uploads\/2019\/11\/211025_summitlynx-logo-portrait-black-yellow_600w.png\" alt=\"SummitLynx\" title=\"211025_summitlynx-logo-portrait-black-yellow_600w\" srcset=\"https:\/\/www.maptoolkit.com\/wp-content\/uploads\/2019\/11\/211025_summitlynx-logo-portrait-black-yellow_600w.png 600w, https:\/\/www.maptoolkit.com\/wp-content\/uploads\/2019\/11\/211025_summitlynx-logo-portrait-black-yellow_600w-300x300.png 300w, https:\/\/www.maptoolkit.com\/wp-content\/uploads\/2019\/11\/211025_summitlynx-logo-portrait-black-yellow_600w-150x150.png 150w, https:\/\/www.maptoolkit.com\/wp-content\/uploads\/2019\/11\/211025_summitlynx-logo-portrait-black-yellow_600w-146x146.png 146w, https:\/\/www.maptoolkit.com\/wp-content\/uploads\/2019\/11\/211025_summitlynx-logo-portrait-black-yellow_600w-50x50.png 50w, https:\/\/www.maptoolkit.com\/wp-content\/uploads\/2019\/11\/211025_summitlynx-logo-portrait-black-yellow_600w-75x75.png 75w, https:\/\/www.maptoolkit.com\/wp-content\/uploads\/2019\/11\/211025_summitlynx-logo-portrait-black-yellow_600w-85x85.png 85w, https:\/\/www.maptoolkit.com\/wp-content\/uploads\/2019\/11\/211025_summitlynx-logo-portrait-black-yellow_600w-80x80.png 80w\" sizes=\"auto, (max-width: 600px) 100vw, 600px\" \/><\/figure>\r\n\n<\/div><\/div>\n<\/div>\n<\/div>\n<\/div><div class=\"gb-container gb-container-bc3f6145 alignfull\">\n<div class=\"gb-container gb-container-e0ab9dd7\">\n\n<h2 class=\"gb-headline gb-headline-c593864c gb-headline-text\"><strong>Wir beraten Sie pers\u00f6nlich<\/strong><\/h2>\r\n\n\n\n<hr class=\"wp-block-separator has-text-color has-alpha-channel-opacity has-background is-style-default\" style=\"background-color:#c3c3c3;color:#c3c3c3\"\/>\n\n\n<div class=\"gb-container gb-container-30f9a422\">\n<div class=\"gb-container gb-container-d1b3811f\">\n\n<figure class=\"gb-block-image gb-block-image-fcc53e52\"><img loading=\"lazy\" decoding=\"async\" width=\"300\" height=\"300\" class=\"gb-image gb-image-fcc53e52\" title=\"PeterH_LUX_0871@lisalux1_square\" src=\"https:\/\/www.maptoolkit.com\/wp-content\/uploads\/2020\/02\/PeterH_LUX_0871@lisalux1_square-300x300.jpg\" alt=\"\" srcset=\"https:\/\/www.maptoolkit.com\/wp-content\/uploads\/2020\/02\/PeterH_LUX_0871@lisalux1_square-300x300.jpg 300w, https:\/\/www.maptoolkit.com\/wp-content\/uploads\/2020\/02\/PeterH_LUX_0871@lisalux1_square-150x150.jpg 150w, https:\/\/www.maptoolkit.com\/wp-content\/uploads\/2020\/02\/PeterH_LUX_0871@lisalux1_square-146x146.jpg 146w, https:\/\/www.maptoolkit.com\/wp-content\/uploads\/2020\/02\/PeterH_LUX_0871@lisalux1_square-50x50.jpg 50w, https:\/\/www.maptoolkit.com\/wp-content\/uploads\/2020\/02\/PeterH_LUX_0871@lisalux1_square-75x75.jpg 75w, https:\/\/www.maptoolkit.com\/wp-content\/uploads\/2020\/02\/PeterH_LUX_0871@lisalux1_square-85x85.jpg 85w, https:\/\/www.maptoolkit.com\/wp-content\/uploads\/2020\/02\/PeterH_LUX_0871@lisalux1_square-80x80.jpg 80w, https:\/\/www.maptoolkit.com\/wp-content\/uploads\/2020\/02\/PeterH_LUX_0871@lisalux1_square.jpg 387w\" sizes=\"auto, (max-width: 300px) 100vw, 300px\" \/><\/figure>\n\n<\/div>\n\n<div class=\"gb-container gb-container-97a801dd\">\n\n<p class=\"has-text-color has-link-color wp-elements-3709b689d29f794d58947513d7422017\" style=\"color:#595959\">Mein Name ist Peter H\u00f6flehner und ich werde Ihr&#13;\n<br\/>Projekt- und Key Account-Manager sein.<\/p>\n\n\n\n<a class=\"gb-button gb-button-d3a3b162 gb-button-text gbp-button--primary\" href=\"tel:+436641308111\">Handy +43 664 1308111<\/a>\r\n\n\n\n<a class=\"gb-button gb-button-ca57bc22 gb-button-text gbp-button--primary\" href=\"mailto:peter@maptoolkit.com\">peter@maptoolkit.com<\/a>\r\n\n<\/div>\n<\/div>\n<\/div>\n<\/div>","protected":false},"excerpt":{"rendered":"<p>L\u00f6sungen f\u00fcr Smartphone Apps Die Maptoolkit-APIs sind f\u00fcr mobile Apps bereit und werden in einem optimierten Format bereitgestellt, um in &#8230; <\/p>\n<p class=\"read-more-container\"><a title=\"L\u00f6sungen f\u00fcr Smartphone Apps\" class=\"read-more button\" href=\"https:\/\/www.maptoolkit.com\/de\/solutions\/mobile\/#more-622\" aria-label=\"Mehr Informationen \u00fcber L\u00f6sungen f\u00fcr Smartphone Apps\">Weiterlesen &#8230;<\/a><\/p>\n","protected":false},"author":4,"featured_media":0,"parent":2490,"menu_order":0,"comment_status":"closed","ping_status":"closed","template":"","meta":{"footnotes":""},"class_list":["post-622","page","type-page","status-publish"],"_links":{"self":[{"href":"https:\/\/www.maptoolkit.com\/de\/wp-json\/wp\/v2\/pages\/622","targetHints":{"allow":["GET"]}}],"collection":[{"href":"https:\/\/www.maptoolkit.com\/de\/wp-json\/wp\/v2\/pages"}],"about":[{"href":"https:\/\/www.maptoolkit.com\/de\/wp-json\/wp\/v2\/types\/page"}],"author":[{"embeddable":true,"href":"https:\/\/www.maptoolkit.com\/de\/wp-json\/wp\/v2\/users\/4"}],"replies":[{"embeddable":true,"href":"https:\/\/www.maptoolkit.com\/de\/wp-json\/wp\/v2\/comments?post=622"}],"version-history":[{"count":12,"href":"https:\/\/www.maptoolkit.com\/de\/wp-json\/wp\/v2\/pages\/622\/revisions"}],"predecessor-version":[{"id":6163,"href":"https:\/\/www.maptoolkit.com\/de\/wp-json\/wp\/v2\/pages\/622\/revisions\/6163"}],"up":[{"embeddable":true,"href":"https:\/\/www.maptoolkit.com\/de\/wp-json\/wp\/v2\/pages\/2490"}],"wp:attachment":[{"href":"https:\/\/www.maptoolkit.com\/de\/wp-json\/wp\/v2\/media?parent=622"}],"curies":[{"name":"wp","href":"https:\/\/api.w.org\/{rel}","templated":true}]}}