{"id":6387,"date":"2026-03-02T12:46:07","date_gmt":"2026-03-02T12:46:07","guid":{"rendered":"https:\/\/www.maptoolkit.com\/api\/data-brokerage\/"},"modified":"2026-03-02T12:46:08","modified_gmt":"2026-03-02T12:46:08","slug":"data-brokerage","status":"publish","type":"page","link":"https:\/\/www.maptoolkit.com\/de\/api\/data-brokerage\/","title":{"rendered":"Data Brokerage"},"content":{"rendered":"\n<h1 class=\"gb-text gb-text-cd155cbb\"><strong>Data Brokerage<\/strong><\/h1>\r\n\n<p class=\"gb-text gb-text-d23470f1\"><strong>Verwandeln Sie jeden Datensatz in kartenf\u00e4higen Geo-Output, gehostet von Maptoolkit<\/strong><\/p>\n\n<div class=\"gbp-section\">\n<p class=\"gb-text\">Data Brokerage ist die Art und Weise, wie Maptoolkit Datenquellen in den Geo-Output umwandelt, den Ihr Produkt ben\u00f6tigt.<\/p>\n\n\n\n<p class=\"gb-text\">Einige Kunden kommen mit einer klaren Vorstellung des gew\u00fcnschten Datensatzes, ben\u00f6tigen jedoch Unterst\u00fctzung bei der Suche nach verl\u00e4sslichen Quellen. Andere verf\u00fcgen bereits \u00fcber Dateien oder Daten-Feeds, wissen aber nicht, wie daraus etwas gemacht werden kann, das auf einer Karte dargestellt werden kann. In beiden F\u00e4llen fungiert Maptoolkit als Br\u00fccke zwischen den Datenquellen und dem finalen Kartenerlebnis.<\/p>\n\n\n\n<p class=\"gb-text\">Data Brokerage Projekte werden als ma\u00dfgeschneiderte L\u00f6sungen umgesetzt und sind im Rahmen von <a href=\"\/de\/solutions\/enterprise\/\">Maptoolkit Enterprise<\/a> verf\u00fcgbar.<\/p>\n\n\n\n<h2 class=\"gb-text gb-text-dad592ee\"><strong>Was Data Brokerage bei Maptoolkit bedeutet<\/strong><\/h2>\n\n\n\n<p class=\"gb-text\">Data Brokerage ist eine praktische Zwischenschicht zwischen:<\/p>\n\n\n\n<ul class=\"wp-block-list\">\n<li><strong>Vorgelagerten Datenquellen<\/strong>: Open-Data-Portale, Datens\u00e4tze von Anbietern, kundenseitig bereitgestellte Dateien, \u00f6ffentliche Daten-Feeds<\/li>\n\n\n\n<li><strong>Ihrem gew\u00fcnschten Geo-Output<\/strong>: Kartenlayer, Vektorkartografie, Overlays und andere kartenf\u00e4hige Darstellungen<\/li>\n<\/ul>\n\n\n\n<p class=\"gb-text\">Ziel ist es, die Daten so zu transformieren und bereitzustellen, dass sie in realen Produkten nutzbar werden, \u00fcber die gehostete Auslieferung von Maptoolkit.<\/p>\n\n\n\n<h2 class=\"gb-text gb-text-5972eab9\"><strong>Wobei wir unterst\u00fctzen<\/strong><\/h2>\n\n\n\n<p class=\"gb-text\">Wir k\u00f6nnen an jedem Schritt eingebunden werden, der relevant daf\u00fcr ist, Daten auf einer Karte nutzbar zu machen:<\/p>\n\n\n\n<ul class=\"wp-block-list\">\n<li><strong>Quellenfindung<\/strong>: Wenn bekannt ist, was auf der Karte dargestellt werden soll, aber nicht, woher die Daten bezogen werden k\u00f6nnen, helfen wir bei der Identifikation und Bewertung geeigneter Quellen.<\/li>\n\n\n\n<li><strong>Compliance-Unterst\u00fctzung<\/strong>: Wir helfen dabei, Nutzungsbedingungen praktisch einzuordnen, kl\u00e4ren, welche Quellenangaben erforderlich sind, und unterst\u00fctzen bei einer rechtskonformen Integration.<\/li>\n\n\n\n<li><strong>Transformation in Geoformate<\/strong>: Datens\u00e4tze werden von uns so konvertiert und strukturiert, dass sie sich als Kartenlayer und Geo-Output gut verwenden lassen.<\/li>\n\n\n\n<li><strong>Hosting und Auslieferung<\/strong>: Das Ergebnis wird von uns gehostet, sodass Ihr Team es \u00fcber eine stabile API und fertige Kartenausgaben nutzen kann, ohne eigene Infrastruktur betreiben zu m\u00fcssen.<\/li>\n<\/ul>\n\n\n\n<h2 class=\"gb-text gb-text-4ca0d5d1\"><strong>Beispiele<\/strong><\/h2>\r\n\n\n\n<div class=\"gb-element-1cc5469f\">\n<div class=\"gb-element-bdca360f\">\n<img loading=\"lazy\" decoding=\"async\" width=\"1275\" height=\"875\" class=\"gb-media-a5e63eeb\" alt=\"\" title=\"Bergwelten Data Brokerage\" src=\"https:\/\/www.maptoolkit.com\/wp-content\/uploads\/2026\/02\/Bergwelten-Data-Brokerage-1.png\" srcset=\"https:\/\/www.maptoolkit.com\/wp-content\/uploads\/2026\/02\/Bergwelten-Data-Brokerage-1.png 1275w, https:\/\/www.maptoolkit.com\/wp-content\/uploads\/2026\/02\/Bergwelten-Data-Brokerage-1-300x206.png 300w, https:\/\/www.maptoolkit.com\/wp-content\/uploads\/2026\/02\/Bergwelten-Data-Brokerage-1-1024x703.png 1024w, https:\/\/www.maptoolkit.com\/wp-content\/uploads\/2026\/02\/Bergwelten-Data-Brokerage-1-768x527.png 768w\" sizes=\"auto, (max-width: 1275px) 100vw, 1275px\" \/>\r\n\n\n\n<h4 class=\"gb-text gb-text-60768b9c\"><strong>Webcams<\/strong><\/h4>\r\n\n\n\n<p class=\"gb-text gb-text-dddbb0ed\">F\u00fcr die Online-Tourenplattform <a href=\"https:\/\/www.bergwelten.com\/\">Bergwelten<\/a> wollte das Red Bull Media House Webcams an relevanten Standorten einbinden, damit Nutzer die aktuellen Bedingungen sehen k\u00f6nnen. Diese werden von <a href=\"https:\/\/www.windy.com\/\">Windy.com<\/a> bezogen und als Geodaten und Kartografie in der interaktiven Karte von Bergwelten dargestellt.<\/p>\n<\/div>\n\n\n\n<div class=\"gb-element-1cc83922\">\n<img loading=\"lazy\" decoding=\"async\" width=\"1295\" height=\"883\" class=\"gb-media-3d370e80\" alt=\"\" title=\"Stadtplan Wien Data Brokerage\" src=\"https:\/\/www.maptoolkit.com\/wp-content\/uploads\/2026\/02\/Stadtplan-Wien-Data-Brokerage-1.png\" srcset=\"https:\/\/www.maptoolkit.com\/wp-content\/uploads\/2026\/02\/Stadtplan-Wien-Data-Brokerage-1.png 1295w, https:\/\/www.maptoolkit.com\/wp-content\/uploads\/2026\/02\/Stadtplan-Wien-Data-Brokerage-1-300x205.png 300w, https:\/\/www.maptoolkit.com\/wp-content\/uploads\/2026\/02\/Stadtplan-Wien-Data-Brokerage-1-1024x698.png 1024w, https:\/\/www.maptoolkit.com\/wp-content\/uploads\/2026\/02\/Stadtplan-Wien-Data-Brokerage-1-768x524.png 768w\" sizes=\"auto, (max-width: 1295px) 100vw, 1295px\" \/>\r\n\n\n\n<h4 class=\"gb-text gb-text-e7fe4ff9\"><strong>Open Government Data<\/strong><\/h4>\r\n\n\n\n<p class=\"gb-text gb-text-10319ae7\">Die <a href=\"https:\/\/www.wien.gv.at\/\">Stadt Wien<\/a> wollte die detaillierten \u00f6ffentlichen Daten nutzen, die \u00fcber <a href=\"https:\/\/www.data.gv.at\/\">data.gv.at<\/a> ver\u00f6ffentlicht werden. Maptoolkit b\u00fcndelt die f\u00fcr Wien relevanten Daten und wandelt sie f\u00fcr die neue <a href=\"https:\/\/stadtplan.wien.gv.at\/\">interaktive Vollbild-Stadtkarte<\/a> in Vektorkartografie um.<\/p>\n<\/div>\n\n\n\n<div class=\"gb-element-c28e4263\">\n<img loading=\"lazy\" decoding=\"async\" width=\"1286\" height=\"855\" class=\"gb-media-d8b82261\" alt=\"\" title=\"Printmaps Data Brokerage\" src=\"https:\/\/www.maptoolkit.com\/wp-content\/uploads\/2026\/02\/Printmaps-Data-Brokerage.png\" srcset=\"https:\/\/www.maptoolkit.com\/wp-content\/uploads\/2026\/02\/Printmaps-Data-Brokerage.png 1286w, https:\/\/www.maptoolkit.com\/wp-content\/uploads\/2026\/02\/Printmaps-Data-Brokerage-300x199.png 300w, https:\/\/www.maptoolkit.com\/wp-content\/uploads\/2026\/02\/Printmaps-Data-Brokerage-1024x681.png 1024w, https:\/\/www.maptoolkit.com\/wp-content\/uploads\/2026\/02\/Printmaps-Data-Brokerage-768x511.png 768w\" sizes=\"auto, (max-width: 1286px) 100vw, 1286px\" \/>\r\n\n\n\n<h4 class=\"gb-text gb-text-296d05c9\"><strong>OpenStreetMap-Daten<\/strong><\/h4>\r\n\n\n\n<p class=\"gb-text gb-text-cd561be7\">F\u00fcr <a href=\"https:\/\/www.printmaps.net\/de\/\">Printmaps.net<\/a> sowie mehrere Kunden aggregieren wir POIs aus <a href=\"https:\/\/www.openstreetmap.org\/\">OpenStreetMap<\/a> und stellen sie in dem Format bereit, das das jeweilige Projekt ben\u00f6tigt. Bei Printmaps geschieht dies in Form einer Oberfl\u00e4che, \u00fcber die reale POIs einfach als Pins zu einer Karte hinzugef\u00fcgt werden k\u00f6nnen.<\/p>\n<\/div>\n\n\n\n<div class=\"gb-element-955d2278\">\n<img loading=\"lazy\" decoding=\"async\" width=\"1139\" height=\"753\" class=\"gb-media-d6c36c35\" alt=\"\" title=\"Compass-Gruppe Data Brokerage\" src=\"https:\/\/www.maptoolkit.com\/wp-content\/uploads\/2026\/02\/Compass-Gruppe-Data-Brokerage.png\" srcset=\"https:\/\/www.maptoolkit.com\/wp-content\/uploads\/2026\/02\/Compass-Gruppe-Data-Brokerage.png 1139w, https:\/\/www.maptoolkit.com\/wp-content\/uploads\/2026\/02\/Compass-Gruppe-Data-Brokerage-300x198.png 300w, https:\/\/www.maptoolkit.com\/wp-content\/uploads\/2026\/02\/Compass-Gruppe-Data-Brokerage-1024x677.png 1024w, https:\/\/www.maptoolkit.com\/wp-content\/uploads\/2026\/02\/Compass-Gruppe-Data-Brokerage-768x508.png 768w\" sizes=\"auto, (max-width: 1139px) 100vw, 1139px\" \/>\r\n\n\n\n<h4 class=\"gb-text gb-text-fe232121\"><strong>\u00d6ffentliche Fl\u00e4chenwidmungsdaten<\/strong><\/h4>\r\n\n\n\n<p class=\"gb-text gb-text-75d21ed0\">F\u00fcr <a href=\"https:\/\/www.firmenbuchgrundbuch.at\/\">firmenbuchgrundbuch.at<\/a>, den Online-Zugangsdienst der <a href=\"https:\/\/compass.at\/\">Compass-Gruppe<\/a> f\u00fcr offizielle \u00f6sterreichische Registerausz\u00fcge, wurde Maptoolkit damit beauftragt, s\u00e4mtliche \u00f6sterreichischen Grundst\u00fccks- und Fl\u00e4chenwidmungsdaten aus 9 verschiedenen Quellen zu aggregieren.<\/p>\n<\/div>\n\n\n\n<div class=\"gb-element-c61d798a\">\n<img loading=\"lazy\" decoding=\"async\" width=\"992\" height=\"676\" class=\"gb-media-32193387\" alt=\"\" title=\"mein.toubiz Data Brokerage\" src=\"https:\/\/www.maptoolkit.com\/wp-content\/uploads\/2026\/02\/mein.toubiz-Data-Brokerage-1-e1771855348351.png\" srcset=\"https:\/\/www.maptoolkit.com\/wp-content\/uploads\/2026\/02\/mein.toubiz-Data-Brokerage-1-e1771855348351.png 992w, https:\/\/www.maptoolkit.com\/wp-content\/uploads\/2026\/02\/mein.toubiz-Data-Brokerage-1-e1771855348351-300x204.png 300w, https:\/\/www.maptoolkit.com\/wp-content\/uploads\/2026\/02\/mein.toubiz-Data-Brokerage-1-e1771855348351-768x523.png 768w\" sizes=\"auto, (max-width: 992px) 100vw, 992px\" \/>\r\n\n\n\n<h4 class=\"gb-text gb-text-8b8a33c3\"><strong>\u00d6ffentliches Stra\u00dfennetz<\/strong><\/h4>\n\n\n\n<p class=\"gb-text gb-text-6b03c631\">Die touristische DMS-Plattform <a href=\"https:\/\/www.land-in-sicht.de\/\">mein.toubiz<\/a> wollte das deutsche Stra\u00dfennetz sowie Fahrradknotenpunkte aus mehreren staatlichen Open-Data-Quellen integrieren. Maptoolkit f\u00fchrt diese Quellen in einer einheitlichen Vektorkartografie zusammen, die im Routeneditor von mein.toubiz dargestellt wird.<\/p>\n<\/div>\n\n\n\n<div class=\"gb-element-7a411733\">\n<img loading=\"lazy\" decoding=\"async\" width=\"1143\" height=\"781\" class=\"gb-media-aa13ff8a\" alt=\"\" title=\"Weather Data Brokerage\" src=\"https:\/\/www.maptoolkit.com\/wp-content\/uploads\/2026\/02\/Weather-Data-Brokerage.png\" srcset=\"https:\/\/www.maptoolkit.com\/wp-content\/uploads\/2026\/02\/Weather-Data-Brokerage.png 1143w, https:\/\/www.maptoolkit.com\/wp-content\/uploads\/2026\/02\/Weather-Data-Brokerage-300x205.png 300w, https:\/\/www.maptoolkit.com\/wp-content\/uploads\/2026\/02\/Weather-Data-Brokerage-1024x700.png 1024w, https:\/\/www.maptoolkit.com\/wp-content\/uploads\/2026\/02\/Weather-Data-Brokerage-768x525.png 768w\" sizes=\"auto, (max-width: 1143px) 100vw, 1143px\" \/>\r\n\n\n\n<h4 class=\"gb-text gb-text-4b436db2\"><strong>Wetterdaten<\/strong><\/h4>\r\n\n\n\n<p class=\"gb-text gb-text-db124a9d\">Mehrere bestehende Kunden hatten Bedarf an prognostischen Wetterdaten. Als Reaktion darauf hat Maptoolkit die <a href=\"\/de\/api\/wetter-api\/\">Wetter API<\/a> entwickelt. Diese API ruft in regelm\u00e4\u00dfigen Abst\u00e4nden ver\u00f6ffentlichte Open-Data-Textdateien ab, transformiert die Inhalte in eine nutzbare Struktur und stellt das Ergebnis als kartenf\u00e4higen Vektor-Output bereit.<\/p>\n<\/div>\n<\/div>\n<\/div>\n<div class=\"gb-container gb-container-2e66af5b gbp-section\">\n\n<h2 class=\"gb-headline gb-headline-8c726164 gb-headline-text\">Unser Preismodell<\/h2>\r\n\n\n<div class=\"gb-container gb-container-dd948cd5\">\n<div class=\"gb-container gb-container-e628e053\">\n<div class=\"gb-container gb-container-a22c4532\">\n\n<figure class=\"gb-block-image gb-block-image-303593ca\"><img loading=\"lazy\" decoding=\"async\" width=\"1536\" height=\"1024\" class=\"gb-image gb-image-303593ca\" src=\"https:\/\/www.maptoolkit.com\/wp-content\/uploads\/2025\/04\/Pricing-Gradient.png\" alt=\"\" title=\"Pricing Gradient\" srcset=\"https:\/\/www.maptoolkit.com\/wp-content\/uploads\/2025\/04\/Pricing-Gradient.png 1536w, https:\/\/www.maptoolkit.com\/wp-content\/uploads\/2025\/04\/Pricing-Gradient-300x200.png 300w, https:\/\/www.maptoolkit.com\/wp-content\/uploads\/2025\/04\/Pricing-Gradient-1024x683.png 1024w, https:\/\/www.maptoolkit.com\/wp-content\/uploads\/2025\/04\/Pricing-Gradient-768x512.png 768w\" sizes=\"auto, (max-width: 1536px) 100vw, 1536px\" \/><\/figure>\r\n\n<\/div>\n\n<div class=\"gb-container gb-container-18861ea6\">\n\n<p class=\"gb-headline gb-headline-efe27d06 gb-headline-text\"><strong>Flexible Preisgestaltung, die sich Ihren Anforderungen anpasst<br><\/strong>Starten Sie mit unserer kostenlosen Stufe, zahlen Sie bei wachsendem Bedarf pro Anfrage \u00fcber RapidAPI oder w\u00e4hlen Sie eine Enterprise-Lizenz f\u00fcr vollen Zugriff.<\/p>\r\n\n<\/div>\n<\/div>\n\n<div class=\"gb-container gb-container-f743df99\">\n\n<a class=\"gb-button gb-button-d88b3291 gb-button-text gbp-button--primary\" href=\"https:\/\/www.maptoolkit.com\/de\/preise\/\">Siehe unsere <br>Preistabelle<\/a>\r\n\n<\/div>\n<\/div>\n<\/div><div class=\"gb-container gb-container-bc3f6145\">\n<div class=\"gb-container gb-container-e0ab9dd7\">\n\n<h2 class=\"gb-headline gb-headline-c593864c gb-headline-text\"><strong>Wir beraten Sie pers\u00f6nlich<\/strong><\/h2>\r\n\n\n\n<hr class=\"wp-block-separator has-text-color has-alpha-channel-opacity has-background is-style-default\" style=\"background-color:#c3c3c3;color:#c3c3c3\"\/>\n\n\n<div class=\"gb-container gb-container-30f9a422\">\n<div class=\"gb-container gb-container-d1b3811f\">\n\n<figure class=\"gb-block-image gb-block-image-fcc53e52\"><img loading=\"lazy\" decoding=\"async\" width=\"300\" height=\"300\" class=\"gb-image gb-image-fcc53e52\" src=\"https:\/\/www.maptoolkit.com\/wp-content\/uploads\/2020\/02\/PeterH_LUX_0871@lisalux1_square-300x300.jpg\" alt=\"\" title=\"PeterH_LUX_0871@lisalux1_square\" srcset=\"https:\/\/www.maptoolkit.com\/wp-content\/uploads\/2020\/02\/PeterH_LUX_0871@lisalux1_square-300x300.jpg 300w, https:\/\/www.maptoolkit.com\/wp-content\/uploads\/2020\/02\/PeterH_LUX_0871@lisalux1_square-150x150.jpg 150w, https:\/\/www.maptoolkit.com\/wp-content\/uploads\/2020\/02\/PeterH_LUX_0871@lisalux1_square-146x146.jpg 146w, https:\/\/www.maptoolkit.com\/wp-content\/uploads\/2020\/02\/PeterH_LUX_0871@lisalux1_square-50x50.jpg 50w, https:\/\/www.maptoolkit.com\/wp-content\/uploads\/2020\/02\/PeterH_LUX_0871@lisalux1_square-75x75.jpg 75w, https:\/\/www.maptoolkit.com\/wp-content\/uploads\/2020\/02\/PeterH_LUX_0871@lisalux1_square-85x85.jpg 85w, https:\/\/www.maptoolkit.com\/wp-content\/uploads\/2020\/02\/PeterH_LUX_0871@lisalux1_square-80x80.jpg 80w, https:\/\/www.maptoolkit.com\/wp-content\/uploads\/2020\/02\/PeterH_LUX_0871@lisalux1_square.jpg 387w\" sizes=\"auto, (max-width: 300px) 100vw, 300px\" \/><\/figure>\r\n\n<\/div>\n\n<div class=\"gb-container gb-container-97a801dd\">\n\n<p class=\"has-text-color has-link-color wp-elements-9baf76a7ae05be2909cab9f7aec274d6\" style=\"color:#595959\">Mein Name ist Peter H\u00f6flehner und ich werde Ihr<br\/>Projekt- und Key Account-Manager sein.<\/p>\n\n\n\n<a class=\"gb-button gb-button-d3a3b162 gb-button-text gbp-button--primary\" href=\"tel:+436641308111\">Handy +43 664 1308111<\/a>\r\n\n\n\n<a class=\"gb-button gb-button-ca57bc22 gb-button-text gbp-button--primary\" href=\"mailto:peter@maptoolkit.com\">peter@maptoolkit.com<\/a>\r\n\n<\/div>\n<\/div>\n<\/div>\n<\/div>","protected":false},"excerpt":{"rendered":"<p>Data Brokerage Verwandeln Sie jeden Datensatz in kartenf\u00e4higen Geo-Output, gehostet von Maptoolkit Data Brokerage ist die Art und Weise, wie &#8230; <\/p>\n<p class=\"read-more-container\"><a title=\"Data Brokerage\" class=\"read-more button\" href=\"https:\/\/www.maptoolkit.com\/de\/api\/data-brokerage\/#more-6387\" aria-label=\"Mehr Informationen \u00fcber Data Brokerage\">Weiterlesen &#8230;<\/a><\/p>\n","protected":false},"author":8,"featured_media":0,"parent":1925,"menu_order":0,"comment_status":"closed","ping_status":"closed","template":"","meta":{"footnotes":""},"class_list":["post-6387","page","type-page","status-publish"],"_links":{"self":[{"href":"https:\/\/www.maptoolkit.com\/de\/wp-json\/wp\/v2\/pages\/6387","targetHints":{"allow":["GET"]}}],"collection":[{"href":"https:\/\/www.maptoolkit.com\/de\/wp-json\/wp\/v2\/pages"}],"about":[{"href":"https:\/\/www.maptoolkit.com\/de\/wp-json\/wp\/v2\/types\/page"}],"author":[{"embeddable":true,"href":"https:\/\/www.maptoolkit.com\/de\/wp-json\/wp\/v2\/users\/8"}],"replies":[{"embeddable":true,"href":"https:\/\/www.maptoolkit.com\/de\/wp-json\/wp\/v2\/comments?post=6387"}],"version-history":[{"count":1,"href":"https:\/\/www.maptoolkit.com\/de\/wp-json\/wp\/v2\/pages\/6387\/revisions"}],"predecessor-version":[{"id":6388,"href":"https:\/\/www.maptoolkit.com\/de\/wp-json\/wp\/v2\/pages\/6387\/revisions\/6388"}],"up":[{"embeddable":true,"href":"https:\/\/www.maptoolkit.com\/de\/wp-json\/wp\/v2\/pages\/1925"}],"wp:attachment":[{"href":"https:\/\/www.maptoolkit.com\/de\/wp-json\/wp\/v2\/media?parent=6387"}],"curies":[{"name":"wp","href":"https:\/\/api.w.org\/{rel}","templated":true}]}}